{"id":2730,"date":"2021-11-03T13:48:40","date_gmt":"2021-11-03T12:48:40","guid":{"rendered":"https:\/\/www.flyingstreet.art\/technik\/fester-haengepunkt\/"},"modified":"2025-01-13T15:17:16","modified_gmt":"2025-01-13T14:17:16","slug":"fester-haengepunkt","status":"publish","type":"page","link":"https:\/\/www.flyingstreet.art\/de\/technik\/fester-haengepunkt\/","title":{"rendered":"Fester H\u00e4ngepunkt"},"content":{"rendered":"\n\t<div id=\"gap-1941719659\" class=\"gap-element clearfix\" style=\"display:block; height:auto;\">\n\t\t\n<style>\n#gap-1941719659 {\n  padding-top: 30px;\n}\n<\/style>\n\t<\/div>\n\t\n\n  <div id=\"page-header-1914609415\" class=\"page-header-wrapper\">\n  <div class=\"page-title dark normal-title has-parallax box-shadow-2\">\n\n    \n    <div class=\"page-title-inner container align-center flex-row medium-flex-wrap\" >\n              <div class=\"title-wrapper flex-col text-left medium-text-center\">\n          <h1 class=\"entry-title mb-0\">\n            Fester H\u00e4ngepunkt          <\/h1>\n        <\/div>\n                    <div class=\"title-content flex-col flex-right text-right medium-text-center\">\n        <ul class=\"nav sm-touch-scroll nav-size-large nav-line-bottom nav-uppercase text-left nav-left\"><li class=\"nav-single-page hidden\"><\/li><\/ul>      <\/div>\n    <\/div>\n\n     \n<style>\n#page-header-1914609415 .title-overlay {\n  background-color: rgba(17, 50, 196, 0.5);\n}\n#page-header-1914609415 .title-bg {\n  background-position: 54% 58%;\n}\n<\/style>\n  <\/div>\n    <\/div>\n  \n\n\n\t<section class=\"section\" id=\"section_338300798\">\n\t\t<div class=\"section-bg fill\" >\n\t\t\t\t\t\t\t\t\t<div class=\"section-bg-overlay absolute fill\"><\/div>\n\t\t\t\n\t<div class=\"is-border\"\n\t\tstyle=\"border-color:rgb(235, 235, 235);border-width:0px 0px 0px 0px;\">\n\t<\/div>\n\n\t\t<\/div>\n\n\t\t\n\n\t\t<div class=\"section-content relative\">\n\t\t\t\n\n\n  <div class=\"banner has-hover\" id=\"banner-1023266\">\n          <div class=\"banner-inner fill\">\n        <div class=\"banner-bg fill\" >\n            <img loading=\"lazy\" decoding=\"async\" width=\"1020\" height=\"765\" src=\"https:\/\/www.flyingstreet.art\/wp-content\/uploads\/2020\/01\/image00018-1067x800.jpeg\" class=\"bg attachment-large size-large\" alt=\"Luftartistik auf dem Lollapalooza\" \/>                                    \n                    <\/div>\n\t\t\n        <div class=\"banner-layers container\">\n            <div class=\"fill banner-link\"><\/div>            \n\n\n        <\/div>\n      <\/div>\n\n            \n<style>\n#banner-1023266 {\n  padding-top: 300px;\n}\n#banner-1023266 .banner-bg img {\n  object-position: 47% 59%;\n}\n<\/style>\n  <\/div>\n\n\n<div class=\"row\"  id=\"row-1622138333\">\n\n\n\t<div id=\"col-2061439072\" class=\"col small-12 large-12\"  >\n\t\t\t\t<div class=\"col-inner\"  >\n\t\t\t\n\t\t\t\n\n<h2 style=\"text-align: left;\">Fester H\u00e4ngepunkt f\u00fcr Luftakrobatik<\/h2>\n<p style=\"text-align: left;\">Der H\u00e4ngepunkt ist ein Punkt, an dem die Ausr\u00fcstung befestigt wird, in diesem Beispiel ein Tuch. Der Punkt muss ein fester Konstruktionsbalken sein, der eine Mindestbelastung von 400 kg pro K\u00fcnstler standh\u00e4lt.<br \/>Wenn ein Traverse verwendet wird, sollte diese an den Hauptkonstruktionstr\u00e4gern oder -punkten aufgeh\u00e4ngt oder befestigt werden oder Teil einer Traversenstruktur sein, die um die B\u00fchne herum aufgebaut ist. Wenn die Traverse aufgeh\u00e4ngt w\u00e4re, m\u00fcsste sie in einem 45-Grad-Winkel zu den W\u00e4nden oder zum Boden abgespannt werden, um einen festen, nicht beweglichen Punkt zu schaffen.<\/p>\n<p style=\"text-align: left;\">Eine Scherenhebeb\u00fchne oder Leiter muss verf\u00fcgbar sein, um den H\u00e4ngepunkt zur Aufh\u00e4ngung des Luftequipments zu erreichen. Nach dem Auftritt muss es m\u00e4glich sein, das Luftequipment (zum Beispiel: Tuch) wieder abzubauen.<\/p>\n<p style=\"text-align: left;\"><strong>B\u00fchne<\/strong><br \/>Im Spielbereich d\u00fcrfen keine losen Gegenst\u00e4nde h\u00e4ngen. Alle h\u00e4ngenden Gegenst\u00e4nde und Apperaturen m\u00fcssen ordnungsgem\u00e4\u00df gesichert werden. Sollte sich der H\u00e4ngepunkt an einer Traverse befinden, muss diese frei von anderen Gegenst\u00e4nden sein. Jeder H\u00e4ngepunkt hat mindestens eine 4m x 4m freie Spielfl\u00e4che unter sich.<\/p>\n<p class=\"p1\"><span class=\"s1\"><strong>Allgemeines<\/strong><br \/><\/span><span class=\"s1\">Ein qualifizierter Techniker oder eine Person mit den entsprechenden Qualifikationen, Kenntnissen und Erfahrungen, muss die Konstruktion des erforderlichen H\u00e4ngepunkts oder Traversensystem aufbauen\/einh\u00e4ngen und sicherstellen, dass alle verwendeten Anschlagpunkte gem\u00e4\u00df den Konstruktionsrichtlinien abgesichert sind.<\/span><\/p>\n<p class=\"p1\"><span class=\"s1\">Alle zum Bau des H\u00e4ngepunktes verwendeten Ger\u00e4te m\u00fcssen ordnungsgem\u00e4\u00df gewartet und regelm\u00e4\u00dfig \u00fcberpr\u00fcft werden (z. B. Traversen, Gelenke, Leitern, Scherenhebeb\u00fchne, Takelage, Seile \u2026).<\/span><\/p>\n<p class=\"p1\"><span class=\"s1\">Der Luftartistin muss vor den Proben (mit ausreichend Zeit f\u00fcr etwaige Sicherheitsbedenken) Zugang zur Inspektion des bereitgestellten H\u00e4ngepunktes gew\u00e4hrleistet werden.<\/span><\/p>\n\n\t\t<\/div>\n\t\t\t\t\t<\/div>\n\n\t\n\n\n<style>\n#row-1622138333 > .col > .col-inner {\n  padding: 0px 15px 0px 15px;\n}\n<\/style>\n<\/div>\n<a href=\"https:\/\/www.sol-air.nl\/wp-content\/uploads\/2021\/04\/Technische-Rider-SO-Trapeze-Stellage.pdf\" target=\"_blank\" class=\"button primary\" rel=\"noopener\" >\n\t\t<span>Download: Technischer Rider (.pdf )<\/span>\n\t<\/a>\n\n\n\n\t\t<\/div>\n\n\t\t\n<style>\n#section_338300798 {\n  padding-top: 0px;\n  padding-bottom: 0px;\n  min-height: 300px;\n}\n#section_338300798 .section-bg-overlay {\n  background-color: rgba(17, 50, 196, 0.5);\n}\n<\/style>\n\t<\/section>\n\t\n\t<div id=\"gap-1124201509\" class=\"gap-element clearfix\" style=\"display:block; height:auto;\">\n\t\t\n<style>\n#gap-1124201509 {\n  padding-top: 30px;\n}\n<\/style>\n\t<\/div>\n\t\n\n\n","protected":false},"excerpt":{"rendered":"","protected":false},"author":1,"featured_media":2603,"parent":2717,"menu_order":0,"comment_status":"closed","ping_status":"closed","template":"","meta":{"content-type":"","_monsterinsights_skip_tracking":false,"_monsterinsights_sitenote_active":false,"_monsterinsights_sitenote_note":"","_monsterinsights_sitenote_category":0,"ngg_post_thumbnail":0,"footnotes":""},"class_list":["post-2730","page","type-page","status-publish","has-post-thumbnail","hentry"],"aioseo_notices":[],"_links":{"self":[{"href":"https:\/\/www.flyingstreet.art\/de\/wp-json\/wp\/v2\/pages\/2730","targetHints":{"allow":["GET"]}}],"collection":[{"href":"https:\/\/www.flyingstreet.art\/de\/wp-json\/wp\/v2\/pages"}],"about":[{"href":"https:\/\/www.flyingstreet.art\/de\/wp-json\/wp\/v2\/types\/page"}],"author":[{"embeddable":true,"href":"https:\/\/www.flyingstreet.art\/de\/wp-json\/wp\/v2\/users\/1"}],"replies":[{"embeddable":true,"href":"https:\/\/www.flyingstreet.art\/de\/wp-json\/wp\/v2\/comments?post=2730"}],"version-history":[{"count":6,"href":"https:\/\/www.flyingstreet.art\/de\/wp-json\/wp\/v2\/pages\/2730\/revisions"}],"predecessor-version":[{"id":4402,"href":"https:\/\/www.flyingstreet.art\/de\/wp-json\/wp\/v2\/pages\/2730\/revisions\/4402"}],"up":[{"embeddable":true,"href":"https:\/\/www.flyingstreet.art\/de\/wp-json\/wp\/v2\/pages\/2717"}],"wp:featuredmedia":[{"embeddable":true,"href":"https:\/\/www.flyingstreet.art\/de\/wp-json\/wp\/v2\/media\/2603"}],"wp:attachment":[{"href":"https:\/\/www.flyingstreet.art\/de\/wp-json\/wp\/v2\/media?parent=2730"}],"curies":[{"name":"wp","href":"https:\/\/api.w.org\/{rel}","templated":true}]}}