{"id":2728,"date":"2021-03-24T20:26:47","date_gmt":"2021-03-24T19:26:47","guid":{"rendered":"https:\/\/www.flyingstreet.art\/technik\/trapezgeruest\/"},"modified":"2025-01-13T09:09:46","modified_gmt":"2025-01-13T08:09:46","slug":"trapezgeruest","status":"publish","type":"page","link":"https:\/\/www.flyingstreet.art\/de\/technik\/trapezgeruest\/","title":{"rendered":"Trapezger\u00fcst"},"content":{"rendered":"\n\t<div id=\"gap-922477049\" class=\"gap-element clearfix\" style=\"display:block; height:auto;\">\n\t\t\n<style>\n#gap-922477049 {\n  padding-top: 30px;\n}\n<\/style>\n\t<\/div>\n\t\n\n  <div id=\"page-header-1914814653\" class=\"page-header-wrapper\">\n  <div class=\"page-title dark normal-title has-parallax box-shadow-2\">\n\n        <div class=\"page-title-bg\">\n      <div class=\"title-bg fill bg-fill\"\n        data-parallax-container=\".page-title\"\n        data-parallax-background\n        data-parallax=\"-6\">\n      <\/div>\n      <div class=\"title-overlay fill\"><\/div>\n    <\/div>\n    \n    <div class=\"page-title-inner container align-center flex-row medium-flex-wrap\" >\n              <div class=\"title-wrapper flex-col text-left medium-text-center\">\n          <h1 class=\"entry-title mb-0\">\n            Trapezger\u00fcst          <\/h1>\n        <\/div>\n                    <div class=\"title-content flex-col flex-right text-right medium-text-center\">\n        <ul class=\"nav sm-touch-scroll nav-size-large nav-line-bottom nav-uppercase text-left nav-left\"><li class=\"nav-single-page hidden\"><\/li><\/ul>      <\/div>\n    <\/div>\n\n     \n<style>\n#page-header-1914814653 .title-bg {\n  background-image: url(https:\/\/www.flyingstreet.art\/wp-content\/uploads\/2024\/01\/website-header-3-1-scaled.jpeg);\n  background-position: 54% 58%;\n}\n<\/style>\n  <\/div>\n    <\/div>\n  \n\n\n\t<section class=\"section\" id=\"section_2110520768\">\n\t\t<div class=\"section-bg fill\" >\n\t\t\t\t\t\t\t\t\t<div class=\"section-bg-overlay absolute fill\"><\/div>\n\t\t\t\n\t<div class=\"is-border\"\n\t\tstyle=\"border-color:rgb(235, 235, 235);border-width:0px 0px 0px 0px;\">\n\t<\/div>\n\n\t\t<\/div>\n\n\t\t\n\n\t\t<div class=\"section-content relative\">\n\t\t\t\n\n\n  <div class=\"banner has-hover\" id=\"banner-1470930691\">\n          <div class=\"banner-inner fill\">\n        <div class=\"banner-bg fill\" >\n            <img loading=\"lazy\" decoding=\"async\" width=\"1020\" height=\"767\" src=\"https:\/\/www.flyingstreet.art\/wp-content\/uploads\/2023\/03\/Screenshot-2023-03-29-at-15.24.01-1064x800.png\" class=\"bg attachment-large size-large\" alt=\"\" \/>                                    \n                    <\/div>\n\t\t\n        <div class=\"banner-layers container\">\n            <div class=\"fill banner-link\"><\/div>            \n\n\n        <\/div>\n      <\/div>\n\n            \n<style>\n#banner-1470930691 {\n  padding-top: 300px;\n}\n#banner-1470930691 .banner-bg img {\n  object-position: 49% 28%;\n}\n<\/style>\n  <\/div>\n\n\n<div class=\"row\"  id=\"row-540450921\">\n\n\n\t<div id=\"col-450170968\" class=\"col small-12 large-12\"  >\n\t\t\t\t<div class=\"col-inner\"  >\n\t\t\t\n\t\t\t\n\n<h2 style=\"text-align: left;\"><strong>Freistehendes Trapezger\u00fcst<\/strong><\/h2>\n<p>Flying Street Art bietet zwei freistehende Trapezger\u00fcste, die ideal f\u00fcr Luftakrobatik geeignet sind. Beide Ger\u00fcste verf\u00fcgen \u00fcber die erforderlichen statischen Berechnungen und sind versichert. Mit einer H\u00f6he von 7 bis 8 Metern und einer Grundfl\u00e4che von 7 Metern in Form eines gleichseitigen Dreiecks bieten sie eine stabile und flexible Grundlage f\u00fcr beeindruckende Performances. Eine Verankerung im Boden ist dank der freistehenden Konstruktion nicht n\u00f6tig.<\/p>\n<p><strong>Traversenger\u00fcst<\/strong><br \/>Das Traversenger\u00fcst dient als B\u00fchne f\u00fcr unsere Stra\u00dfentheaterprogramme wie <a href=\"https:\/\/www.flyingstreet.art\/de\/acts\/skylines\/\"><em>Sky Lines<\/em><\/a>, <a href=\"https:\/\/www.flyingstreet.art\/de\/acts\/der-fliegende-koffer\/\"><em>Der Fliegende Koffer<\/em><\/a>, <a href=\"https:\/\/www.flyingstreet.art\/de\/acts\/tendance-holiday\/\"><em>Tendance Holiday<\/em><\/a> und <a href=\"https:\/\/www.flyingstreet.art\/de\/acts\/the-sassy-jassy-sisters\/\"><em>The Sassy Jassy Sisters<\/em><\/a>. Der Aufbau ist aufwendig und dauert etwa 1,5 Stunden, daf\u00fcr bietet es eine professionelle Plattform f\u00fcr vielseitige Darbietungen.<\/p>\n<p><strong>Solo-Ger\u00fcst<\/strong><br \/>Das Solo-Ger\u00fcst zeichnet sich durch seine einfache Konstruktion und schnelle Einsatzbereitschaft aus. Der Aufbau dauert weniger als 20 Minuten, da es aus einfachen Stangen besteht und leicht zu transportieren ist. Es wird f\u00fcr Luftartistik-Performances mit <a href=\"https:\/\/www.flyingstreet.art\/de\/acts\/magnolia\/\"><em>Tuch-Trapez<\/em><\/a>, Vertikaltuch oder <a href=\"https:\/\/www.flyingstreet.art\/de\/acts\/licht-ring\/\">Luftring<\/a>. genutzt und ist perfekt f\u00fcr kleinere oder mobile Auff\u00fchrungen geeignet.<\/p>\n\n\t\t<\/div>\n\t\t\t\t\t<\/div>\n\n\t\n\n\n<style>\n#row-540450921 > .col > .col-inner {\n  padding: 0px 15px 0px 15px;\n}\n<\/style>\n<\/div>\n<a href=\"https:\/\/www.flyingstreet.art\/wp-content\/uploads\/2025\/01\/2025-Technischer-Rider-Freistehendes-Trapeze-Gerust-1.pdf\" target=\"_blank\" class=\"button primary\" rel=\"noopener\" >\n\t\t<span>Rider Traversenger\u00fcst (.pdf )<\/span>\n\t<\/a>\n\n\n<a href=\"https:\/\/www.flyingstreet.art\/wp-content\/uploads\/2025\/01\/SoloGerust-Technischer-Rider.pdf\" target=\"_blank\" class=\"button primary\" rel=\"noopener\" >\n\t\t<span>Rider Solo-Ger\u00fcst (.pdf )<\/span>\n\t<\/a>\n\n\n\n\t\t<\/div>\n\n\t\t\n<style>\n#section_2110520768 {\n  padding-top: 0px;\n  padding-bottom: 0px;\n  min-height: 300px;\n}\n#section_2110520768 .section-bg-overlay {\n  background-color: rgba(17, 50, 196, 0.5);\n}\n<\/style>\n\t<\/section>\n\t\n\t<div id=\"gap-1313405067\" class=\"gap-element clearfix\" style=\"display:block; height:auto;\">\n\t\t\n<style>\n#gap-1313405067 {\n  padding-top: 30px;\n}\n<\/style>\n\t<\/div>\n\t\n\n\n","protected":false},"excerpt":{"rendered":"","protected":false},"author":1,"featured_media":2643,"parent":2717,"menu_order":0,"comment_status":"closed","ping_status":"closed","template":"","meta":{"content-type":"","_monsterinsights_skip_tracking":false,"_monsterinsights_sitenote_active":false,"_monsterinsights_sitenote_note":"","_monsterinsights_sitenote_category":0,"ngg_post_thumbnail":0,"footnotes":""},"class_list":["post-2728","page","type-page","status-publish","has-post-thumbnail","hentry"],"aioseo_notices":[],"_links":{"self":[{"href":"https:\/\/www.flyingstreet.art\/de\/wp-json\/wp\/v2\/pages\/2728","targetHints":{"allow":["GET"]}}],"collection":[{"href":"https:\/\/www.flyingstreet.art\/de\/wp-json\/wp\/v2\/pages"}],"about":[{"href":"https:\/\/www.flyingstreet.art\/de\/wp-json\/wp\/v2\/types\/page"}],"author":[{"embeddable":true,"href":"https:\/\/www.flyingstreet.art\/de\/wp-json\/wp\/v2\/users\/1"}],"replies":[{"embeddable":true,"href":"https:\/\/www.flyingstreet.art\/de\/wp-json\/wp\/v2\/comments?post=2728"}],"version-history":[{"count":11,"href":"https:\/\/www.flyingstreet.art\/de\/wp-json\/wp\/v2\/pages\/2728\/revisions"}],"predecessor-version":[{"id":4396,"href":"https:\/\/www.flyingstreet.art\/de\/wp-json\/wp\/v2\/pages\/2728\/revisions\/4396"}],"up":[{"embeddable":true,"href":"https:\/\/www.flyingstreet.art\/de\/wp-json\/wp\/v2\/pages\/2717"}],"wp:featuredmedia":[{"embeddable":true,"href":"https:\/\/www.flyingstreet.art\/de\/wp-json\/wp\/v2\/media\/2643"}],"wp:attachment":[{"href":"https:\/\/www.flyingstreet.art\/de\/wp-json\/wp\/v2\/media?parent=2728"}],"curies":[{"name":"wp","href":"https:\/\/api.w.org\/{rel}","templated":true}]}}