{"id":2724,"date":"2021-03-24T22:19:47","date_gmt":"2021-03-24T21:19:47","guid":{"rendered":"https:\/\/www.flyingstreet.art\/technik\/beweglicher-haengepunkt\/"},"modified":"2025-01-13T08:18:05","modified_gmt":"2025-01-13T07:18:05","slug":"beweglicher-haengepunkt","status":"publish","type":"page","link":"https:\/\/www.flyingstreet.art\/de\/technik\/beweglicher-haengepunkt\/","title":{"rendered":"Beweglicher H\u00e4ngepunkt"},"content":{"rendered":"\n\t<div id=\"gap-979480886\" class=\"gap-element clearfix\" style=\"display:block; height:auto;\">\n\t\t\n<style>\n#gap-979480886 {\n  padding-top: 30px;\n}\n<\/style>\n\t<\/div>\n\t\n\n  <div id=\"page-header-1841710452\" class=\"page-header-wrapper\">\n  <div class=\"page-title dark normal-title has-parallax box-shadow-2\">\n\n        <div class=\"page-title-bg\">\n      <div class=\"title-bg fill bg-fill\"\n        data-parallax-container=\".page-title\"\n        data-parallax-background\n        data-parallax=\"-6\">\n      <\/div>\n      <div class=\"title-overlay fill\"><\/div>\n    <\/div>\n    \n    <div class=\"page-title-inner container align-center flex-row medium-flex-wrap\" >\n              <div class=\"title-wrapper flex-col text-left medium-text-center\">\n          <h1 class=\"entry-title mb-0\">\n            Beweglicher H\u00e4ngepunkt          <\/h1>\n        <\/div>\n                <div class=\"page-title-sub op-7 flex-col ml medium-text-center\">\n          <p class=\"lead\">Motorzug, Winde oder Kran<\/p>\n        <\/div>\n                    <div class=\"title-content flex-col flex-right text-right medium-text-center\">\n        <ul class=\"nav sm-touch-scroll nav-size-large nav-line-bottom nav-uppercase text-left nav-left\"><li class=\"nav-single-page hidden\"><\/li><\/ul>      <\/div>\n    <\/div>\n\n     \n<style>\n#page-header-1841710452 .title-bg {\n  background-image: url(https:\/\/www.flyingstreet.art\/wp-content\/uploads\/2024\/01\/website-header-3-1-scaled.jpeg);\n  background-position: 54% 58%;\n}\n<\/style>\n  <\/div>\n    <\/div>\n  \n\n\n\t<section class=\"section\" id=\"section_61892861\">\n\t\t<div class=\"section-bg fill\" >\n\t\t\t\t\t\t\t\t\t<div class=\"section-bg-overlay absolute fill\"><\/div>\n\t\t\t\n\n\t\t<\/div>\n\n\t\t\n\n\t\t<div class=\"section-content relative\">\n\t\t\t\n\n\n  <div class=\"banner has-hover\" id=\"banner-2074197597\">\n          <div class=\"banner-inner fill\">\n        <div class=\"banner-bg fill\" >\n            <img loading=\"lazy\" decoding=\"async\" width=\"1020\" height=\"680\" src=\"https:\/\/www.flyingstreet.art\/wp-content\/uploads\/2021\/03\/IMG_2941-1200x800.jpg\" class=\"bg attachment-large size-large\" alt=\"\" \/>                                    \n                    <\/div>\n\t\t\n        <div class=\"banner-layers container\">\n            <div class=\"fill banner-link\"><\/div>            \n\n\n        <\/div>\n      <\/div>\n\n            \n<style>\n#banner-2074197597 {\n  padding-top: 300px;\n}\n#banner-2074197597 .banner-bg img {\n  object-position: 52% 75%;\n}\n<\/style>\n  <\/div>\n\n\n<div class=\"row\"  id=\"row-1208075201\">\n\n\n\t<div id=\"col-563879261\" class=\"col small-12 large-12\"  >\n\t\t\t\t<div class=\"col-inner\"  >\n\t\t\t\n\t\t\t\n\n<p>Ein mobiler H\u00e4ngepunkt kann ein Kran oder ein Motorzug mit Haken als Anschlagmittel sein. Beide werden von einem Dritten, einem Kranf\u00fchrer oder einem Techniker, bedient. Damit die Auff\u00fchrung reibungslos ablaufen kann, m\u00fcssen die zeitlichen Abl\u00e4ufe des Auftrittes vor Beginn geprobt werden. Idealerweise ist derjenige, der bei den Proben anwesend ist, auch w\u00e4hrend der Auff\u00fchrung verantwortlich.<\/p>\n<h2 class=\"p1\"><span class=\"s1\">Kran<\/span><\/h2>\n<p>Es gibt viele &nbsp;Kr\u00e4ne, die f\u00fcr Luftartistik verwendet werden k\u00f6nnen. Je nach Spielh\u00f6he kommen unterschiedliche Kr\u00e4ne zum Einsatz.&nbsp;<\/p>\n<p>Kr\u00e4ne k\u00f6nnen Bau- oder Hebekrane oder auch Teleskop- oder Turmdrehkr\u00e4ne mit oder ohne Evenar sein.<\/p>\n<h2>Motor \/ Winde<\/h2>\n<p>Bei den Motorz\u00fcge m\u00fcssen es zugelassene C1 oder D8+ Motoren sein, immer mit einer Mindestzulassung von 500 &#8211; 1000 kg, je nach Auftritt.<\/p>\n\n\t\t<\/div>\n\t\t\t\t\t<\/div>\n\n\t\n\n<\/div>\n\n\t\t<\/div>\n\n\t\t\n<style>\n#section_61892861 {\n  padding-top: 0px;\n  padding-bottom: 0px;\n}\n#section_61892861 .section-bg-overlay {\n  background-color: rgba(17, 50, 196, 0.5);\n}\n<\/style>\n\t<\/section>\n\t\n\t<div id=\"gap-1585426689\" class=\"gap-element clearfix\" style=\"display:block; height:auto;\">\n\t\t\n<style>\n#gap-1585426689 {\n  padding-top: 30px;\n}\n<\/style>\n\t<\/div>\n\t\n\n\n","protected":false},"excerpt":{"rendered":"","protected":false},"author":1,"featured_media":2403,"parent":2717,"menu_order":0,"comment_status":"closed","ping_status":"closed","template":"","meta":{"content-type":"","_monsterinsights_skip_tracking":false,"_monsterinsights_sitenote_active":false,"_monsterinsights_sitenote_note":"","_monsterinsights_sitenote_category":0,"ngg_post_thumbnail":0,"footnotes":""},"class_list":["post-2724","page","type-page","status-publish","has-post-thumbnail","hentry"],"aioseo_notices":[],"_links":{"self":[{"href":"https:\/\/www.flyingstreet.art\/de\/wp-json\/wp\/v2\/pages\/2724","targetHints":{"allow":["GET"]}}],"collection":[{"href":"https:\/\/www.flyingstreet.art\/de\/wp-json\/wp\/v2\/pages"}],"about":[{"href":"https:\/\/www.flyingstreet.art\/de\/wp-json\/wp\/v2\/types\/page"}],"author":[{"embeddable":true,"href":"https:\/\/www.flyingstreet.art\/de\/wp-json\/wp\/v2\/users\/1"}],"replies":[{"embeddable":true,"href":"https:\/\/www.flyingstreet.art\/de\/wp-json\/wp\/v2\/comments?post=2724"}],"version-history":[{"count":6,"href":"https:\/\/www.flyingstreet.art\/de\/wp-json\/wp\/v2\/pages\/2724\/revisions"}],"predecessor-version":[{"id":4387,"href":"https:\/\/www.flyingstreet.art\/de\/wp-json\/wp\/v2\/pages\/2724\/revisions\/4387"}],"up":[{"embeddable":true,"href":"https:\/\/www.flyingstreet.art\/de\/wp-json\/wp\/v2\/pages\/2717"}],"wp:featuredmedia":[{"embeddable":true,"href":"https:\/\/www.flyingstreet.art\/de\/wp-json\/wp\/v2\/media\/2403"}],"wp:attachment":[{"href":"https:\/\/www.flyingstreet.art\/de\/wp-json\/wp\/v2\/media?parent=2724"}],"curies":[{"name":"wp","href":"https:\/\/api.w.org\/{rel}","templated":true}]}}