{"id":2717,"date":"2021-02-23T09:46:12","date_gmt":"2021-02-23T08:46:12","guid":{"rendered":"https:\/\/www.flyingstreet.art\/technik\/"},"modified":"2024-01-15T22:55:41","modified_gmt":"2024-01-15T21:55:41","slug":"technik","status":"publish","type":"page","link":"https:\/\/www.flyingstreet.art\/de\/technik\/","title":{"rendered":"Technik"},"content":{"rendered":"\n\t<div id=\"gap-1506314688\" class=\"gap-element clearfix\" style=\"display:block; height:auto;\">\n\t\t\n<style>\n#gap-1506314688 {\n  padding-top: 30px;\n}\n<\/style>\n\t<\/div>\n\t\n\n  <div id=\"page-header-1047933508\" class=\"page-header-wrapper\">\n  <div class=\"page-title dark normal-title\">\n\n        <div class=\"page-title-bg\">\n      <div class=\"title-bg fill bg-fill\"\n        data-parallax-container=\".page-title\"\n        data-parallax-background\n        data-parallax=\"-\">\n      <\/div>\n      <div class=\"title-overlay fill\"><\/div>\n    <\/div>\n    \n    <div class=\"page-title-inner container align-center text-center flex-row-col medium-flex-wrap\" >\n              <div class=\"title-wrapper flex-col\">\n          <h1 class=\"entry-title mb-0\">\n            Technik          <\/h1>\n        <\/div>\n                <div class=\"page-title-sub op-7 flex-col\">\n          <p class=\"lead\">H\u00e4ngepunkte &amp; Ger\u00fcste<\/p>\n        <\/div>\n                    <div class=\"title-content flex-col\">\n        <ul class=\"nav sm-touch-scroll nav-line nav-uppercase text-center nav-center\"><li class=\"nav-single-page hidden\"><\/li><\/ul>      <\/div>\n    <\/div>\n\n     \n<style>\n#page-header-1047933508 .title-bg {\n  background-image: url(https:\/\/www.flyingstreet.art\/wp-content\/uploads\/2024\/01\/website-header-3-1-scaled.jpeg);\n}\n<\/style>\n  <\/div>\n    <\/div>\n  \n\n\t<div id=\"gap-976368344\" class=\"gap-element clearfix\" style=\"display:block; height:auto;\">\n\t\t\n<style>\n#gap-976368344 {\n  padding-top: 30px;\n}\n<\/style>\n\t<\/div>\n\t\n\n\n\t<section class=\"section\" id=\"section_1377349899\">\n\t\t<div class=\"section-bg fill\" >\n\t\t\t\t\t\t\t\t\t<div class=\"section-bg-overlay absolute fill\"><\/div>\n\t\t\t\n\n\t\t<\/div>\n\n\t\t\n\n\t\t<div class=\"section-content relative\">\n\t\t\t\n\n<div class=\"row\"  id=\"row-1422695533\">\n\n\n\t<div id=\"col-832404678\" class=\"col small-12 large-12\"  >\n\t\t\t\t<div class=\"col-inner\"  >\n\t\t\t\n\t\t\t\n\n<p>Flying Street Art kann oft den n\u00f6tigen H\u00e4ngepunkt legen oder ein Traversenger\u00fcst mit ins Angebot aufnehmen. Eine kleine Musikanlage, geeignet f\u00fcr ca. 200 G\u00e4ste k\u00f6nnen wir zu jedem Auftritt mitbringen (au\u00dfer wir reisen mit dem Zug an).<\/p>\n\n\t\t<\/div>\n\t\t\t\t\t<\/div>\n\n\t\n\n<\/div>\n\n  \n    <div class=\"row large-columns-3 medium-columns- small-columns-2 has-shadow row-box-shadow-3\" >\n  <div class=\"page-col col\" >\n          <div class=\"col-inner\" >\n          <a class=\"block plain\" href=\"https:\/\/www.flyingstreet.art\/de\/technik\/beweglicher-haengepunkt\/\" title=\"Beweglicher H\u00e4ngepunkt\" target=\"\">\n            <div class=\"page-box box has-hover box-shade dark\">\n                  <div class=\"box-image\" >\n                      <div class=\"box-image image-cover\" style=\"padding-top:100%;\">\n                      <img loading=\"lazy\" decoding=\"async\" width=\"533\" height=\"400\" src=\"https:\/\/www.flyingstreet.art\/wp-content\/uploads\/2021\/03\/IMG_0054-533x400.jpg\" class=\"attachment-medium size-medium\" alt=\"\" srcset=\"https:\/\/www.flyingstreet.art\/wp-content\/uploads\/2021\/03\/IMG_0054-533x400.jpg 533w, https:\/\/www.flyingstreet.art\/wp-content\/uploads\/2021\/03\/IMG_0054-768x576.jpg 768w, https:\/\/www.flyingstreet.art\/wp-content\/uploads\/2021\/03\/IMG_0054-600x450.jpg 600w, https:\/\/www.flyingstreet.art\/wp-content\/uploads\/2021\/03\/IMG_0054.jpg 960w\" sizes=\"auto, (max-width: 533px) 100vw, 533px\" \/>                      <\/div>\n                                            <div class=\"shade\"><\/div>                  <\/div>\n                  <div class=\"box-text text-center\" >\n                        <div class=\"box-text-inner\">\n                            <p>Beweglicher H\u00e4ngepunkt<\/p>\n                        <\/div>\n                  <\/div>\n              <\/div>\n            <\/a>\n            <\/div>\n          <\/div><div class=\"page-col col\" >\n          <div class=\"col-inner\" >\n          <a class=\"block plain\" href=\"https:\/\/www.flyingstreet.art\/de\/technik\/counterweight\/\" title=\"Counterweight\" target=\"\">\n            <div class=\"page-box box has-hover box-shade dark\">\n                  <div class=\"box-image\" >\n                      <div class=\"box-image image-cover\" style=\"padding-top:100%;\">\n                      <img loading=\"lazy\" decoding=\"async\" width=\"349\" height=\"400\" src=\"https:\/\/www.flyingstreet.art\/wp-content\/uploads\/2021\/11\/DSC_1626bk-1-349x400.jpg\" class=\"attachment-medium size-medium\" alt=\"\" srcset=\"https:\/\/www.flyingstreet.art\/wp-content\/uploads\/2021\/11\/DSC_1626bk-1-349x400.jpg 349w, https:\/\/www.flyingstreet.art\/wp-content\/uploads\/2021\/11\/DSC_1626bk-1-697x800.jpg 697w, https:\/\/www.flyingstreet.art\/wp-content\/uploads\/2021\/11\/DSC_1626bk-1-768x881.jpg 768w, https:\/\/www.flyingstreet.art\/wp-content\/uploads\/2021\/11\/DSC_1626bk-1-1339x1536.jpg 1339w, https:\/\/www.flyingstreet.art\/wp-content\/uploads\/2021\/11\/DSC_1626bk-1-1785x2048.jpg 1785w\" sizes=\"auto, (max-width: 349px) 100vw, 349px\" \/>                      <\/div>\n                                            <div class=\"shade\"><\/div>                  <\/div>\n                  <div class=\"box-text text-center\" >\n                        <div class=\"box-text-inner\">\n                            <p>Counterweight<\/p>\n                        <\/div>\n                  <\/div>\n              <\/div>\n            <\/a>\n            <\/div>\n          <\/div><div class=\"page-col col\" >\n          <div class=\"col-inner\" >\n          <a class=\"block plain\" href=\"https:\/\/www.flyingstreet.art\/de\/technik\/fester-haengepunkt\/\" title=\"Fester H\u00e4ngepunkt\" target=\"\">\n            <div class=\"page-box box has-hover box-shade dark\">\n                  <div class=\"box-image\" >\n                      <div class=\"box-image image-cover\" style=\"padding-top:100%;\">\n                      <img loading=\"lazy\" decoding=\"async\" width=\"532\" height=\"400\" src=\"https:\/\/www.flyingstreet.art\/wp-content\/uploads\/2021\/10\/silk_rigging-532x400.jpg\" class=\"attachment-medium size-medium\" alt=\"\" srcset=\"https:\/\/www.flyingstreet.art\/wp-content\/uploads\/2021\/10\/silk_rigging-532x400.jpg 532w, https:\/\/www.flyingstreet.art\/wp-content\/uploads\/2021\/10\/silk_rigging.jpg 700w\" sizes=\"auto, (max-width: 532px) 100vw, 532px\" \/>                      <\/div>\n                                            <div class=\"shade\"><\/div>                  <\/div>\n                  <div class=\"box-text text-center\" >\n                        <div class=\"box-text-inner\">\n                            <p>Fester H\u00e4ngepunkt<\/p>\n                        <\/div>\n                  <\/div>\n              <\/div>\n            <\/a>\n            <\/div>\n          <\/div><div class=\"page-col col\" >\n          <div class=\"col-inner\" >\n          <a class=\"block plain\" href=\"https:\/\/www.flyingstreet.art\/de\/technik\/trapezgeruest\/\" title=\"Trapezger\u00fcst\" target=\"\">\n            <div class=\"page-box box has-hover box-shade dark\">\n                  <div class=\"box-image\" >\n                      <div class=\"box-image image-cover\" style=\"padding-top:100%;\">\n                      <img loading=\"lazy\" decoding=\"async\" width=\"474\" height=\"311\" src=\"https:\/\/www.flyingstreet.art\/wp-content\/uploads\/2021\/11\/2015-0801-Middenbeemster.jpg\" class=\"attachment-medium size-medium\" alt=\"\" \/>                      <\/div>\n                                            <div class=\"shade\"><\/div>                  <\/div>\n                  <div class=\"box-text text-center\" >\n                        <div class=\"box-text-inner\">\n                            <p>Trapezger\u00fcst<\/p>\n                        <\/div>\n                  <\/div>\n              <\/div>\n            <\/a>\n            <\/div>\n          <\/div><div class=\"page-col col\" >\n          <div class=\"col-inner\" >\n          <a class=\"block plain\" href=\"https:\/\/www.flyingstreet.art\/de\/technik\/vertikaler-tanz\/\" title=\"Vertikaler Tanz\" target=\"\">\n            <div class=\"page-box box has-hover box-shade dark\">\n                  <div class=\"box-image\" >\n                      <div class=\"box-image image-cover\" style=\"padding-top:100%;\">\n                      <img loading=\"lazy\" decoding=\"async\" width=\"267\" height=\"400\" src=\"https:\/\/www.flyingstreet.art\/wp-content\/uploads\/2021\/03\/Vertikale-Muurdans-4-267x400.jpg\" class=\"attachment-medium size-medium\" alt=\"\" srcset=\"https:\/\/www.flyingstreet.art\/wp-content\/uploads\/2021\/03\/Vertikale-Muurdans-4-267x400.jpg 267w, https:\/\/www.flyingstreet.art\/wp-content\/uploads\/2021\/03\/Vertikale-Muurdans-4-533x800.jpg 533w, https:\/\/www.flyingstreet.art\/wp-content\/uploads\/2021\/03\/Vertikale-Muurdans-4-768x1152.jpg 768w, https:\/\/www.flyingstreet.art\/wp-content\/uploads\/2021\/03\/Vertikale-Muurdans-4-1024x1536.jpg 1024w, https:\/\/www.flyingstreet.art\/wp-content\/uploads\/2021\/03\/Vertikale-Muurdans-4-1365x2048.jpg 1365w, https:\/\/www.flyingstreet.art\/wp-content\/uploads\/2021\/03\/Vertikale-Muurdans-4-600x900.jpg 600w, https:\/\/www.flyingstreet.art\/wp-content\/uploads\/2021\/03\/Vertikale-Muurdans-4-scaled.jpg 1707w\" sizes=\"auto, (max-width: 267px) 100vw, 267px\" \/>                      <\/div>\n                                            <div class=\"shade\"><\/div>                  <\/div>\n                  <div class=\"box-text text-center\" >\n                        <div class=\"box-text-inner\">\n                            <p>Vertikaler Tanz<\/p>\n                        <\/div>\n                  <\/div>\n              <\/div>\n            <\/a>\n            <\/div>\n          <\/div><\/div>\n\n\n\t\t<\/div>\n\n\t\t\n<style>\n#section_1377349899 {\n  padding-top: 30px;\n  padding-bottom: 30px;\n}\n#section_1377349899 .section-bg-overlay {\n  background-color: rgba(255, 255, 255, 0.2);\n}\n<\/style>\n\t<\/section>\n\t\n\t<div id=\"gap-1217886756\" class=\"gap-element clearfix\" style=\"display:block; height:auto;\">\n\t\t\n<style>\n#gap-1217886756 {\n  padding-top: 30px;\n}\n<\/style>\n\t<\/div>\n\t\n\n\n","protected":false},"excerpt":{"rendered":"","protected":false},"author":1,"featured_media":0,"parent":0,"menu_order":0,"comment_status":"closed","ping_status":"closed","template":"","meta":{"content-type":"","_monsterinsights_skip_tracking":false,"_monsterinsights_sitenote_active":false,"_monsterinsights_sitenote_note":"","_monsterinsights_sitenote_category":0,"ngg_post_thumbnail":0,"footnotes":""},"class_list":["post-2717","page","type-page","status-publish","hentry"],"aioseo_notices":[],"_links":{"self":[{"href":"https:\/\/www.flyingstreet.art\/de\/wp-json\/wp\/v2\/pages\/2717","targetHints":{"allow":["GET"]}}],"collection":[{"href":"https:\/\/www.flyingstreet.art\/de\/wp-json\/wp\/v2\/pages"}],"about":[{"href":"https:\/\/www.flyingstreet.art\/de\/wp-json\/wp\/v2\/types\/page"}],"author":[{"embeddable":true,"href":"https:\/\/www.flyingstreet.art\/de\/wp-json\/wp\/v2\/users\/1"}],"replies":[{"embeddable":true,"href":"https:\/\/www.flyingstreet.art\/de\/wp-json\/wp\/v2\/comments?post=2717"}],"version-history":[{"count":2,"href":"https:\/\/www.flyingstreet.art\/de\/wp-json\/wp\/v2\/pages\/2717\/revisions"}],"predecessor-version":[{"id":3842,"href":"https:\/\/www.flyingstreet.art\/de\/wp-json\/wp\/v2\/pages\/2717\/revisions\/3842"}],"wp:attachment":[{"href":"https:\/\/www.flyingstreet.art\/de\/wp-json\/wp\/v2\/media?parent=2717"}],"curies":[{"name":"wp","href":"https:\/\/api.w.org\/{rel}","templated":true}]}}