{"id":2703,"date":"2021-03-11T22:08:32","date_gmt":"2021-03-11T21:08:32","guid":{"rendered":"https:\/\/www.flyingstreet.art\/acts2\/white-trash-beautiful\/"},"modified":"2025-01-08T17:51:14","modified_gmt":"2025-01-08T16:51:14","slug":"hoopela","status":"publish","type":"page","link":"https:\/\/www.flyingstreet.art\/de\/acts\/hoopela\/","title":{"rendered":"Hoopla"},"content":{"rendered":"\n\t<div id=\"gap-1495898236\" class=\"gap-element clearfix\" style=\"display:block; height:auto;\">\n\t\t\n<style>\n#gap-1495898236 {\n  padding-top: 30px;\n}\n<\/style>\n\t<\/div>\n\t\n\n  <div id=\"page-header-477950727\" class=\"page-header-wrapper\">\n  <div class=\"page-title dark normal-title has-parallax box-shadow-2\">\n\n        <div class=\"page-title-bg\">\n      <div class=\"title-bg fill bg-fill\"\n        data-parallax-container=\".page-title\"\n        data-parallax-background\n        data-parallax=\"-6\">\n      <\/div>\n      <div class=\"title-overlay fill\"><\/div>\n    <\/div>\n    \n    <div class=\"page-title-inner container align-center text-center flex-row-col medium-flex-wrap\" >\n              <div class=\"title-wrapper flex-col\">\n          <h1 class=\"entry-title mb-0\">\n            Hoopla          <\/h1>\n        <\/div>\n                <div class=\"page-title-sub op-7 flex-col\">\n          <p class=\"lead\">Luftakrobatik als Walkact<\/p>\n        <\/div>\n                    <div class=\"title-content flex-col\">\n        <ul class=\"nav sm-touch-scroll nav-size-smaller nav-pills nav-uppercase text-center nav-center\"><li class=\"nav-single-page hidden\"><\/li><\/ul>      <\/div>\n    <\/div>\n\n     \n<style>\n#page-header-477950727 .title-bg {\n  background-image: url(https:\/\/www.flyingstreet.art\/wp-content\/uploads\/2024\/01\/website-header-3-1-scaled.jpeg);\n  background-position: 54% 58%;\n}\n#page-header-477950727 .title-overlay {\n  background-color: rgba(255, 255, 255, 0);\n}\n<\/style>\n  <\/div>\n    <\/div>\n  \n\n\t<div id=\"gap-1669095849\" class=\"gap-element clearfix\" style=\"display:block; height:auto;\">\n\t\t\n<style>\n#gap-1669095849 {\n  padding-top: 30px;\n}\n<\/style>\n\t<\/div>\n\t\n\n<div class=\"slider-wrapper relative\" id=\"slider-276355883\" style=\"background-color:rgba(252, 248, 248, 0.2);\">\n    <div class=\"slider slider-type-fade slider-nav-circle slider-nav-large slider-nav-light slider-style-normal slider-show-nav\"\n        data-flickity-options='{\n            \"cellAlign\": \"center\",\n            \"imagesLoaded\": true,\n            \"lazyLoad\": 1,\n            \"freeScroll\": false,\n            \"wrapAround\": true,\n            \"autoPlay\": 6000,\n            \"pauseAutoPlayOnHover\" : true,\n            \"prevNextButtons\": true,\n            \"contain\" : true,\n            \"adaptiveHeight\" : true,\n            \"dragThreshold\" : 10,\n            \"percentPosition\": true,\n            \"pageDots\": true,\n            \"rightToLeft\": false,\n            \"draggable\": true,\n            \"selectedAttraction\": 0.1,\n            \"parallax\" : 0,\n            \"friction\": 0.6        }'\n        >\n        \n\n\t<div class=\"img has-hover x md-x lg-x y md-y lg-y\" id=\"image_446352282\">\n\t\t\t\t\t\t\t\t<div class=\"img-inner image-cover dark\" style=\"padding-top:50%;margin:0px 80px 0px 80px;\">\n\t\t\t<img loading=\"lazy\" decoding=\"async\" width=\"1020\" height=\"680\" src=\"https:\/\/www.flyingstreet.art\/wp-content\/uploads\/2023\/09\/Hoepela-wit-1-1200x800.jpg\" class=\"attachment-large size-large\" alt=\"\" srcset=\"https:\/\/www.flyingstreet.art\/wp-content\/uploads\/2023\/09\/Hoepela-wit-1-1200x800.jpg 1200w, https:\/\/www.flyingstreet.art\/wp-content\/uploads\/2023\/09\/Hoepela-wit-1-600x400.jpg 600w, https:\/\/www.flyingstreet.art\/wp-content\/uploads\/2023\/09\/Hoepela-wit-1-768x512.jpg 768w, https:\/\/www.flyingstreet.art\/wp-content\/uploads\/2023\/09\/Hoepela-wit-1-391x260.jpg 391w, https:\/\/www.flyingstreet.art\/wp-content\/uploads\/2023\/09\/Hoepela-wit-1-1536x1024.jpg 1536w, https:\/\/www.flyingstreet.art\/wp-content\/uploads\/2023\/09\/Hoepela-wit-1-2048x1365.jpg 2048w\" sizes=\"auto, (max-width: 1020px) 100vw, 1020px\" \/>\t\t\t\t\t\t\n\t\t\t\t\t<\/div>\n\t\t\t\t\t\t\t\t\n<style>\n#image_446352282 {\n  width: 100%;\n}\n<\/style>\n\t<\/div>\n\t\n\n\t<div class=\"img has-hover x md-x lg-x y md-y lg-y\" id=\"image_252022292\">\n\t\t<a class=\"image-lightbox lightbox-gallery\" title=\"\" href=\"https:\/\/www.flyingstreet.art\/wp-content\/uploads\/2023\/09\/Schloss-Spektakel-0823-1202x800.jpg\">\t\t\t\t\t\t<div class=\"img-inner image-cover dark\" style=\"padding-top:50%;margin:0px 80px 0px 80px;\">\n\t\t\t<img loading=\"lazy\" decoding=\"async\" width=\"1020\" height=\"679\" src=\"https:\/\/www.flyingstreet.art\/wp-content\/uploads\/2023\/09\/Schloss-Spektakel-0823-1202x800.jpg\" class=\"attachment-large size-large\" alt=\"\" srcset=\"https:\/\/www.flyingstreet.art\/wp-content\/uploads\/2023\/09\/Schloss-Spektakel-0823-1202x800.jpg 1202w, https:\/\/www.flyingstreet.art\/wp-content\/uploads\/2023\/09\/Schloss-Spektakel-0823-601x400.jpg 601w, https:\/\/www.flyingstreet.art\/wp-content\/uploads\/2023\/09\/Schloss-Spektakel-0823-768x511.jpg 768w, https:\/\/www.flyingstreet.art\/wp-content\/uploads\/2023\/09\/Schloss-Spektakel-0823-391x260.jpg 391w, https:\/\/www.flyingstreet.art\/wp-content\/uploads\/2023\/09\/Schloss-Spektakel-0823-1536x1022.jpg 1536w, https:\/\/www.flyingstreet.art\/wp-content\/uploads\/2023\/09\/Schloss-Spektakel-0823-2048x1363.jpg 2048w\" sizes=\"auto, (max-width: 1020px) 100vw, 1020px\" \/>\t\t\t\t\t\t\n\t\t\t\t\t<\/div>\n\t\t\t\t\t\t<\/a>\t\t\n<style>\n#image_252022292 {\n  width: 100%;\n}\n<\/style>\n\t<\/div>\n\t\n\n\t<div class=\"img has-hover x md-x lg-x y md-y lg-y\" id=\"image_83338728\">\n\t\t<a class=\"image-lightbox lightbox-gallery\" title=\"\" href=\"https:\/\/www.flyingstreet.art\/wp-content\/uploads\/2023\/09\/Hoepela-wit-7-scaled.jpg\">\t\t\t\t\t\t<div class=\"img-inner image-cover dark\" style=\"padding-top:50%;margin:0px 80px 0px 80px;\">\n\t\t\t<img loading=\"lazy\" decoding=\"async\" width=\"1020\" height=\"680\" src=\"https:\/\/www.flyingstreet.art\/wp-content\/uploads\/2023\/09\/Hoepela-wit-7-1200x800.jpg\" class=\"attachment-large size-large\" alt=\"\" srcset=\"https:\/\/www.flyingstreet.art\/wp-content\/uploads\/2023\/09\/Hoepela-wit-7-1200x800.jpg 1200w, https:\/\/www.flyingstreet.art\/wp-content\/uploads\/2023\/09\/Hoepela-wit-7-600x400.jpg 600w, https:\/\/www.flyingstreet.art\/wp-content\/uploads\/2023\/09\/Hoepela-wit-7-768x512.jpg 768w, https:\/\/www.flyingstreet.art\/wp-content\/uploads\/2023\/09\/Hoepela-wit-7-391x260.jpg 391w, https:\/\/www.flyingstreet.art\/wp-content\/uploads\/2023\/09\/Hoepela-wit-7-1536x1024.jpg 1536w, https:\/\/www.flyingstreet.art\/wp-content\/uploads\/2023\/09\/Hoepela-wit-7-2048x1365.jpg 2048w\" sizes=\"auto, (max-width: 1020px) 100vw, 1020px\" \/>\t\t\t\t\t\t\n\t\t\t\t\t<\/div>\n\t\t\t\t\t\t<\/a>\t\t\n<style>\n#image_83338728 {\n  width: 100%;\n}\n<\/style>\n\t<\/div>\n\t\n\n\t<div class=\"img has-hover x md-x lg-x y md-y lg-y\" id=\"image_1971910251\">\n\t\t<a class=\"image-lightbox lightbox-gallery\" title=\"\" href=\"https:\/\/www.flyingstreet.art\/wp-content\/uploads\/2023\/09\/IMG_6530-scaled.jpg\">\t\t\t\t\t\t<div class=\"img-inner image-cover dark\" style=\"padding-top:50%;margin:0px 80px 0px 80px;\">\n\t\t\t<img loading=\"lazy\" decoding=\"async\" width=\"1020\" height=\"680\" src=\"https:\/\/www.flyingstreet.art\/wp-content\/uploads\/2023\/09\/IMG_6530-1200x800.jpg\" class=\"attachment-large size-large\" alt=\"\" srcset=\"https:\/\/www.flyingstreet.art\/wp-content\/uploads\/2023\/09\/IMG_6530-1200x800.jpg 1200w, https:\/\/www.flyingstreet.art\/wp-content\/uploads\/2023\/09\/IMG_6530-600x400.jpg 600w, https:\/\/www.flyingstreet.art\/wp-content\/uploads\/2023\/09\/IMG_6530-768x512.jpg 768w, https:\/\/www.flyingstreet.art\/wp-content\/uploads\/2023\/09\/IMG_6530-391x260.jpg 391w, https:\/\/www.flyingstreet.art\/wp-content\/uploads\/2023\/09\/IMG_6530-1536x1024.jpg 1536w, https:\/\/www.flyingstreet.art\/wp-content\/uploads\/2023\/09\/IMG_6530-2048x1365.jpg 2048w\" sizes=\"auto, (max-width: 1020px) 100vw, 1020px\" \/>\t\t\t\t\t\t\n\t\t\t\t\t<\/div>\n\t\t\t\t\t\t<\/a>\t\t\n<style>\n#image_1971910251 {\n  width: 100%;\n}\n<\/style>\n\t<\/div>\n\t\n\n\n     <\/div>\n\n     <div class=\"loading-spin dark large centered\"><\/div>\n\n\t<\/div>\n\n\n\t<div id=\"gap-345447595\" class=\"gap-element clearfix\" style=\"display:block; height:auto;\">\n\t\t\n<style>\n#gap-345447595 {\n  padding-top: 30px;\n}\n<\/style>\n\t<\/div>\n\t\n\n\n\t<section class=\"section\" id=\"section_1786044048\">\n\t\t<div class=\"section-bg fill\" >\n\t\t\t\t\t\t\t\t\t<div class=\"section-bg-overlay absolute fill\"><\/div>\n\t\t\t\n\n\t\t<\/div>\n\n\t\t\n\n\t\t<div class=\"section-content relative\">\n\t\t\t\n\n<div class=\"row\"  id=\"row-1254207922\">\n\n\n\t<div id=\"col-1369285443\" class=\"col medium-6 small-12 large-6\"  >\n\t\t\t\t<div class=\"col-inner\"  >\n\t\t\t\n\t\t\t\n\n<h2>Hoopla &#8211; mobile Luftartistik<\/h2>\n<p class=\"p1\">Hoopla definiert Luftakrobatik neu \u2013 durch eine einzigartige und innovative Walk-Act- Show, die bei Festivals, Paraden und Stadtfesten f\u00fcr Furore sorgt. Unabh\u00e4ngig von den \u00f6rtlichen Gegebenheiten ist Hoopla nicht nur mobil, sondern bringt alle ben\u00f6tigte Technik selber mit: den H\u00e4ngepunkt, die B\u00fchne, das Licht und auch den Ton.<\/p>\n<p class=\"p1\">Was Hoopla so au\u00dfergew\u00f6hnlich macht, sind nicht nur die atemberaubenden Kunstst\u00fccke, sondern auch die Interaktion mit dem Publikum. Erfahrene Akrobaten begeistern mit einer faszinierenden Darbietung, spielerischen Erz\u00e4hlungen und einer bemerkenswerten Flexibilit\u00e4t, die an die legend\u00e4re Schlangenfrau erinnert. Doch es ist vor allem die N\u00e4he zum Publikum, die Hoopla zu einem unvergesslichen Erlebnis macht.<\/p>\n<p>Passend zu den Saisonen verwandelt sich auch Hoopla: strahlend im Sommer, gespenstisch zu Halloween, zauberhaft im Winter und feierlich zu Weihnachten.<br \/>Hoopla ist nicht nur eine Performance \u2013 es ist ein Erlebnis, das in Erinnerung bleibt.<\/p>\n<div class=\"row\"  id=\"row-1566295151\">\n\n\n\t<div id=\"col-1168518508\" class=\"col medium-4 small-12 large-4\"  >\n\t\t\t\t<div class=\"col-inner\"  >\n\t\t\t\n\t\t\t\n\n\t<div class=\"img has-hover x md-x lg-x y md-y lg-y\" id=\"image_1684822896\">\n\t\t\t\t\t\t\t\t<div class=\"img-inner dark\" >\n\t\t\t<img loading=\"lazy\" decoding=\"async\" width=\"510\" height=\"800\" src=\"https:\/\/www.flyingstreet.art\/wp-content\/uploads\/2023\/09\/IMG_6538-scaled-e1695477680644-510x800.jpg\" class=\"attachment-large size-large\" alt=\"Hoepela mobile luchtact\" srcset=\"https:\/\/www.flyingstreet.art\/wp-content\/uploads\/2023\/09\/IMG_6538-scaled-e1695477680644-510x800.jpg 510w, https:\/\/www.flyingstreet.art\/wp-content\/uploads\/2023\/09\/IMG_6538-scaled-e1695477680644-255x400.jpg 255w, https:\/\/www.flyingstreet.art\/wp-content\/uploads\/2023\/09\/IMG_6538-scaled-e1695477680644-768x1205.jpg 768w, https:\/\/www.flyingstreet.art\/wp-content\/uploads\/2023\/09\/IMG_6538-scaled-e1695477680644-979x1536.jpg 979w, https:\/\/www.flyingstreet.art\/wp-content\/uploads\/2023\/09\/IMG_6538-scaled-e1695477680644.jpg 1024w\" sizes=\"auto, (max-width: 510px) 100vw, 510px\" \/>\t\t\t\t\t\t\n\t\t\t\t\t<\/div>\n\t\t\t\t\t\t\t\t\n<style>\n#image_1684822896 {\n  width: 96%;\n}\n<\/style>\n\t<\/div>\n\t\n\n\n\t\t<\/div>\n\t\t\t\t\t<\/div>\n\n\t\n\n\t<div id=\"col-906169610\" class=\"col medium-4 small-12 large-4\"  >\n\t\t\t\t<div class=\"col-inner\"  >\n\t\t\t\n\t\t\t\n\n\t<div class=\"img has-hover x md-x lg-x y md-y lg-y\" id=\"image_1455132352\">\n\t\t\t\t\t\t\t\t<div class=\"img-inner dark\" >\n\t\t\t<img loading=\"lazy\" decoding=\"async\" width=\"532\" height=\"800\" src=\"https:\/\/www.flyingstreet.art\/wp-content\/uploads\/2023\/09\/Schloss-Spektakel-08012-532x800.jpg\" class=\"attachment-large size-large\" alt=\"\" srcset=\"https:\/\/www.flyingstreet.art\/wp-content\/uploads\/2023\/09\/Schloss-Spektakel-08012-532x800.jpg 532w, https:\/\/www.flyingstreet.art\/wp-content\/uploads\/2023\/09\/Schloss-Spektakel-08012-266x400.jpg 266w, https:\/\/www.flyingstreet.art\/wp-content\/uploads\/2023\/09\/Schloss-Spektakel-08012-768x1154.jpg 768w, https:\/\/www.flyingstreet.art\/wp-content\/uploads\/2023\/09\/Schloss-Spektakel-08012-1022x1536.jpg 1022w, https:\/\/www.flyingstreet.art\/wp-content\/uploads\/2023\/09\/Schloss-Spektakel-08012-1363x2048.jpg 1363w, https:\/\/www.flyingstreet.art\/wp-content\/uploads\/2023\/09\/Schloss-Spektakel-08012-scaled.jpg 1703w\" sizes=\"auto, (max-width: 532px) 100vw, 532px\" \/>\t\t\t\t\t\t\n\t\t\t\t\t<\/div>\n\t\t\t\t\t\t\t\t\n<style>\n#image_1455132352 {\n  width: 100%;\n}\n<\/style>\n\t<\/div>\n\t\n\n\n\t\t<\/div>\n\t\t\t\t\t<\/div>\n\n\t\n\n\t<div id=\"col-964564467\" class=\"col medium-4 small-12 large-4\"  >\n\t\t\t\t<div class=\"col-inner\"  >\n\t\t\t\n\t\t\t\n\n\t<div class=\"img has-hover x md-x lg-x y md-y lg-y\" id=\"image_1088994334\">\n\t\t\t\t\t\t\t\t<div class=\"img-inner dark\" >\n\t\t\t<img loading=\"lazy\" decoding=\"async\" width=\"532\" height=\"800\" src=\"https:\/\/www.flyingstreet.art\/wp-content\/uploads\/2023\/09\/Schloss-Spektakel-0782-532x800.jpg\" class=\"attachment-large size-large\" alt=\"\" srcset=\"https:\/\/www.flyingstreet.art\/wp-content\/uploads\/2023\/09\/Schloss-Spektakel-0782-532x800.jpg 532w, https:\/\/www.flyingstreet.art\/wp-content\/uploads\/2023\/09\/Schloss-Spektakel-0782-266x400.jpg 266w, https:\/\/www.flyingstreet.art\/wp-content\/uploads\/2023\/09\/Schloss-Spektakel-0782-768x1154.jpg 768w, https:\/\/www.flyingstreet.art\/wp-content\/uploads\/2023\/09\/Schloss-Spektakel-0782-1022x1536.jpg 1022w, https:\/\/www.flyingstreet.art\/wp-content\/uploads\/2023\/09\/Schloss-Spektakel-0782-1363x2048.jpg 1363w, https:\/\/www.flyingstreet.art\/wp-content\/uploads\/2023\/09\/Schloss-Spektakel-0782-scaled.jpg 1703w\" sizes=\"auto, (max-width: 532px) 100vw, 532px\" \/>\t\t\t\t\t\t\n\t\t\t\t\t<\/div>\n\t\t\t\t\t\t\t\t\n<style>\n#image_1088994334 {\n  width: 100%;\n}\n<\/style>\n\t<\/div>\n\t\n\n\n\t\t<\/div>\n\t\t\t\t\t<\/div>\n\n\t\n\n<\/div>\n\n\t\t<\/div>\n\t\t\t\t\t<\/div>\n\n\t\n\n\t<div id=\"col-992986984\" class=\"col medium-6 small-12 large-6\"  >\n\t\t\t\t<div class=\"col-inner\"  >\n\t\t\t\n\t\t\t\n\n\t<div class=\"img has-hover x md-x lg-x y md-y lg-y\" id=\"image_503633233\">\n\t\t\t\t\t\t\t\t<div class=\"img-inner dark\" >\n\t\t\t<img loading=\"lazy\" decoding=\"async\" width=\"500\" height=\"800\" src=\"https:\/\/www.flyingstreet.art\/wp-content\/uploads\/2023\/09\/IMG_6552-scaled-e1695473943923-500x800.jpg\" class=\"attachment-large size-large\" alt=\"Hoepela mobile luchtact\" srcset=\"https:\/\/www.flyingstreet.art\/wp-content\/uploads\/2023\/09\/IMG_6552-scaled-e1695473943923-500x800.jpg 500w, https:\/\/www.flyingstreet.art\/wp-content\/uploads\/2023\/09\/IMG_6552-scaled-e1695473943923-250x400.jpg 250w, https:\/\/www.flyingstreet.art\/wp-content\/uploads\/2023\/09\/IMG_6552-scaled-e1695473943923-768x1228.jpg 768w, https:\/\/www.flyingstreet.art\/wp-content\/uploads\/2023\/09\/IMG_6552-scaled-e1695473943923.jpg 960w\" sizes=\"auto, (max-width: 500px) 100vw, 500px\" \/>\t\t\t\t\t\t\n\t\t\t\t\t<\/div>\n\t\t\t\t\t\t\t\t\n<style>\n#image_503633233 {\n  width: 100%;\n}\n<\/style>\n\t<\/div>\n\t\n\n\n\t\t<\/div>\n\t\t\t\t\t<\/div>\n\n\t\n\n\n<style>\n#row-1254207922 > .col > .col-inner {\n  padding: 0px 15px 0px 15px;\n}\n<\/style>\n<\/div>\n<div class=\"popupaoc-shortcode-preview\">\t<a class=\"paoc-popup-click paoc-popup-cust-2907 paoc-popup-button paoc-popup-btn \" href=\"javascript:void(0);\">Anfrage schicken<\/a>\r\n<\/div>\n\n\t\t<\/div>\n\n\t\t\n<style>\n#section_1786044048 {\n  padding-top: 30px;\n  padding-bottom: 30px;\n}\n#section_1786044048 .section-bg-overlay {\n  background-color: rgba(17, 50, 196, 0.5);\n}\n<\/style>\n\t<\/section>\n\t\n\t<div id=\"gap-50388719\" class=\"gap-element clearfix\" style=\"display:block; height:auto;\">\n\t\t\n<style>\n#gap-50388719 {\n  padding-top: 30px;\n}\n<\/style>\n\t<\/div>\n\t\n\n\n  <div class=\"banner has-hover has-video\" id=\"banner-2144862978\">\n          <div class=\"banner-inner fill\">\n        <div class=\"banner-bg fill\" >\n                        \t<div class=\"video-overlay no-click fill visible\"><\/div>\n\t<video class=\"video-bg fill visible\" preload playsinline autoplay muted loop>\n\t\t<source src=\"https:\/\/www.flyingstreet.art\/wp-content\/uploads\/2024\/01\/Hoopla-Wit-short.mp4\" type=\"video\/mp4\">\t<\/video>\n                        \n                    <\/div>\n\t\t\n        <div class=\"banner-layers container\">\n            <div class=\"fill banner-link\"><\/div>            \n\n   <div id=\"text-box-2117134810\" class=\"text-box banner-layer x5 md-x5 lg-x5 y95 md-y95 lg-y95 res-text\">\n                                <div class=\"text-box-content text dark\">\n              \n              <div class=\"text-inner text-center\">\n                  \n\n\n              <\/div>\n           <\/div>\n                            \n<style>\n#text-box-2117134810 {\n  width: 60%;\n}\n#text-box-2117134810 .text-box-content {\n  font-size: 100%;\n}\n<\/style>\n    <\/div>\n \n\n        <\/div>\n      <\/div>\n\n            \n<style>\n#banner-2144862978 {\n  padding-top: 500px;\n}\n<\/style>\n  <\/div>\n\n\n\t<div id=\"gap-799571439\" class=\"gap-element clearfix\" style=\"display:block; height:auto;\">\n\t\t\n<style>\n#gap-799571439 {\n  padding-top: 30px;\n}\n<\/style>\n\t<\/div>\n\t\n\n\n  <div class=\"banner has-hover has-video\" id=\"banner-1764415767\">\n          <div class=\"banner-inner fill\">\n        <div class=\"banner-bg fill\" >\n                        \t<div class=\"video-overlay no-click fill visible\"><\/div>\n\t<video class=\"video-bg fill visible\" preload playsinline autoplay muted loop>\n\t\t<source src=\"https:\/\/www.flyingstreet.art\/wp-content\/uploads\/2023\/03\/Hoepela-promo-very-small.mp4\" type=\"video\/mp4\">\t<\/video>\n                        \n                    <\/div>\n\t\t\n        <div class=\"banner-layers container\">\n            <div class=\"fill banner-link\"><\/div>            \n\n\n        <\/div>\n      <\/div>\n\n            \n<style>\n#banner-1764415767 {\n  padding-top: 500px;\n}\n<\/style>\n  <\/div>\n\n\n\t<div id=\"gap-735362880\" class=\"gap-element clearfix\" style=\"display:block; height:auto;\">\n\t\t\n<style>\n#gap-735362880 {\n  padding-top: 30px;\n}\n<\/style>\n\t<\/div>\n\t\n\n\n\t<section class=\"section\" id=\"section_1259754637\">\n\t\t<div class=\"section-bg fill\" >\n\t\t\t\t\t\t\t\t\t<div class=\"section-bg-overlay absolute fill\"><\/div>\n\t\t\t\n\t<div class=\"is-border\"\n\t\tstyle=\"border-color:rgb(235, 235, 235);border-width:0px 0px 0px 0px;\">\n\t<\/div>\n\n\t\t<\/div>\n\n\t\t\n\n\t\t<div class=\"section-content relative\">\n\t\t\t\n\n<div class=\"row\"  id=\"row-993348407\">\n\n\n\t<div id=\"col-846532303\" class=\"col medium-6 small-12 large-6\"  >\n\t\t\t\t<div class=\"col-inner\"  >\n\t\t\t\n\t\t\t\n\n<p class=\"p1\"><b>Allgemeine Informationen<\/b><\/p>\n<ul class=\"ul1\">\n<li class=\"li1\">Die B\u00fchne ist ein statischer Luftring auf R\u00e4dern und wird von den Akrobatinnen sicher bewegt.<\/li>\n<li class=\"li1\">Kinder d\u00fcrfen sich w\u00e4hrenddessen in unmittelbarer N\u00e4he aufhalten.<\/li>\n<li class=\"li1\">W\u00e4hrend sich die B\u00fchne bewegt treten die Artistinnen im Luftring auf.<\/li>\n<\/ul>\n<p class=\"p1\"><b>Technische Anforderungen<\/b><\/p>\n<ul>\n<li class=\"p1\">Der Untergrund f\u00fcr die Route des Walk-Acts kann Asphalt ,Kies oder sogar eine trockene Wiese sein. Weil wir selbst die B\u00fchne ziehen, k\u00f6nnen wir weder bergauf noch bergab gehen. Kleine Unebenheiten sind kein Problem.<\/li>\n<li class=\"p1\">Der statische Luftring hat inkl. B\u00fchne und R\u00e4der eine Gesamth\u00f6he von 3,20m.<\/li>\n<li class=\"p1\">Die B\u00fchne hat einen<span class=\"Apple-converted-space\">&nbsp; <\/span>Durchmesser von 160cm, d.h. Stra\u00dfen und Durchg\u00e4nge m\u00fcssen mindestens 180cm breit sein.<\/li>\n<\/ul>\n<p style=\"text-align: left;\">Fragen Sie noch heute ein Angebot an!<\/p>\n\n\t\t<\/div>\n\t\t\t\t\t<\/div>\n\n\t\n\n\t<div id=\"col-1052050924\" class=\"col medium-6 small-12 large-6\"  >\n\t\t\t\t<div class=\"col-inner\"  >\n\t\t\t\n\t\t\t\n\n\t<div class=\"img has-hover x md-x lg-x y md-y lg-y\" id=\"image_393399066\">\n\t\t\t\t\t\t\t\t<div class=\"img-inner image-cover dark\" style=\"padding-top:100%;\">\n\t\t\t<img loading=\"lazy\" decoding=\"async\" width=\"500\" height=\"400\" src=\"https:\/\/www.flyingstreet.art\/wp-content\/uploads\/2023\/09\/FFU_6652-e1695473809167-500x400.jpg\" class=\"attachment-medium size-medium\" alt=\"Hoepela mobile luchtact\" srcset=\"https:\/\/www.flyingstreet.art\/wp-content\/uploads\/2023\/09\/FFU_6652-e1695473809167-500x400.jpg 500w, https:\/\/www.flyingstreet.art\/wp-content\/uploads\/2023\/09\/FFU_6652-e1695473809167-1000x800.jpg 1000w, https:\/\/www.flyingstreet.art\/wp-content\/uploads\/2023\/09\/FFU_6652-e1695473809167-768x615.jpg 768w, https:\/\/www.flyingstreet.art\/wp-content\/uploads\/2023\/09\/FFU_6652-e1695473809167-1536x1229.jpg 1536w, https:\/\/www.flyingstreet.art\/wp-content\/uploads\/2023\/09\/FFU_6652-e1695473809167.jpg 1627w\" sizes=\"auto, (max-width: 500px) 100vw, 500px\" \/>\t\t\t\t\t\t\n\t\t\t\t\t<\/div>\n\t\t\t\t\t\t\t\t\n<style>\n#image_393399066 {\n  width: 100%;\n}\n<\/style>\n\t<\/div>\n\t\n\n\n\t\t<\/div>\n\t\t\t\t\t<\/div>\n\n\t\n\n\n<style>\n#row-993348407 > .col > .col-inner {\n  padding: 0px 15px 0px 15px;\n}\n<\/style>\n<\/div>\n<a href=\"https:\/\/www.flyingstreet.art\/wp-content\/uploads\/2023\/03\/Technischer-Rider-Hoopela.pdf\" target=\"_blank\" class=\"button primary\" rel=\"noopener\" >\n\t\t<span>download technische rider<\/span>\n\t<\/a>\n\n\n\n\t\t<\/div>\n\n\t\t\n<style>\n#section_1259754637 {\n  padding-top: 30px;\n  padding-bottom: 30px;\n  min-height: 300px;\n}\n#section_1259754637 .section-bg-overlay {\n  background-color: rgba(17, 50, 196, 0.5);\n}\n<\/style>\n\t<\/section>\n\t\n\t<div id=\"gap-1742860451\" class=\"gap-element clearfix\" style=\"display:block; height:auto;\">\n\t\t\n<style>\n#gap-1742860451 {\n  padding-top: 30px;\n}\n<\/style>\n\t<\/div>\n\t\n\n\n","protected":false},"excerpt":{"rendered":"<p>Hoopela ist der erste luftige Walkact mit Luftartistik, Akrobatik\u00a0und charmanter Contorsion f\u00fcr Festival, Paraden und Stadtfeste.<\/p>\n","protected":false},"author":1,"featured_media":3300,"parent":2670,"menu_order":0,"comment_status":"closed","ping_status":"closed","template":"","meta":{"content-type":"","_monsterinsights_skip_tracking":false,"_monsterinsights_sitenote_active":false,"_monsterinsights_sitenote_note":"","_monsterinsights_sitenote_category":0,"ngg_post_thumbnail":0,"footnotes":""},"class_list":["post-2703","page","type-page","status-publish","has-post-thumbnail","hentry"],"aioseo_notices":[],"_links":{"self":[{"href":"https:\/\/www.flyingstreet.art\/de\/wp-json\/wp\/v2\/pages\/2703","targetHints":{"allow":["GET"]}}],"collection":[{"href":"https:\/\/www.flyingstreet.art\/de\/wp-json\/wp\/v2\/pages"}],"about":[{"href":"https:\/\/www.flyingstreet.art\/de\/wp-json\/wp\/v2\/types\/page"}],"author":[{"embeddable":true,"href":"https:\/\/www.flyingstreet.art\/de\/wp-json\/wp\/v2\/users\/1"}],"replies":[{"embeddable":true,"href":"https:\/\/www.flyingstreet.art\/de\/wp-json\/wp\/v2\/comments?post=2703"}],"version-history":[{"count":47,"href":"https:\/\/www.flyingstreet.art\/de\/wp-json\/wp\/v2\/pages\/2703\/revisions"}],"predecessor-version":[{"id":4290,"href":"https:\/\/www.flyingstreet.art\/de\/wp-json\/wp\/v2\/pages\/2703\/revisions\/4290"}],"up":[{"embeddable":true,"href":"https:\/\/www.flyingstreet.art\/de\/wp-json\/wp\/v2\/pages\/2670"}],"wp:featuredmedia":[{"embeddable":true,"href":"https:\/\/www.flyingstreet.art\/de\/wp-json\/wp\/v2\/media\/3300"}],"wp:attachment":[{"href":"https:\/\/www.flyingstreet.art\/de\/wp-json\/wp\/v2\/media?parent=2703"}],"curies":[{"name":"wp","href":"https:\/\/api.w.org\/{rel}","templated":true}]}}