{"id":2697,"date":"2021-03-11T21:28:29","date_gmt":"2021-03-11T20:28:29","guid":{"rendered":"https:\/\/www.flyingstreet.art\/acts\/windrose\/"},"modified":"2025-01-12T13:52:14","modified_gmt":"2025-01-12T12:52:14","slug":"windrose","status":"publish","type":"page","link":"https:\/\/www.flyingstreet.art\/de\/acts\/windrose\/","title":{"rendered":"Windrose"},"content":{"rendered":"\n\t<div id=\"gap-827990200\" class=\"gap-element clearfix\" style=\"display:block; height:auto;\">\n\t\t\n<style>\n#gap-827990200 {\n  padding-top: 30px;\n}\n<\/style>\n\t<\/div>\n\t\n\n  <div id=\"page-header-1648915287\" class=\"page-header-wrapper\">\n  <div class=\"page-title dark normal-title has-parallax box-shadow-2\">\n\n        <div class=\"page-title-bg\">\n      <div class=\"title-bg fill bg-fill\"\n        data-parallax-container=\".page-title\"\n        data-parallax-background\n        data-parallax=\"-6\">\n      <\/div>\n      <div class=\"title-overlay fill\"><\/div>\n    <\/div>\n    \n    <div class=\"page-title-inner container align-center text-center flex-row-col medium-flex-wrap\" >\n              <div class=\"title-wrapper flex-col\">\n          <h1 class=\"entry-title mb-0\">\n            Windrose          <\/h1>\n        <\/div>\n                <div class=\"page-title-sub op-7 flex-col\">\n          <p class=\"lead\">Bungee-Act<\/p>\n        <\/div>\n                    <div class=\"title-content flex-col\">\n        <ul class=\"nav sm-touch-scroll nav-size-smaller nav-pills nav-uppercase text-center nav-center\"><li class=\"nav-single-page hidden\"><\/li><\/ul>      <\/div>\n    <\/div>\n\n     \n<style>\n#page-header-1648915287 .title-bg {\n  background-image: url(https:\/\/www.flyingstreet.art\/wp-content\/uploads\/2024\/01\/website-header-3-1-scaled.jpeg);\n  background-position: 54% 58%;\n}\n#page-header-1648915287 .title-overlay {\n  background-color: rgba(255, 255, 255, 0);\n}\n<\/style>\n  <\/div>\n    <\/div>\n  \n\n\t<div id=\"gap-2032480557\" class=\"gap-element clearfix\" style=\"display:block; height:auto;\">\n\t\t\n<style>\n#gap-2032480557 {\n  padding-top: 30px;\n}\n<\/style>\n\t<\/div>\n\t\n\n\n  <div class=\"banner has-hover has-video\" id=\"banner-794338519\">\n          <div class=\"banner-inner fill\">\n        <div class=\"banner-bg fill\" >\n                        \t<div class=\"video-overlay no-click fill visible\"><\/div>\n\t<video class=\"video-bg fill visible\" preload playsinline autoplay muted loop>\n\t\t<source src=\"https:\/\/www.sol-air.nl\/wp-content\/uploads\/2021\/03\/Specials-Windrose-Highflying-Act.mp4\" type=\"video\/mp4\">\t<\/video>\n                        \n                    <\/div>\n\t\t\n        <div class=\"banner-layers container\">\n            <div class=\"fill banner-link\"><\/div>            \n\n\n        <\/div>\n      <\/div>\n\n            \n<style>\n#banner-794338519 {\n  padding-top: 500px;\n}\n<\/style>\n  <\/div>\n\n\n\t<div id=\"gap-595741550\" class=\"gap-element clearfix\" style=\"display:block; height:auto;\">\n\t\t\n<style>\n#gap-595741550 {\n  padding-top: 30px;\n}\n<\/style>\n\t<\/div>\n\t\n\n\n\t<section class=\"section\" id=\"section_462239739\">\n\t\t<div class=\"section-bg fill\" >\n\t\t\t\t\t\t\t\t\t<div class=\"section-bg-overlay absolute fill\"><\/div>\n\t\t\t\n\n\t\t<\/div>\n\n\t\t\n\n\t\t<div class=\"section-content relative\">\n\t\t\t\n\n<div class=\"row\"  id=\"row-281488156\">\n\n\n\t<div id=\"col-1124823736\" class=\"col medium-6 small-12 large-6\"  >\n\t\t\t\t<div class=\"col-inner\"  >\n\t\t\t\n\t\t\t\n\n<h2><strong>Windrose<\/strong><\/h2>\n<p>ist speziell konzipiert f\u00fcr Open-Air-Veranstaltungen mit einer Spielh\u00f6he von mindestens 12 Metern geschaffen! Sobald es windig wird, erwachen die feinen Organza-T\u00fccher zu eigenem Leben.<\/p>\n<p>Als Sicherung werden Bungees benutzt, durch die die Choreografie eine extra Dimension bekommt. Eine Kombination, die in der Luftakrobatik nur selten zum Einsatz kommt.<\/p>\n<p>Im Wind nehmen die Organza-T\u00fccher in wundersch\u00f6nen Farben ein Eigenleben an und die Artistin tanzt zusammen mit dem Wind und den T\u00fcchern in einer atemberaubenden visuellen Luftperformance. Die Bungees erm\u00f6glichen gro\u00dfe Spr\u00fcnge und spektakul\u00e4re Saltos. Dadurch \u00fcberrascht der Act sowohl mit hochkar\u00e4tiger Akrobatik als auch mit bezaubernden T\u00fcchern.<\/p>\n\n\t\t<\/div>\n\t\t\t\t\t<\/div>\n\n\t\n\n\t<div id=\"col-2027468660\" class=\"col medium-6 small-12 large-6\"  >\n\t\t\t\t<div class=\"col-inner\"  >\n\t\t\t\n\t\t\t\n\n\t<div class=\"img has-hover x md-x lg-x y md-y lg-y\" id=\"image_2084597091\">\n\t\t\t\t\t\t\t\t<div class=\"img-inner dark\" >\n\t\t\t<img loading=\"lazy\" decoding=\"async\" width=\"531\" height=\"800\" src=\"https:\/\/www.flyingstreet.art\/wp-content\/uploads\/2025\/01\/DSC_1619-a-531x800.jpg\" class=\"attachment-large size-large\" alt=\"\" srcset=\"https:\/\/www.flyingstreet.art\/wp-content\/uploads\/2025\/01\/DSC_1619-a-531x800.jpg 531w, https:\/\/www.flyingstreet.art\/wp-content\/uploads\/2025\/01\/DSC_1619-a-265x400.jpg 265w, https:\/\/www.flyingstreet.art\/wp-content\/uploads\/2025\/01\/DSC_1619-a-768x1157.jpg 768w, https:\/\/www.flyingstreet.art\/wp-content\/uploads\/2025\/01\/DSC_1619-a.jpg 945w\" sizes=\"auto, (max-width: 531px) 100vw, 531px\" \/>\t\t\t\t\t\t\n\t\t\t\t\t<\/div>\n\t\t\t\t\t\t\t\t\n<style>\n#image_2084597091 {\n  width: 73%;\n}\n<\/style>\n\t<\/div>\n\t\n\n\n\t\t<\/div>\n\t\t\t\t\t<\/div>\n\n\t\n\n\n<style>\n#row-281488156 > .col > .col-inner {\n  padding: 0px 15px 0px 15px;\n}\n<\/style>\n<\/div>\n\t<a class=\"paoc-popup-click paoc-popup-cust-2907 paoc-popup-button paoc-popup-btn \" href=\"javascript:void(0);\">Anfrage schicken<\/a>\r\n\n\n\t\t<\/div>\n\n\t\t\n<style>\n#section_462239739 {\n  padding-top: 30px;\n  padding-bottom: 30px;\n}\n#section_462239739 .section-bg-overlay {\n  background-color: rgba(17, 50, 196, 0.5);\n}\n<\/style>\n\t<\/section>\n\t\n\t<div id=\"gap-258247618\" class=\"gap-element clearfix\" style=\"display:block; height:auto;\">\n\t\t\n<style>\n#gap-258247618 {\n  padding-top: 30px;\n}\n<\/style>\n\t<\/div>\n\t\n\n<div class=\"slider-wrapper relative\" id=\"slider-1526599442\" >\n    <div class=\"slider slider-nav-circle slider-nav-large slider-nav-light slider-style-normal slider-show-nav\"\n        data-flickity-options='{\n            \"cellAlign\": \"center\",\n            \"imagesLoaded\": true,\n            \"lazyLoad\": 1,\n            \"freeScroll\": false,\n            \"wrapAround\": true,\n            \"autoPlay\": 6000,\n            \"pauseAutoPlayOnHover\" : true,\n            \"prevNextButtons\": true,\n            \"contain\" : true,\n            \"adaptiveHeight\" : true,\n            \"dragThreshold\" : 10,\n            \"percentPosition\": true,\n            \"pageDots\": true,\n            \"rightToLeft\": false,\n            \"draggable\": true,\n            \"selectedAttraction\": 0.1,\n            \"parallax\" : 0,\n            \"friction\": 0.6        }'\n        >\n        \n\n\t<div class=\"img has-hover x md-x lg-x y md-y lg-y\" id=\"image_201407866\">\n\t\t<a class=\"image-lightbox lightbox-gallery\" title=\"Windrose Highflying Act\" href=\"https:\/\/www.flyingstreet.art\/wp-content\/uploads\/2021\/03\/Windrose-6-1257x800.jpg\">\t\t\t\t\t\t<div class=\"img-inner image-cover box-shadow-3 dark\" style=\"padding-top:50%;margin:0px 80px 0px 80px;\">\n\t\t\t<img loading=\"lazy\" decoding=\"async\" width=\"1020\" height=\"649\" src=\"https:\/\/www.flyingstreet.art\/wp-content\/uploads\/2021\/03\/Windrose-6-1257x800.jpg\" class=\"attachment-large size-large\" alt=\"\" srcset=\"https:\/\/www.flyingstreet.art\/wp-content\/uploads\/2021\/03\/Windrose-6-1257x800.jpg 1257w, https:\/\/www.flyingstreet.art\/wp-content\/uploads\/2021\/03\/Windrose-6-628x400.jpg 628w, https:\/\/www.flyingstreet.art\/wp-content\/uploads\/2021\/03\/Windrose-6-768x489.jpg 768w, https:\/\/www.flyingstreet.art\/wp-content\/uploads\/2021\/03\/Windrose-6-1536x978.jpg 1536w, https:\/\/www.flyingstreet.art\/wp-content\/uploads\/2021\/03\/Windrose-6-2048x1304.jpg 2048w, https:\/\/www.flyingstreet.art\/wp-content\/uploads\/2021\/03\/Windrose-6-600x382.jpg 600w\" sizes=\"auto, (max-width: 1020px) 100vw, 1020px\" \/>\t\t\t\t\t\t\n\t\t\t\t\t\t\t<div class=\"caption\">Windrose Highflying Act<\/div>\n\t\t\t\t\t<\/div>\n\t\t\t\t\t\t<\/a>\t\t\n<style>\n#image_201407866 {\n  width: 100%;\n}\n<\/style>\n\t<\/div>\n\t\n\n\t<div class=\"img has-hover x md-x lg-x y md-y lg-y\" id=\"image_1258285985\">\n\t\t<a class=\"image-lightbox lightbox-gallery\" title=\"Windrose Highflying Act\" href=\"https:\/\/www.flyingstreet.art\/wp-content\/uploads\/2021\/03\/Windrose-5-scaled.jpg\">\t\t\t\t\t\t<div class=\"img-inner image-cover box-shadow-3 dark\" style=\"padding-top:50%;margin:0px 80px 0px 80px;\">\n\t\t\t<img loading=\"lazy\" decoding=\"async\" width=\"1020\" height=\"680\" src=\"https:\/\/www.flyingstreet.art\/wp-content\/uploads\/2021\/03\/Windrose-5-1200x800.jpg\" class=\"attachment-large size-large\" alt=\"\" srcset=\"https:\/\/www.flyingstreet.art\/wp-content\/uploads\/2021\/03\/Windrose-5-1200x800.jpg 1200w, https:\/\/www.flyingstreet.art\/wp-content\/uploads\/2021\/03\/Windrose-5-600x400.jpg 600w, https:\/\/www.flyingstreet.art\/wp-content\/uploads\/2021\/03\/Windrose-5-768x512.jpg 768w, https:\/\/www.flyingstreet.art\/wp-content\/uploads\/2021\/03\/Windrose-5-391x260.jpg 391w, https:\/\/www.flyingstreet.art\/wp-content\/uploads\/2021\/03\/Windrose-5-1536x1024.jpg 1536w, https:\/\/www.flyingstreet.art\/wp-content\/uploads\/2021\/03\/Windrose-5-2048x1365.jpg 2048w\" sizes=\"auto, (max-width: 1020px) 100vw, 1020px\" \/>\t\t\t\t\t\t\n\t\t\t\t\t\t\t<div class=\"caption\">Windrose Highflying Act<\/div>\n\t\t\t\t\t<\/div>\n\t\t\t\t\t\t<\/a>\t\t\n<style>\n#image_1258285985 {\n  width: 100%;\n}\n<\/style>\n\t<\/div>\n\t\n\n\t<div class=\"img has-hover x md-x lg-x y md-y lg-y\" id=\"image_88179611\">\n\t\t<a class=\"image-lightbox lightbox-gallery\" title=\"\" href=\"https:\/\/www.flyingstreet.art\/wp-content\/uploads\/2021\/03\/Windrose-7-scaled.jpg\">\t\t\t\t\t\t<div class=\"img-inner image-cover box-shadow-3 dark\" style=\"padding-top:50%;margin:0px 80px 0px 80px;\">\n\t\t\t<img loading=\"lazy\" decoding=\"async\" width=\"1020\" height=\"680\" src=\"https:\/\/www.flyingstreet.art\/wp-content\/uploads\/2021\/03\/Windrose-7-1200x800.jpg\" class=\"attachment-large size-large\" alt=\"\" srcset=\"https:\/\/www.flyingstreet.art\/wp-content\/uploads\/2021\/03\/Windrose-7-1200x800.jpg 1200w, https:\/\/www.flyingstreet.art\/wp-content\/uploads\/2021\/03\/Windrose-7-600x400.jpg 600w, https:\/\/www.flyingstreet.art\/wp-content\/uploads\/2021\/03\/Windrose-7-768x512.jpg 768w, https:\/\/www.flyingstreet.art\/wp-content\/uploads\/2021\/03\/Windrose-7-391x260.jpg 391w, https:\/\/www.flyingstreet.art\/wp-content\/uploads\/2021\/03\/Windrose-7-1536x1024.jpg 1536w, https:\/\/www.flyingstreet.art\/wp-content\/uploads\/2021\/03\/Windrose-7-2048x1365.jpg 2048w\" sizes=\"auto, (max-width: 1020px) 100vw, 1020px\" \/>\t\t\t\t\t\t\n\t\t\t\t\t<\/div>\n\t\t\t\t\t\t<\/a>\t\t\n<style>\n#image_88179611 {\n  width: 100%;\n}\n<\/style>\n\t<\/div>\n\t\n\n\t<div class=\"img has-hover x md-x lg-x y md-y lg-y\" id=\"image_691737069\">\n\t\t\t\t\t\t\t\t<div class=\"img-inner image-cover box-shadow-3 dark\" style=\"padding-top:50%;margin:0px 80px 0px 80px;\">\n\t\t\t<img loading=\"lazy\" decoding=\"async\" width=\"1020\" height=\"680\" src=\"https:\/\/www.flyingstreet.art\/wp-content\/uploads\/2021\/03\/Windrose-2-1200x800.jpg\" class=\"attachment-large size-large\" alt=\"\" srcset=\"https:\/\/www.flyingstreet.art\/wp-content\/uploads\/2021\/03\/Windrose-2-1200x800.jpg 1200w, https:\/\/www.flyingstreet.art\/wp-content\/uploads\/2021\/03\/Windrose-2-600x400.jpg 600w, https:\/\/www.flyingstreet.art\/wp-content\/uploads\/2021\/03\/Windrose-2-768x512.jpg 768w, https:\/\/www.flyingstreet.art\/wp-content\/uploads\/2021\/03\/Windrose-2-391x260.jpg 391w, https:\/\/www.flyingstreet.art\/wp-content\/uploads\/2021\/03\/Windrose-2-1536x1024.jpg 1536w, https:\/\/www.flyingstreet.art\/wp-content\/uploads\/2021\/03\/Windrose-2-2048x1365.jpg 2048w\" sizes=\"auto, (max-width: 1020px) 100vw, 1020px\" \/>\t\t\t\t\t\t\n\t\t\t\t\t<\/div>\n\t\t\t\t\t\t\t\t\n<style>\n#image_691737069 {\n  width: 100%;\n}\n<\/style>\n\t<\/div>\n\t\n\n\n     <\/div>\n\n     <div class=\"loading-spin dark large centered\"><\/div>\n\n\t<\/div>\n\n\n\t<div id=\"gap-182869757\" class=\"gap-element clearfix\" style=\"display:block; height:auto;\">\n\t\t\n<style>\n#gap-182869757 {\n  padding-top: 30px;\n}\n<\/style>\n\t<\/div>\n\t\n\n\n\t<section class=\"section\" id=\"section_1905789354\">\n\t\t<div class=\"section-bg fill\" >\n\t\t\t\t\t\t\t\t\t<div class=\"section-bg-overlay absolute fill\"><\/div>\n\t\t\t\n\t<div class=\"is-border\"\n\t\tstyle=\"border-color:rgb(235, 235, 235);border-width:0px 0px 0px 0px;\">\n\t<\/div>\n\n\t\t<\/div>\n\n\t\t\n\n\t\t<div class=\"section-content relative\">\n\t\t\t\n\n<div class=\"row\"  id=\"row-1902003607\">\n\n\n\t<div id=\"col-1534174042\" class=\"col medium-6 small-12 large-6\"  >\n\t\t\t\t<div class=\"col-inner\"  >\n\t\t\t\n\t\t\t\n\n<h2 style=\"text-align: left;\"><strong>Erforderliche Technik<\/strong><\/h2>\n<p style=\"text-align: left;\">Als H\u00e4ngepunkt ist ein <strong>Kran<\/strong> am meisten anzuraten. Er geht hoch hinaus, sodass der Act von weither noch gesehen werden kann. Auch k\u00f6nnen die K\u00fcnstlerinnen einfliegen und das Publikum wird mit diesem vertr\u00e4umten Bild \u00fcberrascht. Als \u00dcberraschungseffekt und auch f\u00fcr die Festival-\u00c4sthetik kann der Kran z.B. hinter einer H\u00e4userecke versteckt werden, so dass er den Blick auf das Spektakel nicht st\u00f6rt. Motortakel oder andere mobile H\u00e4ngepunkte, die die technischen Voraussetzungen gew\u00e4hrleisten, k\u00f6nnen ebenfalls als H\u00e4ngepunkte gew\u00e4hlt werden.&nbsp;<\/p>\n<ul style=\"text-align: left;\">\n<li style=\"text-align: left;\">Frei bespielbare Bodenfl\u00e4che: nach Absprache<\/li>\n<li style=\"text-align: left;\">Traglast H\u00e4ngepunkt: 500kg<\/li>\n<li style=\"text-align: left;\">Anzahl H\u00e4ngepunkte: 1&nbsp;<\/li>\n<li>H\u00f6he H\u00e4ngepunkt: mindestens 12m<\/li>\n<\/ul>\n<p style=\"text-align: left;\">Flying Streetart kann eine eigene <strong>Musikanlage<\/strong> mitbringen.<\/p>\n\n\t\t<\/div>\n\t\t\t\t\t<\/div>\n\n\t\n\n\t<div id=\"col-520048693\" class=\"col medium-6 small-12 large-6\"  >\n\t\t\t\t<div class=\"col-inner\"  >\n\t\t\t\n\t\t\t\n\n\t<div class=\"img has-hover x md-x lg-x y md-y lg-y\" id=\"image_487425513\">\n\t\t\t\t\t\t\t\t<div class=\"img-inner dark\" >\n\t\t\t<img loading=\"lazy\" decoding=\"async\" width=\"533\" height=\"800\" src=\"https:\/\/www.flyingstreet.art\/wp-content\/uploads\/2021\/03\/Windrose-8-533x800.jpg\" class=\"attachment-large size-large\" alt=\"\" srcset=\"https:\/\/www.flyingstreet.art\/wp-content\/uploads\/2021\/03\/Windrose-8-533x800.jpg 533w, https:\/\/www.flyingstreet.art\/wp-content\/uploads\/2021\/03\/Windrose-8-267x400.jpg 267w, https:\/\/www.flyingstreet.art\/wp-content\/uploads\/2021\/03\/Windrose-8-768x1152.jpg 768w, https:\/\/www.flyingstreet.art\/wp-content\/uploads\/2021\/03\/Windrose-8-1024x1536.jpg 1024w, https:\/\/www.flyingstreet.art\/wp-content\/uploads\/2021\/03\/Windrose-8-1365x2048.jpg 1365w, https:\/\/www.flyingstreet.art\/wp-content\/uploads\/2021\/03\/Windrose-8-600x900.jpg 600w, https:\/\/www.flyingstreet.art\/wp-content\/uploads\/2021\/03\/Windrose-8-scaled.jpg 1707w\" sizes=\"auto, (max-width: 533px) 100vw, 533px\" \/>\t\t\t\t\t\t\n\t\t\t\t\t<\/div>\n\t\t\t\t\t\t\t\t\n<style>\n#image_487425513 {\n  width: 80%;\n}\n<\/style>\n\t<\/div>\n\t\n\n\n\t\t<\/div>\n\t\t\t\t\t<\/div>\n\n\t\n\n\n<style>\n#row-1902003607 > .col > .col-inner {\n  padding: 0px 15px 0px 15px;\n}\n<\/style>\n<\/div>\n<a href=\"https:\/\/www.sol-air.nl\/wp-content\/uploads\/2021\/04\/Technische-Rider-SO-Windrose.pdf\" target=\"_blank\" class=\"button primary\" rel=\"noopener\" >\n\t\t<span>Technischer Rider als .pdf<\/span>\n\t<\/a>\n\n\n\n\t\t<\/div>\n\n\t\t\n<style>\n#section_1905789354 {\n  padding-top: 30px;\n  padding-bottom: 30px;\n  min-height: 300px;\n}\n#section_1905789354 .section-bg-overlay {\n  background-color: rgba(17, 50, 196, 0.5);\n}\n<\/style>\n\t<\/section>\n\t\n\t<div id=\"gap-1578582074\" class=\"gap-element clearfix\" style=\"display:block; height:auto;\">\n\t\t\n<style>\n#gap-1578582074 {\n  padding-top: 30px;\n}\n<\/style>\n\t<\/div>\n\t\n\n\n","protected":false},"excerpt":{"rendered":"","protected":false},"author":1,"featured_media":2223,"parent":2670,"menu_order":0,"comment_status":"closed","ping_status":"closed","template":"","meta":{"content-type":"","_monsterinsights_skip_tracking":false,"_monsterinsights_sitenote_active":false,"_monsterinsights_sitenote_note":"","_monsterinsights_sitenote_category":0,"ngg_post_thumbnail":0,"footnotes":""},"class_list":["post-2697","page","type-page","status-publish","has-post-thumbnail","hentry"],"aioseo_notices":[],"_links":{"self":[{"href":"https:\/\/www.flyingstreet.art\/de\/wp-json\/wp\/v2\/pages\/2697","targetHints":{"allow":["GET"]}}],"collection":[{"href":"https:\/\/www.flyingstreet.art\/de\/wp-json\/wp\/v2\/pages"}],"about":[{"href":"https:\/\/www.flyingstreet.art\/de\/wp-json\/wp\/v2\/types\/page"}],"author":[{"embeddable":true,"href":"https:\/\/www.flyingstreet.art\/de\/wp-json\/wp\/v2\/users\/1"}],"replies":[{"embeddable":true,"href":"https:\/\/www.flyingstreet.art\/de\/wp-json\/wp\/v2\/comments?post=2697"}],"version-history":[{"count":10,"href":"https:\/\/www.flyingstreet.art\/de\/wp-json\/wp\/v2\/pages\/2697\/revisions"}],"predecessor-version":[{"id":4381,"href":"https:\/\/www.flyingstreet.art\/de\/wp-json\/wp\/v2\/pages\/2697\/revisions\/4381"}],"up":[{"embeddable":true,"href":"https:\/\/www.flyingstreet.art\/de\/wp-json\/wp\/v2\/pages\/2670"}],"wp:featuredmedia":[{"embeddable":true,"href":"https:\/\/www.flyingstreet.art\/de\/wp-json\/wp\/v2\/media\/2223"}],"wp:attachment":[{"href":"https:\/\/www.flyingstreet.art\/de\/wp-json\/wp\/v2\/media?parent=2697"}],"curies":[{"name":"wp","href":"https:\/\/api.w.org\/{rel}","templated":true}]}}