{"id":2689,"date":"2021-03-13T16:10:27","date_gmt":"2021-03-13T15:10:27","guid":{"rendered":"https:\/\/www.flyingstreet.art\/acts\/the-sassy-jassy-sisters\/"},"modified":"2025-01-12T13:36:24","modified_gmt":"2025-01-12T12:36:24","slug":"the-sassy-jassy-sisters","status":"publish","type":"page","link":"https:\/\/www.flyingstreet.art\/de\/acts\/the-sassy-jassy-sisters\/","title":{"rendered":"The Sassy Jassy Sisters"},"content":{"rendered":"\n\t<div id=\"gap-1703589301\" class=\"gap-element clearfix\" style=\"display:block; height:auto;\">\n\t\t\n<style>\n#gap-1703589301 {\n  padding-top: 30px;\n}\n<\/style>\n\t<\/div>\n\t\n\n  <div id=\"page-header-1967080488\" class=\"page-header-wrapper\">\n  <div class=\"page-title dark normal-title box-shadow-2\">\n\n        <div class=\"page-title-bg\">\n      <div class=\"title-bg fill bg-fill\"\n        data-parallax-container=\".page-title\"\n        data-parallax-background\n        data-parallax=\"-\">\n      <\/div>\n      <div class=\"title-overlay fill\"><\/div>\n    <\/div>\n    \n    <div class=\"page-title-inner container align-center text-center flex-row-col medium-flex-wrap\" >\n              <div class=\"title-wrapper flex-col\">\n          <h1 class=\"entry-title mb-0\">\n            The Sassy Jassy Sisters          <\/h1>\n        <\/div>\n                <div class=\"page-title-sub op-7 flex-col\">\n          <p class=\"lead\">Tuch Duett<\/p>\n        <\/div>\n                    <div class=\"title-content flex-col\">\n        <ul class=\"nav sm-touch-scroll nav-size-smaller nav-pills nav-uppercase text-center nav-center\"><li class=\"nav-single-page hidden\"><\/li><\/ul>      <\/div>\n    <\/div>\n\n     \n<style>\n#page-header-1967080488 .title-bg {\n  background-image: url(https:\/\/www.flyingstreet.art\/wp-content\/uploads\/2024\/01\/website-header-3-1-scaled.jpeg);\n  background-position: 54% 58%;\n}\n#page-header-1967080488 .title-overlay {\n  background-color: rgba(255, 255, 255, 0);\n}\n<\/style>\n  <\/div>\n    <\/div>\n  \n\n\t<div id=\"gap-542298969\" class=\"gap-element clearfix\" style=\"display:block; height:auto;\">\n\t\t\n<style>\n#gap-542298969 {\n  padding-top: 30px;\n}\n<\/style>\n\t<\/div>\n\t\n\n\n  <div class=\"banner has-hover has-video\" id=\"banner-655742768\">\n          <div class=\"banner-inner fill\">\n        <div class=\"banner-bg fill\" >\n                        \t<div class=\"video-overlay no-click fill visible\"><\/div>\n\t<video class=\"video-bg fill visible\" preload playsinline autoplay muted loop>\n\t\t<source src=\"https:\/\/www.sol-air.nl\/wp-content\/uploads\/2021\/03\/SassyJassytrailer02.mp4\" type=\"video\/mp4\">\t<\/video>\n                        \n                    <\/div>\n\t\t\n        <div class=\"banner-layers container\">\n            <div class=\"fill banner-link\"><\/div>            \n\n\n        <\/div>\n      <\/div>\n\n            \n<style>\n#banner-655742768 {\n  padding-top: 500px;\n}\n<\/style>\n  <\/div>\n\n\n\t<div id=\"gap-1064147616\" class=\"gap-element clearfix\" style=\"display:block; height:auto;\">\n\t\t\n<style>\n#gap-1064147616 {\n  padding-top: 30px;\n}\n<\/style>\n\t<\/div>\n\t\n\n\n\t<section class=\"section\" id=\"section_1170067126\">\n\t\t<div class=\"section-bg fill\" >\n\t\t\t\t\t\t\t\t\t<div class=\"section-bg-overlay absolute fill\"><\/div>\n\t\t\t\n\n\t\t<\/div>\n\n\t\t\n\n\t\t<div class=\"section-content relative\">\n\t\t\t\n\n<div class=\"row\"  id=\"row-1567542481\">\n\n\n\t<div id=\"col-1586721991\" class=\"col medium-6 small-12 large-6\"  >\n\t\t\t\t<div class=\"col-inner\"  >\n\t\t\t\n\t\t\t\n\n<h2>Die Sassy Jassy sisters<\/h2>\n<p>Luftartistik aus den goldenen 20er Jahren!<\/p>\n<p>Wir sind inspiriert von den ersten Luftartistinnen im 19. Jhd., die als riesige Ensembles von bis zu 100 T\u00e4nzerinnen in der Luft zusammen tanzten. Diese in Vergessenheit geratene Tradition greifen wir auf, und \u00fcbertragen sie auf unsere zeitgen\u00f6ssische Zirkus-Disziplin der Luftartistik: zwei Vertikalt\u00fcchern.<\/p>\n<p>Unser Stil ist nostalgischen &amp; zeitgen\u00f6ssisch retro. Die \u201eSassy Jassy Sisters\u201c &nbsp; sind Schwestern, Luftartistinnen und schon ziemlich lange im Gesch\u00e4ft! Glitzer, Glorie und goldene T\u00fccher beschwingen ihr luftiges Duett zu satten Beats der 20er.<\/p>\n<p>Die Schwestern k\u00f6nnten unterschiedlicher nicht sein. Die Eine ist verliebt in sich und ihren Glamour, die andere ist stark, offensiv und g\u00e4be alles f\u00fcr ein wenig mehr Luft! Die Fanfare ert\u00f6nt, der Tusch, der Vorhang \u00f6ffnet sich und eigentlich k\u00f6nnte jetzt die gro\u00dfe Show beginnen\u2026 Eine wunderbar komische Mischung aus Festival-Performance und Gala-Entertainment.<\/p>\n\n\t\t<\/div>\n\t\t\t\t\n<style>\n#col-1586721991 > .col-inner {\n  padding: 0px 15px 0px 15px;\n}\n<\/style>\n\t<\/div>\n\n\t\n\n\t<div id=\"col-128698999\" class=\"col medium-6 small-12 large-6\"  >\n\t\t\t\t<div class=\"col-inner\"  >\n\t\t\t\n\t\t\t\n\n\t<div class=\"img has-hover x md-x lg-x y md-y lg-y\" id=\"image_1379225364\">\n\t\t\t\t\t\t\t\t<div class=\"img-inner image-cover dark\" style=\"padding-top:100%;\">\n\t\t\t<img loading=\"lazy\" decoding=\"async\" width=\"578\" height=\"800\" src=\"https:\/\/www.flyingstreet.art\/wp-content\/uploads\/2021\/11\/Sassy-3-578x800.jpg\" class=\"attachment-large size-large\" alt=\"\" srcset=\"https:\/\/www.flyingstreet.art\/wp-content\/uploads\/2021\/11\/Sassy-3-578x800.jpg 578w, https:\/\/www.flyingstreet.art\/wp-content\/uploads\/2021\/11\/Sassy-3-289x400.jpg 289w, https:\/\/www.flyingstreet.art\/wp-content\/uploads\/2021\/11\/Sassy-3-768x1063.jpg 768w, https:\/\/www.flyingstreet.art\/wp-content\/uploads\/2021\/11\/Sassy-3-1109x1536.jpg 1109w, https:\/\/www.flyingstreet.art\/wp-content\/uploads\/2021\/11\/Sassy-3-1479x2048.jpg 1479w, https:\/\/www.flyingstreet.art\/wp-content\/uploads\/2021\/11\/Sassy-3-scaled.jpg 1849w\" sizes=\"auto, (max-width: 578px) 100vw, 578px\" \/>\t\t\t\t\t\t\n\t\t\t\t\t<\/div>\n\t\t\t\t\t\t\t\t\n<style>\n#image_1379225364 {\n  width: 100%;\n}\n<\/style>\n\t<\/div>\n\t\n\n\n\t\t<\/div>\n\t\t\t\t\t<\/div>\n\n\t\n\n<\/div>\n\t<a class=\"paoc-popup-click paoc-popup-cust-2907 paoc-popup-button paoc-popup-btn \" href=\"javascript:void(0);\">Anfrage schicken<\/a>\r\n\n\n\t\t<\/div>\n\n\t\t\n<style>\n#section_1170067126 {\n  padding-top: 30px;\n  padding-bottom: 30px;\n}\n#section_1170067126 .section-bg-overlay {\n  background-color: rgba(17, 50, 196, 0.5);\n}\n<\/style>\n\t<\/section>\n\t\n\t<div id=\"gap-737084094\" class=\"gap-element clearfix\" style=\"display:block; height:auto;\">\n\t\t\n<style>\n#gap-737084094 {\n  padding-top: 30px;\n}\n<\/style>\n\t<\/div>\n\t\n\n<div class=\"slider-wrapper relative\" id=\"slider-205159399\" >\n    <div class=\"slider slider-nav-circle slider-nav-large slider-nav-light slider-style-normal\"\n        data-flickity-options='{\n            \"cellAlign\": \"center\",\n            \"imagesLoaded\": true,\n            \"lazyLoad\": 1,\n            \"freeScroll\": false,\n            \"wrapAround\": true,\n            \"autoPlay\": 6000,\n            \"pauseAutoPlayOnHover\" : true,\n            \"prevNextButtons\": true,\n            \"contain\" : true,\n            \"adaptiveHeight\" : true,\n            \"dragThreshold\" : 10,\n            \"percentPosition\": true,\n            \"pageDots\": true,\n            \"rightToLeft\": false,\n            \"draggable\": true,\n            \"selectedAttraction\": 0.1,\n            \"parallax\" : 0,\n            \"friction\": 0.6        }'\n        >\n        \n\n\t<div class=\"img has-hover x md-x lg-x y md-y lg-y\" id=\"image_1540828582\">\n\t\t<a class=\"image-lightbox lightbox-gallery\" title=\"The Sassy Jassy Sisters\" href=\"https:\/\/www.flyingstreet.art\/wp-content\/uploads\/2021\/03\/sassyjassysisters1-1200x800.jpg\">\t\t\t\t\t\t<div class=\"img-inner image-cover box-shadow-3 dark\" style=\"padding-top:75%;\">\n\t\t\t<img loading=\"lazy\" decoding=\"async\" width=\"1020\" height=\"680\" src=\"https:\/\/www.flyingstreet.art\/wp-content\/uploads\/2021\/03\/sassyjassysisters1-1200x800.jpg\" class=\"attachment-large size-large\" alt=\"\" srcset=\"https:\/\/www.flyingstreet.art\/wp-content\/uploads\/2021\/03\/sassyjassysisters1-1200x800.jpg 1200w, https:\/\/www.flyingstreet.art\/wp-content\/uploads\/2021\/03\/sassyjassysisters1-600x400.jpg 600w, https:\/\/www.flyingstreet.art\/wp-content\/uploads\/2021\/03\/sassyjassysisters1-768x512.jpg 768w, https:\/\/www.flyingstreet.art\/wp-content\/uploads\/2021\/03\/sassyjassysisters1-391x260.jpg 391w, https:\/\/www.flyingstreet.art\/wp-content\/uploads\/2021\/03\/sassyjassysisters1-1536x1024.jpg 1536w, https:\/\/www.flyingstreet.art\/wp-content\/uploads\/2021\/03\/sassyjassysisters1-2048x1365.jpg 2048w\" sizes=\"auto, (max-width: 1020px) 100vw, 1020px\" \/>\t\t\t\t\t\t\n\t\t\t\t\t\t\t<div class=\"caption\">The Sassy Jassy Sisters<\/div>\n\t\t\t\t\t<\/div>\n\t\t\t\t\t\t<\/a>\t\t\n<style>\n#image_1540828582 {\n  width: 100%;\n}\n<\/style>\n\t<\/div>\n\t\n\n\t<div class=\"img has-hover x md-x lg-x y md-y lg-y\" id=\"image_272319130\">\n\t\t<a class=\"image-lightbox lightbox-gallery\" title=\"The Sassy Jassy Sisters\" href=\"https:\/\/www.flyingstreet.art\/wp-content\/uploads\/2021\/03\/sassyjassysisters4-scaled.jpg\">\t\t\t\t\t\t<div class=\"img-inner image-cover box-shadow-3 dark\" style=\"padding-top:75%;\">\n\t\t\t<img loading=\"lazy\" decoding=\"async\" width=\"1020\" height=\"680\" src=\"https:\/\/www.flyingstreet.art\/wp-content\/uploads\/2021\/03\/sassyjassysisters4-1200x800.jpg\" class=\"attachment-large size-large\" alt=\"\" srcset=\"https:\/\/www.flyingstreet.art\/wp-content\/uploads\/2021\/03\/sassyjassysisters4-1200x800.jpg 1200w, https:\/\/www.flyingstreet.art\/wp-content\/uploads\/2021\/03\/sassyjassysisters4-600x400.jpg 600w, https:\/\/www.flyingstreet.art\/wp-content\/uploads\/2021\/03\/sassyjassysisters4-768x512.jpg 768w, https:\/\/www.flyingstreet.art\/wp-content\/uploads\/2021\/03\/sassyjassysisters4-391x260.jpg 391w, https:\/\/www.flyingstreet.art\/wp-content\/uploads\/2021\/03\/sassyjassysisters4-1536x1024.jpg 1536w, https:\/\/www.flyingstreet.art\/wp-content\/uploads\/2021\/03\/sassyjassysisters4-2048x1365.jpg 2048w\" sizes=\"auto, (max-width: 1020px) 100vw, 1020px\" \/>\t\t\t\t\t\t\n\t\t\t\t\t\t\t<div class=\"caption\">The Sassy Jassy Sisters<\/div>\n\t\t\t\t\t<\/div>\n\t\t\t\t\t\t<\/a>\t\t\n<style>\n#image_272319130 {\n  width: 100%;\n}\n<\/style>\n\t<\/div>\n\t\n\n\t<div class=\"img has-hover x md-x lg-x y md-y lg-y\" id=\"image_313240311\">\n\t\t<a class=\"image-lightbox lightbox-gallery\" title=\"The Sassy Jassy Sisters\" href=\"https:\/\/www.flyingstreet.art\/wp-content\/uploads\/2021\/03\/sassyjassysisters2-scaled.jpg\">\t\t\t\t\t\t<div class=\"img-inner image-cover box-shadow-3 dark\" style=\"padding-top:75%;\">\n\t\t\t<img loading=\"lazy\" decoding=\"async\" width=\"1020\" height=\"680\" src=\"https:\/\/www.flyingstreet.art\/wp-content\/uploads\/2021\/03\/sassyjassysisters2-1200x800.jpg\" class=\"attachment-large size-large\" alt=\"\" srcset=\"https:\/\/www.flyingstreet.art\/wp-content\/uploads\/2021\/03\/sassyjassysisters2-1200x800.jpg 1200w, https:\/\/www.flyingstreet.art\/wp-content\/uploads\/2021\/03\/sassyjassysisters2-600x400.jpg 600w, https:\/\/www.flyingstreet.art\/wp-content\/uploads\/2021\/03\/sassyjassysisters2-768x512.jpg 768w, https:\/\/www.flyingstreet.art\/wp-content\/uploads\/2021\/03\/sassyjassysisters2-391x260.jpg 391w, https:\/\/www.flyingstreet.art\/wp-content\/uploads\/2021\/03\/sassyjassysisters2-1536x1024.jpg 1536w, https:\/\/www.flyingstreet.art\/wp-content\/uploads\/2021\/03\/sassyjassysisters2-2048x1365.jpg 2048w\" sizes=\"auto, (max-width: 1020px) 100vw, 1020px\" \/>\t\t\t\t\t\t\n\t\t\t\t\t\t\t<div class=\"caption\">The Sassy Jassy Sisters<\/div>\n\t\t\t\t\t<\/div>\n\t\t\t\t\t\t<\/a>\t\t\n<style>\n#image_313240311 {\n  width: 100%;\n}\n<\/style>\n\t<\/div>\n\t\n\n\t<div class=\"img has-hover x md-x lg-x y md-y lg-y\" id=\"image_1884843036\">\n\t\t\t\t\t\t\t\t<div class=\"img-inner image-cover box-shadow-3 dark\" style=\"padding-top:75%;\">\n\t\t\t<img loading=\"lazy\" decoding=\"async\" width=\"1020\" height=\"680\" src=\"https:\/\/www.flyingstreet.art\/wp-content\/uploads\/2021\/03\/sassyjassysisters5-1200x800.jpg\" class=\"attachment-large size-large\" alt=\"\" srcset=\"https:\/\/www.flyingstreet.art\/wp-content\/uploads\/2021\/03\/sassyjassysisters5-1200x800.jpg 1200w, https:\/\/www.flyingstreet.art\/wp-content\/uploads\/2021\/03\/sassyjassysisters5-600x400.jpg 600w, https:\/\/www.flyingstreet.art\/wp-content\/uploads\/2021\/03\/sassyjassysisters5-768x512.jpg 768w, https:\/\/www.flyingstreet.art\/wp-content\/uploads\/2021\/03\/sassyjassysisters5-391x260.jpg 391w, https:\/\/www.flyingstreet.art\/wp-content\/uploads\/2021\/03\/sassyjassysisters5-1536x1024.jpg 1536w, https:\/\/www.flyingstreet.art\/wp-content\/uploads\/2021\/03\/sassyjassysisters5-2048x1365.jpg 2048w\" sizes=\"auto, (max-width: 1020px) 100vw, 1020px\" \/>\t\t\t\t\t\t\n\t\t\t\t\t<\/div>\n\t\t\t\t\t\t\t\t\n<style>\n#image_1884843036 {\n  width: 100%;\n}\n<\/style>\n\t<\/div>\n\t\n\n\n     <\/div>\n\n     <div class=\"loading-spin dark large centered\"><\/div>\n\n\t<\/div>\n\n\n\t<div id=\"gap-1810140022\" class=\"gap-element clearfix\" style=\"display:block; height:auto;\">\n\t\t\n<style>\n#gap-1810140022 {\n  padding-top: 30px;\n}\n<\/style>\n\t<\/div>\n\t\n\n\n\t<section class=\"section\" id=\"section_21002531\">\n\t\t<div class=\"section-bg fill\" >\n\t\t\t\t\t\t\t\t\t<div class=\"section-bg-overlay absolute fill\"><\/div>\n\t\t\t\n\t<div class=\"is-border\"\n\t\tstyle=\"border-color:rgb(235, 235, 235);border-width:0px 0px 0px 0px;\">\n\t<\/div>\n\n\t\t<\/div>\n\n\t\t\n\n\t\t<div class=\"section-content relative\">\n\t\t\t\n\n<div class=\"row\"  id=\"row-2027807867\">\n\n\n\t<div id=\"col-1340055893\" class=\"col medium-6 small-12 large-6\"  >\n\t\t\t\t<div class=\"col-inner\"  >\n\t\t\t\n\t\t\t\n\n<h2 style=\"text-align: left;\"><strong>Erforderliche Technik<\/strong><\/h2>\n<p style=\"text-align: left;\">Die Sassy Jassy Sisters sind ausschlie\u00dflich an unserem&nbsp; <strong>Trapezger\u00fcst<\/strong> &nbsp;mit einer H\u00f6he von ca. 8m spielbar! Die Spiel- u. Standfl\u00e4che ist 8 m an einem freistehenden Dreibein.&nbsp;<\/p>\n<ul style=\"text-align: left;\">\n<li style=\"text-align: left;\">F\u00fcr den Aufbau wird eine Freifl\u00e4che am Boden von 18 x 8 m of 16m x 16m ben\u00f6tigt.<\/li>\n<li style=\"text-align: left;\">Tragkraft pro H\u00e4ngepunkt: 500 kg<\/li>\n<li style=\"text-align: left;\">Ben\u00f6tigte H\u00e4ngepunkte: 2&nbsp;<\/li>\n<\/ul>\n<p style=\"text-align: left;\">Flying Streetart kann eine eigene <strong>Musikanlage<\/strong> mitbringen. <br \/>Angebot anfragen !<\/p>\n\n\t\t<\/div>\n\t\t\t\t\n<style>\n#col-1340055893 > .col-inner {\n  padding: 0px 15px 0px 15px;\n}\n<\/style>\n\t<\/div>\n\n\t\n\n\t<div id=\"col-1142059386\" class=\"col medium-6 small-12 large-6\"  >\n\t\t\t\t<div class=\"col-inner\"  >\n\t\t\t\n\t\t\t\n\n\t<div class=\"img has-hover x md-x lg-x y md-y lg-y\" id=\"image_2004140793\">\n\t\t\t\t\t\t\t\t<div class=\"img-inner image-cover dark\" style=\"padding-top:100%;\">\n\t\t\t<img loading=\"lazy\" decoding=\"async\" width=\"578\" height=\"800\" src=\"https:\/\/www.flyingstreet.art\/wp-content\/uploads\/2021\/11\/Saassy1-578x800.jpg\" class=\"attachment-large size-large\" alt=\"\" srcset=\"https:\/\/www.flyingstreet.art\/wp-content\/uploads\/2021\/11\/Saassy1-578x800.jpg 578w, https:\/\/www.flyingstreet.art\/wp-content\/uploads\/2021\/11\/Saassy1-289x400.jpg 289w, https:\/\/www.flyingstreet.art\/wp-content\/uploads\/2021\/11\/Saassy1-768x1063.jpg 768w, https:\/\/www.flyingstreet.art\/wp-content\/uploads\/2021\/11\/Saassy1-1109x1536.jpg 1109w, https:\/\/www.flyingstreet.art\/wp-content\/uploads\/2021\/11\/Saassy1-1479x2048.jpg 1479w, https:\/\/www.flyingstreet.art\/wp-content\/uploads\/2021\/11\/Saassy1-scaled.jpg 1849w\" sizes=\"auto, (max-width: 578px) 100vw, 578px\" \/>\t\t\t\t\t\t\n\t\t\t\t\t<\/div>\n\t\t\t\t\t\t\t\t\n<style>\n#image_2004140793 {\n  width: 100%;\n}\n<\/style>\n\t<\/div>\n\t\n\n\n\t\t<\/div>\n\t\t\t\t\t<\/div>\n\n\t\n\n<\/div>\n<a href=\"https:\/\/www.flyingstreet.art\/wp-content\/uploads\/2025\/01\/2025-Technischer-Rider-Freistehendes-Trapeze-Gerust-1.pdf\" target=\"_blank\" class=\"button primary\" rel=\"noopener\" >\n\t\t<span>Rider Freistehendes ger\u00fcst (.pdf )<\/span>\n\t<\/a>\n\n\n\n\t\t<\/div>\n\n\t\t\n<style>\n#section_21002531 {\n  padding-top: 30px;\n  padding-bottom: 30px;\n  min-height: 300px;\n}\n#section_21002531 .section-bg-overlay {\n  background-color: rgba(17, 50, 196, 0.5);\n}\n<\/style>\n\t<\/section>\n\t\n\t<div id=\"gap-120916354\" class=\"gap-element clearfix\" style=\"display:block; height:auto;\">\n\t\t\n<style>\n#gap-120916354 {\n  padding-top: 30px;\n}\n<\/style>\n\t<\/div>\n\t\n\n\n","protected":false},"excerpt":{"rendered":"","protected":false},"author":1,"featured_media":2325,"parent":2670,"menu_order":0,"comment_status":"closed","ping_status":"closed","template":"","meta":{"content-type":"","_monsterinsights_skip_tracking":false,"_monsterinsights_sitenote_active":false,"_monsterinsights_sitenote_note":"","_monsterinsights_sitenote_category":0,"ngg_post_thumbnail":0,"footnotes":""},"class_list":["post-2689","page","type-page","status-publish","has-post-thumbnail","hentry"],"aioseo_notices":[],"_links":{"self":[{"href":"https:\/\/www.flyingstreet.art\/de\/wp-json\/wp\/v2\/pages\/2689","targetHints":{"allow":["GET"]}}],"collection":[{"href":"https:\/\/www.flyingstreet.art\/de\/wp-json\/wp\/v2\/pages"}],"about":[{"href":"https:\/\/www.flyingstreet.art\/de\/wp-json\/wp\/v2\/types\/page"}],"author":[{"embeddable":true,"href":"https:\/\/www.flyingstreet.art\/de\/wp-json\/wp\/v2\/users\/1"}],"replies":[{"embeddable":true,"href":"https:\/\/www.flyingstreet.art\/de\/wp-json\/wp\/v2\/comments?post=2689"}],"version-history":[{"count":9,"href":"https:\/\/www.flyingstreet.art\/de\/wp-json\/wp\/v2\/pages\/2689\/revisions"}],"predecessor-version":[{"id":4373,"href":"https:\/\/www.flyingstreet.art\/de\/wp-json\/wp\/v2\/pages\/2689\/revisions\/4373"}],"up":[{"embeddable":true,"href":"https:\/\/www.flyingstreet.art\/de\/wp-json\/wp\/v2\/pages\/2670"}],"wp:featuredmedia":[{"embeddable":true,"href":"https:\/\/www.flyingstreet.art\/de\/wp-json\/wp\/v2\/media\/2325"}],"wp:attachment":[{"href":"https:\/\/www.flyingstreet.art\/de\/wp-json\/wp\/v2\/media?parent=2689"}],"curies":[{"name":"wp","href":"https:\/\/api.w.org\/{rel}","templated":true}]}}