{"id":2687,"date":"2021-03-10T22:43:45","date_gmt":"2021-03-10T21:43:45","guid":{"rendered":"https:\/\/www.flyingstreet.art\/acts\/tendance-holiday\/"},"modified":"2025-01-12T13:55:43","modified_gmt":"2025-01-12T12:55:43","slug":"tendance-holiday","status":"publish","type":"page","link":"https:\/\/www.flyingstreet.art\/de\/acts\/tendance-holiday\/","title":{"rendered":"Tendance Holiday"},"content":{"rendered":"\n\t<div id=\"gap-1305603470\" class=\"gap-element clearfix\" style=\"display:block; height:auto;\">\n\t\t\n<style>\n#gap-1305603470 {\n  padding-top: 30px;\n}\n<\/style>\n\t<\/div>\n\t\n\n  <div id=\"page-header-848950491\" class=\"page-header-wrapper\">\n  <div class=\"page-title dark normal-title has-parallax box-shadow-2\">\n\n        <div class=\"page-title-bg\">\n      <div class=\"title-bg fill bg-fill\"\n        data-parallax-container=\".page-title\"\n        data-parallax-background\n        data-parallax=\"-6\">\n      <\/div>\n      <div class=\"title-overlay fill\"><\/div>\n    <\/div>\n    \n    <div class=\"page-title-inner container align-center text-center flex-row-col medium-flex-wrap\" >\n              <div class=\"title-wrapper flex-col\">\n          <h1 class=\"entry-title mb-0\">\n            Tendance Holiday          <\/h1>\n        <\/div>\n                <div class=\"page-title-sub op-7 flex-col\">\n          <p class=\"lead\">Luftartistik auf Abwegen<\/p>\n        <\/div>\n                    <div class=\"title-content flex-col\">\n        <ul class=\"nav sm-touch-scroll nav-size-smaller nav-pills nav-uppercase text-center nav-center\"><li class=\"nav-single-page hidden\"><\/li><\/ul>      <\/div>\n    <\/div>\n\n     \n<style>\n#page-header-848950491 .title-bg {\n  background-image: url(https:\/\/www.flyingstreet.art\/wp-content\/uploads\/2024\/01\/website-header-3-1-scaled.jpeg);\n  background-position: 54% 58%;\n}\n#page-header-848950491 .title-overlay {\n  background-color: rgba(255, 255, 255, 0);\n}\n<\/style>\n  <\/div>\n    <\/div>\n  \n\n\t<div id=\"gap-731457398\" class=\"gap-element clearfix\" style=\"display:block; height:auto;\">\n\t\t\n<style>\n#gap-731457398 {\n  padding-top: 30px;\n}\n<\/style>\n\t<\/div>\n\t\n\n\n  <div class=\"banner has-hover has-video\" id=\"banner-941903144\">\n          <div class=\"banner-inner fill\">\n        <div class=\"banner-bg fill\" >\n                        \t<div class=\"video-overlay no-click fill visible\"><\/div>\n\t<video class=\"video-bg fill visible\" preload playsinline autoplay muted loop>\n\t\t<source src=\"https:\/\/www.sol-air.nl\/wp-content\/uploads\/2021\/03\/Festival-Tendance-Holiday-Trailer.mp4\" type=\"video\/mp4\">\t<\/video>\n                        \n                    <\/div>\n\t\t\n        <div class=\"banner-layers container\">\n            <div class=\"fill banner-link\"><\/div>            \n\n\n        <\/div>\n      <\/div>\n\n            \n<style>\n#banner-941903144 {\n  padding-top: 500px;\n}\n<\/style>\n  <\/div>\n\n\n\t<div id=\"gap-1592422369\" class=\"gap-element clearfix\" style=\"display:block; height:auto;\">\n\t\t\n<style>\n#gap-1592422369 {\n  padding-top: 30px;\n}\n<\/style>\n\t<\/div>\n\t\n\n\n\t<section class=\"section\" id=\"section_1242067861\">\n\t\t<div class=\"section-bg fill\" >\n\t\t\t\t\t\t\t\t\t<div class=\"section-bg-overlay absolute fill\"><\/div>\n\t\t\t\n\n\t\t<\/div>\n\n\t\t\n\n\t\t<div class=\"section-content relative\">\n\t\t\t\n\n<div class=\"row\"  id=\"row-870685864\">\n\n\n\t<div id=\"col-963802017\" class=\"col medium-6 small-12 large-6\"  >\n\t\t\t\t<div class=\"col-inner\"  >\n\t\t\t\n\t\t\t\n\n<h2><strong>TENDANCE&nbsp; Holiday<\/strong><\/h2>\n<h4><strong>&#8211; Luftakrobatik auf Abwegen &#8211;<\/strong><\/h4>\n<p>2 Frauen sind mit dem Flugzeug am Urlaubsort angekommen <br \/>und suchen ihr Hotel \u2013 es ist ein Berghotel, hoch oben\u2026 <br \/>Oben angekommen, f\u00e4ngt die Eine schon an,<\/p>\n<p>sich etwas H\u00fcbsches f\u00fcrs Dinner rauszusuchen, w\u00e4hrend die Andere anscheinend einen falschen Koffer am Flughafen erwischt hat. Es entspinnt sich ein akrobatischer Wettkampf ums sch\u00f6nere Outfit !<\/p>\n<p>Ein Zirkus-Theater-St\u00fcck mit viel Spa\u00df und Luftartistik.&nbsp;<\/p>\n\n\t\t<\/div>\n\t\t\t\t\t<\/div>\n\n\t\n\n\t<div id=\"col-1331620801\" class=\"col medium-6 small-12 large-6\"  >\n\t\t\t\t<div class=\"col-inner\"  >\n\t\t\t\n\t\t\t\n\n<div class=\"slider-wrapper relative\" id=\"slider-375268100\" >\n    <div class=\"slider slider-nav-circle slider-nav-large slider-nav-light slider-style-normal\"\n        data-flickity-options='{\n            \"cellAlign\": \"center\",\n            \"imagesLoaded\": true,\n            \"lazyLoad\": 1,\n            \"freeScroll\": false,\n            \"wrapAround\": true,\n            \"autoPlay\": 6000,\n            \"pauseAutoPlayOnHover\" : true,\n            \"prevNextButtons\": true,\n            \"contain\" : true,\n            \"adaptiveHeight\" : true,\n            \"dragThreshold\" : 10,\n            \"percentPosition\": true,\n            \"pageDots\": true,\n            \"rightToLeft\": false,\n            \"draggable\": true,\n            \"selectedAttraction\": 0.1,\n            \"parallax\" : 0,\n            \"friction\": 0.6        }'\n        >\n        \n\n\t<div class=\"img has-hover x md-x lg-x y md-y lg-y\" id=\"image_1694229911\">\n\t\t\t\t\t\t\t\t<div class=\"img-inner dark\" >\n\t\t\t<img loading=\"lazy\" decoding=\"async\" width=\"715\" height=\"800\" src=\"https:\/\/www.flyingstreet.art\/wp-content\/uploads\/2021\/02\/Thumbnail-Tendance-Holiday-2-715x800.jpg\" class=\"attachment-large size-large\" alt=\"\" srcset=\"https:\/\/www.flyingstreet.art\/wp-content\/uploads\/2021\/02\/Thumbnail-Tendance-Holiday-2-715x800.jpg 715w, https:\/\/www.flyingstreet.art\/wp-content\/uploads\/2021\/02\/Thumbnail-Tendance-Holiday-2-357x400.jpg 357w, https:\/\/www.flyingstreet.art\/wp-content\/uploads\/2021\/02\/Thumbnail-Tendance-Holiday-2-768x860.jpg 768w, https:\/\/www.flyingstreet.art\/wp-content\/uploads\/2021\/02\/Thumbnail-Tendance-Holiday-2-600x672.jpg 600w, https:\/\/www.flyingstreet.art\/wp-content\/uploads\/2021\/02\/Thumbnail-Tendance-Holiday-2.jpg 1365w\" sizes=\"auto, (max-width: 715px) 100vw, 715px\" \/>\t\t\t\t\t\t\n\t\t\t\t\t<\/div>\n\t\t\t\t\t\t\t\t\n<style>\n#image_1694229911 {\n  width: 100%;\n}\n<\/style>\n\t<\/div>\n\t\n\n\n     <\/div>\n\n     <div class=\"loading-spin dark large centered\"><\/div>\n\n\t<\/div>\n\n\n\n\t\t<\/div>\n\t\t\t\t\t<\/div>\n\n\t\n\n\n<style>\n#row-870685864 > .col > .col-inner {\n  padding: 0px 15px 0px 15px;\n}\n<\/style>\n<\/div>\n\t<a class=\"paoc-popup-click paoc-popup-cust-2907 paoc-popup-button paoc-popup-btn \" href=\"javascript:void(0);\">Anfrage schicken<\/a>\r\n\n\n\t\t<\/div>\n\n\t\t\n<style>\n#section_1242067861 {\n  padding-top: 30px;\n  padding-bottom: 30px;\n}\n#section_1242067861 .section-bg-overlay {\n  background-color: rgba(17, 50, 196, 0.5);\n}\n<\/style>\n\t<\/section>\n\t\n\t<div id=\"gap-2013865486\" class=\"gap-element clearfix\" style=\"display:block; height:auto;\">\n\t\t\n<style>\n#gap-2013865486 {\n  padding-top: 30px;\n}\n<\/style>\n\t<\/div>\n\t\n\n<div class=\"slider-wrapper relative\" id=\"slider-26727777\" >\n    <div class=\"slider slider-nav-circle slider-nav-large slider-nav-light slider-style-normal\"\n        data-flickity-options='{\n            \"cellAlign\": \"center\",\n            \"imagesLoaded\": true,\n            \"lazyLoad\": 1,\n            \"freeScroll\": false,\n            \"wrapAround\": true,\n            \"autoPlay\": 6000,\n            \"pauseAutoPlayOnHover\" : true,\n            \"prevNextButtons\": true,\n            \"contain\" : true,\n            \"adaptiveHeight\" : true,\n            \"dragThreshold\" : 10,\n            \"percentPosition\": true,\n            \"pageDots\": true,\n            \"rightToLeft\": false,\n            \"draggable\": true,\n            \"selectedAttraction\": 0.1,\n            \"parallax\" : 0,\n            \"friction\": 0.6        }'\n        >\n        \n\n\t<div class=\"img has-hover x md-x lg-x y md-y lg-y\" id=\"image_363103272\">\n\t\t<a class=\"image-lightbox lightbox-gallery\" title=\"\" href=\"https:\/\/www.flyingstreet.art\/wp-content\/uploads\/2021\/09\/DSC_6046-Solair-Company-1199x800.jpg\">\t\t\t\t\t\t<div class=\"img-inner image-cover box-shadow-3 dark\" style=\"padding-top:50%;margin:0px 80px 0px 80px;\">\n\t\t\t<img loading=\"lazy\" decoding=\"async\" width=\"1020\" height=\"681\" src=\"https:\/\/www.flyingstreet.art\/wp-content\/uploads\/2021\/09\/DSC_6046-Solair-Company-1199x800.jpg\" class=\"attachment-large size-large\" alt=\"\" srcset=\"https:\/\/www.flyingstreet.art\/wp-content\/uploads\/2021\/09\/DSC_6046-Solair-Company-1199x800.jpg 1199w, https:\/\/www.flyingstreet.art\/wp-content\/uploads\/2021\/09\/DSC_6046-Solair-Company-599x400.jpg 599w, https:\/\/www.flyingstreet.art\/wp-content\/uploads\/2021\/09\/DSC_6046-Solair-Company-768x512.jpg 768w, https:\/\/www.flyingstreet.art\/wp-content\/uploads\/2021\/09\/DSC_6046-Solair-Company-391x260.jpg 391w, https:\/\/www.flyingstreet.art\/wp-content\/uploads\/2021\/09\/DSC_6046-Solair-Company-1536x1025.jpg 1536w, https:\/\/www.flyingstreet.art\/wp-content\/uploads\/2021\/09\/DSC_6046-Solair-Company-2048x1367.jpg 2048w\" sizes=\"auto, (max-width: 1020px) 100vw, 1020px\" \/>\t\t\t\t\t\t\n\t\t\t\t\t<\/div>\n\t\t\t\t\t\t<\/a>\t\t\n<style>\n#image_363103272 {\n  width: 100%;\n}\n<\/style>\n\t<\/div>\n\t\n\n\t<div class=\"img has-hover x md-x lg-x y md-y lg-y\" id=\"image_351788405\">\n\t\t<a class=\"image-lightbox lightbox-gallery\" title=\"\" href=\"https:\/\/www.flyingstreet.art\/wp-content\/uploads\/2021\/09\/DSC_6132-scaled.jpg\">\t\t\t\t\t\t<div class=\"img-inner image-cover box-shadow-3 dark\" style=\"padding-top:50%;margin:0px 80px 0px 80px;\">\n\t\t\t<img loading=\"lazy\" decoding=\"async\" width=\"1020\" height=\"681\" src=\"https:\/\/www.flyingstreet.art\/wp-content\/uploads\/2021\/09\/DSC_6132-1199x800.jpg\" class=\"attachment-large size-large\" alt=\"\" srcset=\"https:\/\/www.flyingstreet.art\/wp-content\/uploads\/2021\/09\/DSC_6132-1199x800.jpg 1199w, https:\/\/www.flyingstreet.art\/wp-content\/uploads\/2021\/09\/DSC_6132-599x400.jpg 599w, https:\/\/www.flyingstreet.art\/wp-content\/uploads\/2021\/09\/DSC_6132-768x512.jpg 768w\" sizes=\"auto, (max-width: 1020px) 100vw, 1020px\" \/>\t\t\t\t\t\t\n\t\t\t\t\t<\/div>\n\t\t\t\t\t\t<\/a>\t\t\n<style>\n#image_351788405 {\n  width: 100%;\n}\n<\/style>\n\t<\/div>\n\t\n\n\t<div class=\"img has-hover x md-x lg-x y md-y lg-y\" id=\"image_2146187239\">\n\t\t<a class=\"image-lightbox lightbox-gallery\" title=\"\" href=\"https:\/\/www.flyingstreet.art\/wp-content\/uploads\/2021\/09\/DSC_6114-scaled.jpg\">\t\t\t\t\t\t<div class=\"img-inner image-cover box-shadow-3 dark\" style=\"padding-top:50%;margin:0px 80px 0px 80px;\">\n\t\t\t<img loading=\"lazy\" decoding=\"async\" width=\"1020\" height=\"681\" src=\"https:\/\/www.flyingstreet.art\/wp-content\/uploads\/2021\/09\/DSC_6114-1199x800.jpg\" class=\"attachment-large size-large\" alt=\"\" srcset=\"https:\/\/www.flyingstreet.art\/wp-content\/uploads\/2021\/09\/DSC_6114-1199x800.jpg 1199w, https:\/\/www.flyingstreet.art\/wp-content\/uploads\/2021\/09\/DSC_6114-599x400.jpg 599w, https:\/\/www.flyingstreet.art\/wp-content\/uploads\/2021\/09\/DSC_6114-768x512.jpg 768w, https:\/\/www.flyingstreet.art\/wp-content\/uploads\/2021\/09\/DSC_6114-391x260.jpg 391w, https:\/\/www.flyingstreet.art\/wp-content\/uploads\/2021\/09\/DSC_6114-1536x1025.jpg 1536w, https:\/\/www.flyingstreet.art\/wp-content\/uploads\/2021\/09\/DSC_6114-2048x1367.jpg 2048w\" sizes=\"auto, (max-width: 1020px) 100vw, 1020px\" \/>\t\t\t\t\t\t\n\t\t\t\t\t<\/div>\n\t\t\t\t\t\t<\/a>\t\t\n<style>\n#image_2146187239 {\n  width: 100%;\n}\n<\/style>\n\t<\/div>\n\t\n\n\t<div class=\"img has-hover x md-x lg-x y md-y lg-y\" id=\"image_1785781061\">\n\t\t\t\t\t\t\t\t<div class=\"img-inner image-cover box-shadow-3 dark\" style=\"padding-top:50%;margin:0px 80px 0px 80px;\">\n\t\t\t<img loading=\"lazy\" decoding=\"async\" width=\"1\" height=\"1\" src=\"https:\/\/www.flyingstreet.art\/wp-content\/uploads\/2021\/09\/DSC_6125.jpg\" class=\"attachment-large size-large\" alt=\"\" \/>\t\t\t\t\t\t\n\t\t\t\t\t<\/div>\n\t\t\t\t\t\t\t\t\n<style>\n#image_1785781061 {\n  width: 100%;\n}\n<\/style>\n\t<\/div>\n\t\n\n\t<div class=\"img has-hover x md-x lg-x y md-y lg-y\" id=\"image_1147414090\">\n\t\t\t\t\t\t\t\t<div class=\"img-inner image-cover dark\" style=\"padding-top:50%;margin:0px 80px 0px 80px;\">\n\t\t\t<img loading=\"lazy\" decoding=\"async\" width=\"1020\" height=\"681\" src=\"https:\/\/www.flyingstreet.art\/wp-content\/uploads\/2021\/09\/DSC_6106-1199x800.jpg\" class=\"attachment-large size-large\" alt=\"\" srcset=\"https:\/\/www.flyingstreet.art\/wp-content\/uploads\/2021\/09\/DSC_6106-1199x800.jpg 1199w, https:\/\/www.flyingstreet.art\/wp-content\/uploads\/2021\/09\/DSC_6106-599x400.jpg 599w, https:\/\/www.flyingstreet.art\/wp-content\/uploads\/2021\/09\/DSC_6106-768x512.jpg 768w, https:\/\/www.flyingstreet.art\/wp-content\/uploads\/2021\/09\/DSC_6106-391x260.jpg 391w, https:\/\/www.flyingstreet.art\/wp-content\/uploads\/2021\/09\/DSC_6106-1536x1025.jpg 1536w, https:\/\/www.flyingstreet.art\/wp-content\/uploads\/2021\/09\/DSC_6106-2048x1367.jpg 2048w\" sizes=\"auto, (max-width: 1020px) 100vw, 1020px\" \/>\t\t\t\t\t\t\n\t\t\t\t\t<\/div>\n\t\t\t\t\t\t\t\t\n<style>\n#image_1147414090 {\n  width: 100%;\n}\n<\/style>\n\t<\/div>\n\t\n\n\t<div class=\"img has-hover x md-x lg-x y md-y lg-y\" id=\"image_657612260\">\n\t\t\t\t\t\t\t\t<div class=\"img-inner image-cover dark\" style=\"padding-top:50%;margin:0px 80px 0px 80px;\">\n\t\t\t<img loading=\"lazy\" decoding=\"async\" width=\"1020\" height=\"681\" src=\"https:\/\/www.flyingstreet.art\/wp-content\/uploads\/2021\/09\/DSC_6055-1199x800.jpg\" class=\"attachment-large size-large\" alt=\"\" srcset=\"https:\/\/www.flyingstreet.art\/wp-content\/uploads\/2021\/09\/DSC_6055-1199x800.jpg 1199w, https:\/\/www.flyingstreet.art\/wp-content\/uploads\/2021\/09\/DSC_6055-599x400.jpg 599w, https:\/\/www.flyingstreet.art\/wp-content\/uploads\/2021\/09\/DSC_6055-768x512.jpg 768w, https:\/\/www.flyingstreet.art\/wp-content\/uploads\/2021\/09\/DSC_6055-391x260.jpg 391w, https:\/\/www.flyingstreet.art\/wp-content\/uploads\/2021\/09\/DSC_6055-1536x1025.jpg 1536w, https:\/\/www.flyingstreet.art\/wp-content\/uploads\/2021\/09\/DSC_6055-2048x1367.jpg 2048w\" sizes=\"auto, (max-width: 1020px) 100vw, 1020px\" \/>\t\t\t\t\t\t\n\t\t\t\t\t<\/div>\n\t\t\t\t\t\t\t\t\n<style>\n#image_657612260 {\n  width: 100%;\n}\n<\/style>\n\t<\/div>\n\t\n\n\t<div class=\"img has-hover x md-x lg-x y md-y lg-y\" id=\"image_1924278591\">\n\t\t\t\t\t\t\t\t<div class=\"img-inner image-cover dark\" style=\"padding-top:50%;margin:0px 80px 0px 80px;\">\n\t\t\t<img loading=\"lazy\" decoding=\"async\" width=\"1020\" height=\"681\" src=\"https:\/\/www.flyingstreet.art\/wp-content\/uploads\/2021\/09\/DSC_6078-1199x800.jpg\" class=\"attachment-large size-large\" alt=\"\" srcset=\"https:\/\/www.flyingstreet.art\/wp-content\/uploads\/2021\/09\/DSC_6078-1199x800.jpg 1199w, https:\/\/www.flyingstreet.art\/wp-content\/uploads\/2021\/09\/DSC_6078-599x400.jpg 599w, https:\/\/www.flyingstreet.art\/wp-content\/uploads\/2021\/09\/DSC_6078-768x512.jpg 768w, https:\/\/www.flyingstreet.art\/wp-content\/uploads\/2021\/09\/DSC_6078-391x260.jpg 391w, https:\/\/www.flyingstreet.art\/wp-content\/uploads\/2021\/09\/DSC_6078-1536x1025.jpg 1536w, https:\/\/www.flyingstreet.art\/wp-content\/uploads\/2021\/09\/DSC_6078-2048x1367.jpg 2048w\" sizes=\"auto, (max-width: 1020px) 100vw, 1020px\" \/>\t\t\t\t\t\t\n\t\t\t\t\t<\/div>\n\t\t\t\t\t\t\t\t\n<style>\n#image_1924278591 {\n  width: 100%;\n}\n<\/style>\n\t<\/div>\n\t\n\n\n     <\/div>\n\n     <div class=\"loading-spin dark large centered\"><\/div>\n\n\t<\/div>\n\n\n\t<div id=\"gap-1707028209\" class=\"gap-element clearfix\" style=\"display:block; height:auto;\">\n\t\t\n<style>\n#gap-1707028209 {\n  padding-top: 30px;\n}\n<\/style>\n\t<\/div>\n\t\n\n\n\t<section class=\"section\" id=\"section_1935706418\">\n\t\t<div class=\"section-bg fill\" >\n\t\t\t\t\t\t\t\t\t<div class=\"section-bg-overlay absolute fill\"><\/div>\n\t\t\t\n\t<div class=\"is-border\"\n\t\tstyle=\"border-color:rgb(235, 235, 235);border-width:0px 0px 0px 0px;\">\n\t<\/div>\n\n\t\t<\/div>\n\n\t\t\n\n\t\t<div class=\"section-content relative\">\n\t\t\t\n\n<div class=\"row\"  id=\"row-1253206206\">\n\n\n\t<div id=\"col-925975681\" class=\"col medium-6 small-12 large-6\"  >\n\t\t\t\t<div class=\"col-inner\"  >\n\t\t\t\n\t\t\t\n\n<h2 style=\"text-align: left;\"><strong>Erforderliche Technik<\/strong><\/h2>\n<p style=\"text-align: left;\">Tendance Holiday ist ausschlie\u00dflich an unserem <strong>Trapezger\u00fcst<\/strong> mit einer H\u00f6he von ca. 8m spielbar!<\/p>\n<p class=\"p1\">Die Spiel- u. Standfl\u00e4che ist 8 m an einem freistehenden Dreibein.<\/p>\n<p class=\"p2\">F\u00fcr den Aufbau wird eine Freifl\u00e4che am Boden von 18 x 8 m of 16m x 16m ben\u00f6tigt.&nbsp;<\/p>\n<p class=\"p1\">\u2022<span class=\"Apple-converted-space\">&nbsp;<\/span>1 Stromanschlu\u00df mit 220 V f\u00fcr die Tonanlage.<\/p>\n<p style=\"text-align: left;\">Flying Streetart kann eine eigene <strong>Musikanlage<\/strong> mitbringen. <br \/>Angebot anfragen !<\/p>\n\n\t\t<\/div>\n\t\t\t\t\t<\/div>\n\n\t\n\n\t<div id=\"col-101307422\" class=\"col medium-6 small-12 large-6\"  >\n\t\t\t\t<div class=\"col-inner\"  >\n\t\t\t\n\t\t\t\n\n\t<div class=\"img has-hover x md-x lg-x y md-y lg-y\" id=\"image_1299391133\">\n\t\t\t\t\t\t\t\t<div class=\"img-inner dark\" >\n\t\t\t<img loading=\"lazy\" decoding=\"async\" width=\"600\" height=\"800\" src=\"https:\/\/www.flyingstreet.art\/wp-content\/uploads\/2021\/02\/WhatsApp-Image-2020-09-20-at-10.07.12-600x800.jpeg\" class=\"attachment-large size-large\" alt=\"\" srcset=\"https:\/\/www.flyingstreet.art\/wp-content\/uploads\/2021\/02\/WhatsApp-Image-2020-09-20-at-10.07.12-600x800.jpeg 600w, https:\/\/www.flyingstreet.art\/wp-content\/uploads\/2021\/02\/WhatsApp-Image-2020-09-20-at-10.07.12-300x400.jpeg 300w, https:\/\/www.flyingstreet.art\/wp-content\/uploads\/2021\/02\/WhatsApp-Image-2020-09-20-at-10.07.12-768x1023.jpeg 768w, https:\/\/www.flyingstreet.art\/wp-content\/uploads\/2021\/02\/WhatsApp-Image-2020-09-20-at-10.07.12-1153x1536.jpeg 1153w, https:\/\/www.flyingstreet.art\/wp-content\/uploads\/2021\/02\/WhatsApp-Image-2020-09-20-at-10.07.12.jpeg 1200w\" sizes=\"auto, (max-width: 600px) 100vw, 600px\" \/>\t\t\t\t\t\t\n\t\t\t\t\t<\/div>\n\t\t\t\t\t\t\t\t\n<style>\n#image_1299391133 {\n  width: 100%;\n}\n<\/style>\n\t<\/div>\n\t\n\n\n\t\t<\/div>\n\t\t\t\t\t<\/div>\n\n\t\n\n\n<style>\n#row-1253206206 > .col > .col-inner {\n  padding: 0px 15px 0px 15px;\n}\n<\/style>\n<\/div>\n<a href=\"https:\/\/www.flyingstreet.art\/wp-content\/uploads\/2025\/01\/2025-Technischer-Rider-Freistehendes-Trapeze-Gerust-1.pdf\" target=\"_blank\" class=\"button primary\" rel=\"noopener\" >\n\t\t<span>Rider Freistehendes Ger\u00fcst(.pdf )<\/span>\n\t<\/a>\n\n\n\n\t\t<\/div>\n\n\t\t\n<style>\n#section_1935706418 {\n  padding-top: 30px;\n  padding-bottom: 30px;\n  min-height: 300px;\n}\n#section_1935706418 .section-bg-overlay {\n  background-color: rgba(17, 50, 196, 0.5);\n}\n<\/style>\n\t<\/section>\n\t\n\t<div id=\"gap-1830751089\" class=\"gap-element clearfix\" style=\"display:block; height:auto;\">\n\t\t\n<style>\n#gap-1830751089 {\n  padding-top: 30px;\n}\n<\/style>\n\t<\/div>\n\t\n\n\n","protected":false},"excerpt":{"rendered":"","protected":false},"author":1,"featured_media":2069,"parent":2670,"menu_order":0,"comment_status":"closed","ping_status":"closed","template":"","meta":{"content-type":"","_monsterinsights_skip_tracking":false,"_monsterinsights_sitenote_active":false,"_monsterinsights_sitenote_note":"","_monsterinsights_sitenote_category":0,"ngg_post_thumbnail":0,"footnotes":""},"class_list":["post-2687","page","type-page","status-publish","has-post-thumbnail","hentry"],"aioseo_notices":[],"_links":{"self":[{"href":"https:\/\/www.flyingstreet.art\/de\/wp-json\/wp\/v2\/pages\/2687","targetHints":{"allow":["GET"]}}],"collection":[{"href":"https:\/\/www.flyingstreet.art\/de\/wp-json\/wp\/v2\/pages"}],"about":[{"href":"https:\/\/www.flyingstreet.art\/de\/wp-json\/wp\/v2\/types\/page"}],"author":[{"embeddable":true,"href":"https:\/\/www.flyingstreet.art\/de\/wp-json\/wp\/v2\/users\/1"}],"replies":[{"embeddable":true,"href":"https:\/\/www.flyingstreet.art\/de\/wp-json\/wp\/v2\/comments?post=2687"}],"version-history":[{"count":9,"href":"https:\/\/www.flyingstreet.art\/de\/wp-json\/wp\/v2\/pages\/2687\/revisions"}],"predecessor-version":[{"id":4384,"href":"https:\/\/www.flyingstreet.art\/de\/wp-json\/wp\/v2\/pages\/2687\/revisions\/4384"}],"up":[{"embeddable":true,"href":"https:\/\/www.flyingstreet.art\/de\/wp-json\/wp\/v2\/pages\/2670"}],"wp:featuredmedia":[{"embeddable":true,"href":"https:\/\/www.flyingstreet.art\/de\/wp-json\/wp\/v2\/media\/2069"}],"wp:attachment":[{"href":"https:\/\/www.flyingstreet.art\/de\/wp-json\/wp\/v2\/media?parent=2687"}],"curies":[{"name":"wp","href":"https:\/\/api.w.org\/{rel}","templated":true}]}}