{"id":2685,"date":"2021-03-11T22:13:16","date_gmt":"2021-03-11T21:13:16","guid":{"rendered":"https:\/\/www.flyingstreet.art\/acts\/nieuw-zicht\/"},"modified":"2025-01-09T11:22:04","modified_gmt":"2025-01-09T10:22:04","slug":"nieuw-zicht","status":"publish","type":"page","link":"https:\/\/www.flyingstreet.art\/de\/acts\/nieuw-zicht\/","title":{"rendered":"Nieuw Zicht"},"content":{"rendered":"\n\t<div id=\"gap-1366515060\" class=\"gap-element clearfix\" style=\"display:block; height:auto;\">\n\t\t\n<style>\n#gap-1366515060 {\n  padding-top: 30px;\n}\n<\/style>\n\t<\/div>\n\t\n\n  <div id=\"page-header-638092008\" class=\"page-header-wrapper\">\n  <div class=\"page-title dark normal-title has-parallax box-shadow-2\">\n\n        <div class=\"page-title-bg\">\n      <div class=\"title-bg fill bg-fill\"\n        data-parallax-container=\".page-title\"\n        data-parallax-background\n        data-parallax=\"-6\">\n      <\/div>\n      <div class=\"title-overlay fill\"><\/div>\n    <\/div>\n    \n    <div class=\"page-title-inner container align-center text-center flex-row-col medium-flex-wrap\" >\n              <div class=\"title-wrapper flex-col\">\n          <h1 class=\"entry-title mb-0\">\n            Nieuw Zicht          <\/h1>\n        <\/div>\n                <div class=\"page-title-sub op-7 flex-col\">\n          <p class=\"lead\">Akrobatik und Tanz<\/p>\n        <\/div>\n                    <div class=\"title-content flex-col\">\n        <ul class=\"nav sm-touch-scroll nav-size-smaller nav-pills nav-uppercase text-center nav-center\"><li class=\"nav-single-page hidden\"><\/li><\/ul>      <\/div>\n    <\/div>\n\n     \n<style>\n#page-header-638092008 .title-bg {\n  background-image: url(https:\/\/www.flyingstreet.art\/wp-content\/uploads\/2024\/01\/website-header-3-1-scaled.jpeg);\n  background-position: 54% 58%;\n}\n<\/style>\n  <\/div>\n    <\/div>\n  \n\n\t<div id=\"gap-332855234\" class=\"gap-element clearfix\" style=\"display:block; height:auto;\">\n\t\t\n<style>\n#gap-332855234 {\n  padding-top: 30px;\n}\n<\/style>\n\t<\/div>\n\t\n\n\n  <div class=\"banner has-hover has-video\" id=\"banner-1233990103\">\n          <div class=\"banner-inner fill\">\n        <div class=\"banner-bg fill\" >\n                        \t<div class=\"video-overlay no-click fill visible\"><\/div>\n\t<video class=\"video-bg fill visible\" preload playsinline autoplay muted loop>\n\t\t<source src=\"https:\/\/www.flyingstreet.art\/wp-content\/uploads\/2024\/01\/NZ-short-promo.mp4\" type=\"video\/mp4\">\t<\/video>\n                        \n                    <\/div>\n\t\t\n        <div class=\"banner-layers container\">\n            <div class=\"fill banner-link\"><\/div>            \n\n\n        <\/div>\n      <\/div>\n\n            \n<style>\n#banner-1233990103 {\n  padding-top: 500px;\n}\n<\/style>\n  <\/div>\n\n\n\t<div id=\"gap-1145527395\" class=\"gap-element clearfix\" style=\"display:block; height:auto;\">\n\t\t\n<style>\n#gap-1145527395 {\n  padding-top: 30px;\n}\n<\/style>\n\t<\/div>\n\t\n\n\n\t<section class=\"section\" id=\"section_1244277400\">\n\t\t<div class=\"section-bg fill\" >\n\t\t\t\t\t\t\t\t\t<div class=\"section-bg-overlay absolute fill\"><\/div>\n\t\t\t\n\n\t\t<\/div>\n\n\t\t\n\n\t\t<div class=\"section-content relative\">\n\t\t\t\n\n<div class=\"row\"  id=\"row-805390253\">\n\n\n\t<div id=\"col-887658637\" class=\"col medium-6 small-12 large-6\"  >\n\t\t\t\t<div class=\"col-inner\"  >\n\t\t\t\n\t\t\t\n\n<h2>Nieuw Zicht<\/h2>\n<p class=\"p1\">Auf einem imposanten, sieben Meter hohen Rollger\u00fcst entfaltet sich eine ungew\u00f6hnliche und faszinierende Performance. Wo normalerweise Bauarbeiter ihren Arbeitsplatz h\u00e4tten, verwandeln vier talentierte Akrobatinnen die Konstruktion in eine spektakul\u00e4re B\u00fchne. Auf allen Ebenen und zwischen den st\u00e4hlernen Stangen entstehen humorvolle und abwechslungsreiche Szenen voller Dynamik und Ausdruck.<\/p>\n<p class=\"p1\">Mit synchronen und kreativen Choreografien erwecken die K\u00fcnstlerinnen das Ger\u00fcst zum Leben. Sie bewegen sich an den Au\u00dfenleitern, schwingen an Seilen in luftige H\u00f6hen und zeigen beeindruckende Kontorsionen sowie mutige Luftakrobatik, w\u00e4hrend unter ihnen nur der freie Raum bleibt.<br><br><b>Nieuw Zicht <\/b>bedeutet nicht nur \u201eneue Sichtweise\u201c, sondern ist ein atemberaubendes Erlebnis, das mit unkonventioneller Artistik und vielseitigem Humor \u00fcberrascht. Diese einzigartige Darbietung er\u00f6ffnet neue Perspektiven auf die Verbindung von Akrobatik und urbanem Raum und zeigt, wie k\u00fcnstlerische Gestaltung den \u00f6ffentlichen Raum auf inspirierende Weise verwandeln kann.<\/p>\n\n\t\t<\/div>\n\t\t\t\t\t<\/div>\n\n\t\n\n\t<div id=\"col-1847335075\" class=\"col medium-6 small-12 large-6\"  >\n\t\t\t\t<div class=\"col-inner\"  >\n\t\t\t\n\t\t\t\n\n<div class=\"slider-wrapper relative\" id=\"slider-1604529770\" >\n    <div class=\"slider slider-nav-circle slider-nav-large slider-nav-light slider-style-normal\"\n        data-flickity-options='{\n            \"cellAlign\": \"center\",\n            \"imagesLoaded\": true,\n            \"lazyLoad\": 1,\n            \"freeScroll\": false,\n            \"wrapAround\": true,\n            \"autoPlay\": 6000,\n            \"pauseAutoPlayOnHover\" : true,\n            \"prevNextButtons\": true,\n            \"contain\" : true,\n            \"adaptiveHeight\" : true,\n            \"dragThreshold\" : 10,\n            \"percentPosition\": true,\n            \"pageDots\": true,\n            \"rightToLeft\": false,\n            \"draggable\": true,\n            \"selectedAttraction\": 0.1,\n            \"parallax\" : 0,\n            \"friction\": 0.6        }'\n        >\n        \n\n\t<div class=\"img has-hover x md-x lg-x y md-y lg-y\" id=\"image_322828555\">\n\t\t\t\t\t\t\t\t<div class=\"img-inner image-cover dark\" style=\"padding-top:180%;\">\n\t\t\t<img loading=\"lazy\" decoding=\"async\" width=\"533\" height=\"800\" src=\"https:\/\/www.flyingstreet.art\/wp-content\/uploads\/2022\/12\/NZ-DB-Schenker4-533x800.jpg\" class=\"attachment-large size-large\" alt=\"\" srcset=\"https:\/\/www.flyingstreet.art\/wp-content\/uploads\/2022\/12\/NZ-DB-Schenker4-533x800.jpg 533w, https:\/\/www.flyingstreet.art\/wp-content\/uploads\/2022\/12\/NZ-DB-Schenker4-267x400.jpg 267w, https:\/\/www.flyingstreet.art\/wp-content\/uploads\/2022\/12\/NZ-DB-Schenker4-768x1152.jpg 768w, https:\/\/www.flyingstreet.art\/wp-content\/uploads\/2022\/12\/NZ-DB-Schenker4-1024x1536.jpg 1024w, https:\/\/www.flyingstreet.art\/wp-content\/uploads\/2022\/12\/NZ-DB-Schenker4-1365x2048.jpg 1365w, https:\/\/www.flyingstreet.art\/wp-content\/uploads\/2022\/12\/NZ-DB-Schenker4-scaled.jpg 1707w\" sizes=\"auto, (max-width: 533px) 100vw, 533px\" \/>\t\t\t\t\t\t\n\t\t\t\t\t<\/div>\n\t\t\t\t\t\t\t\t\n<style>\n#image_322828555 {\n  width: 100%;\n}\n<\/style>\n\t<\/div>\n\t\n\n\t<div class=\"img has-hover x md-x lg-x y md-y lg-y\" id=\"image_1297167048\">\n\t\t\t\t\t\t\t\t<div class=\"img-inner image-cover dark\" style=\"padding-top:180%;\">\n\t\t\t<img loading=\"lazy\" decoding=\"async\" width=\"1020\" height=\"680\" src=\"https:\/\/www.flyingstreet.art\/wp-content\/uploads\/2022\/12\/NZ-DB-Schenker6-1200x800.jpg\" class=\"attachment-large size-large\" alt=\"\" srcset=\"https:\/\/www.flyingstreet.art\/wp-content\/uploads\/2022\/12\/NZ-DB-Schenker6-1200x800.jpg 1200w, https:\/\/www.flyingstreet.art\/wp-content\/uploads\/2022\/12\/NZ-DB-Schenker6-600x400.jpg 600w, https:\/\/www.flyingstreet.art\/wp-content\/uploads\/2022\/12\/NZ-DB-Schenker6-768x512.jpg 768w, https:\/\/www.flyingstreet.art\/wp-content\/uploads\/2022\/12\/NZ-DB-Schenker6-391x260.jpg 391w, https:\/\/www.flyingstreet.art\/wp-content\/uploads\/2022\/12\/NZ-DB-Schenker6-1536x1024.jpg 1536w, https:\/\/www.flyingstreet.art\/wp-content\/uploads\/2022\/12\/NZ-DB-Schenker6-2048x1365.jpg 2048w\" sizes=\"auto, (max-width: 1020px) 100vw, 1020px\" \/>\t\t\t\t\t\t\n\t\t\t\t\t<\/div>\n\t\t\t\t\t\t\t\t\n<style>\n#image_1297167048 {\n  width: 100%;\n}\n<\/style>\n\t<\/div>\n\t\n\n\t<div class=\"img has-hover x md-x lg-x y md-y lg-y\" id=\"image_1297360183\">\n\t\t\t\t\t\t\t\t<div class=\"img-inner image-cover dark\" style=\"padding-top:180%;\">\n\t\t\t<img loading=\"lazy\" decoding=\"async\" width=\"1020\" height=\"680\" src=\"https:\/\/www.flyingstreet.art\/wp-content\/uploads\/2022\/12\/NZ-DB-Schenker5-1200x800.jpg\" class=\"attachment-large size-large\" alt=\"\" srcset=\"https:\/\/www.flyingstreet.art\/wp-content\/uploads\/2022\/12\/NZ-DB-Schenker5-1200x800.jpg 1200w, https:\/\/www.flyingstreet.art\/wp-content\/uploads\/2022\/12\/NZ-DB-Schenker5-600x400.jpg 600w, https:\/\/www.flyingstreet.art\/wp-content\/uploads\/2022\/12\/NZ-DB-Schenker5-768x512.jpg 768w, https:\/\/www.flyingstreet.art\/wp-content\/uploads\/2022\/12\/NZ-DB-Schenker5-391x260.jpg 391w, https:\/\/www.flyingstreet.art\/wp-content\/uploads\/2022\/12\/NZ-DB-Schenker5-1536x1024.jpg 1536w, https:\/\/www.flyingstreet.art\/wp-content\/uploads\/2022\/12\/NZ-DB-Schenker5-2048x1365.jpg 2048w\" sizes=\"auto, (max-width: 1020px) 100vw, 1020px\" \/>\t\t\t\t\t\t\n\t\t\t\t\t<\/div>\n\t\t\t\t\t\t\t\t\n<style>\n#image_1297360183 {\n  width: 100%;\n}\n<\/style>\n\t<\/div>\n\t\n\n\n     <\/div>\n\n     <div class=\"loading-spin dark large centered\"><\/div>\n\n\t<\/div>\n\n\n\n\t\t<\/div>\n\t\t\t\t\t<\/div>\n\n\t\n\n\n<style>\n#row-805390253 > .col > .col-inner {\n  padding: 0px 15px 0px 15px;\n}\n<\/style>\n<\/div>\n<p class=\"p1\"><span class=\"s1\">\t<a class=\"paoc-popup-click paoc-popup-cust-2907 paoc-popup-button paoc-popup-btn \" href=\"javascript:void(0);\">Anfrage schicken<\/a>\r\n<\/span><\/p>\n\n\t\t<\/div>\n\n\t\t\n<style>\n#section_1244277400 {\n  padding-top: 30px;\n  padding-bottom: 30px;\n}\n#section_1244277400 .section-bg-overlay {\n  background-color: rgba(17, 50, 196, 0.5);\n}\n<\/style>\n\t<\/section>\n\t\n\t<div id=\"gap-805017671\" class=\"gap-element clearfix\" style=\"display:block; height:auto;\">\n\t\t\n<style>\n#gap-805017671 {\n  padding-top: 30px;\n}\n<\/style>\n\t<\/div>\n\t\n\n<div class=\"slider-wrapper relative\" id=\"slider-1439861520\" style=\"background-color:rgba(255, 253, 253, 0.2);\">\n    <div class=\"slider slider-type-fade slider-nav-circle slider-nav-large slider-nav-light slider-style-normal slider-show-nav\"\n        data-flickity-options='{\n            \"cellAlign\": \"center\",\n            \"imagesLoaded\": true,\n            \"lazyLoad\": 1,\n            \"freeScroll\": false,\n            \"wrapAround\": true,\n            \"autoPlay\": 6000,\n            \"pauseAutoPlayOnHover\" : true,\n            \"prevNextButtons\": true,\n            \"contain\" : true,\n            \"adaptiveHeight\" : true,\n            \"dragThreshold\" : 10,\n            \"percentPosition\": true,\n            \"pageDots\": true,\n            \"rightToLeft\": false,\n            \"draggable\": true,\n            \"selectedAttraction\": 0.1,\n            \"parallax\" : 0,\n            \"friction\": 0.6        }'\n        >\n        \n\n\t<div class=\"img has-hover x md-x lg-x y md-y lg-y\" id=\"image_1792684572\">\n\t\t\t\t\t\t\t\t<div class=\"img-inner image-cover dark\" style=\"padding-top:50%;margin:0px 80px 0px 80px;\">\n\t\t\t<img loading=\"lazy\" decoding=\"async\" width=\"1020\" height=\"736\" src=\"https:\/\/www.flyingstreet.art\/wp-content\/uploads\/2023\/11\/Stadtfest_KME_2023_JuergenRoesner_059-1108x800.jpg\" class=\"attachment-large size-large\" alt=\"\" srcset=\"https:\/\/www.flyingstreet.art\/wp-content\/uploads\/2023\/11\/Stadtfest_KME_2023_JuergenRoesner_059-1108x800.jpg 1108w, https:\/\/www.flyingstreet.art\/wp-content\/uploads\/2023\/11\/Stadtfest_KME_2023_JuergenRoesner_059-554x400.jpg 554w, https:\/\/www.flyingstreet.art\/wp-content\/uploads\/2023\/11\/Stadtfest_KME_2023_JuergenRoesner_059-768x554.jpg 768w, https:\/\/www.flyingstreet.art\/wp-content\/uploads\/2023\/11\/Stadtfest_KME_2023_JuergenRoesner_059-1536x1109.jpg 1536w, https:\/\/www.flyingstreet.art\/wp-content\/uploads\/2023\/11\/Stadtfest_KME_2023_JuergenRoesner_059.jpg 2000w\" sizes=\"auto, (max-width: 1020px) 100vw, 1020px\" \/>\t\t\t\t\t\t\n\t\t\t\t\t<\/div>\n\t\t\t\t\t\t\t\t\n<style>\n#image_1792684572 {\n  width: 100%;\n}\n<\/style>\n\t<\/div>\n\t\n\n\t<div class=\"img has-hover x md-x lg-x y md-y lg-y\" id=\"image_1271347599\">\n\t\t<a class=\"image-lightbox lightbox-gallery\" title=\"\" href=\"https:\/\/www.flyingstreet.art\/wp-content\/uploads\/2023\/11\/WhatsApp-Image-2023-10-18-at-13.50.46.jpeg\">\t\t\t\t\t\t<div class=\"img-inner image-cover dark\" style=\"padding-top:50%;margin:0px 80px 0px 80px;\">\n\t\t\t<img loading=\"lazy\" decoding=\"async\" width=\"1020\" height=\"683\" src=\"https:\/\/www.flyingstreet.art\/wp-content\/uploads\/2023\/11\/WhatsApp-Image-2023-10-18-at-13.50.46-1194x800.jpeg\" class=\"attachment-large size-large\" alt=\"\" srcset=\"https:\/\/www.flyingstreet.art\/wp-content\/uploads\/2023\/11\/WhatsApp-Image-2023-10-18-at-13.50.46-1194x800.jpeg 1194w, https:\/\/www.flyingstreet.art\/wp-content\/uploads\/2023\/11\/WhatsApp-Image-2023-10-18-at-13.50.46-597x400.jpeg 597w, https:\/\/www.flyingstreet.art\/wp-content\/uploads\/2023\/11\/WhatsApp-Image-2023-10-18-at-13.50.46-768x515.jpeg 768w, https:\/\/www.flyingstreet.art\/wp-content\/uploads\/2023\/11\/WhatsApp-Image-2023-10-18-at-13.50.46.jpeg 1212w\" sizes=\"auto, (max-width: 1020px) 100vw, 1020px\" \/>\t\t\t\t\t\t\n\t\t\t\t\t<\/div>\n\t\t\t\t\t\t<\/a>\t\t\n<style>\n#image_1271347599 {\n  width: 100%;\n}\n<\/style>\n\t<\/div>\n\t\n\n\t<div class=\"img has-hover x md-x lg-x y md-y lg-y\" id=\"image_1824407210\">\n\t\t<a class=\"image-lightbox lightbox-gallery\" title=\"\" href=\"https:\/\/www.flyingstreet.art\/wp-content\/uploads\/2024\/01\/P1015693.jpeg\">\t\t\t\t\t\t<div class=\"img-inner image-cover dark\" style=\"padding-top:50%;margin:0px 80px 0px 80px;\">\n\t\t\t<img loading=\"lazy\" decoding=\"async\" width=\"1020\" height=\"683\" src=\"https:\/\/www.flyingstreet.art\/wp-content\/uploads\/2024\/01\/P1015693-1194x800.jpeg\" class=\"attachment-large size-large\" alt=\"\" srcset=\"https:\/\/www.flyingstreet.art\/wp-content\/uploads\/2024\/01\/P1015693-1194x800.jpeg 1194w, https:\/\/www.flyingstreet.art\/wp-content\/uploads\/2024\/01\/P1015693-597x400.jpeg 597w, https:\/\/www.flyingstreet.art\/wp-content\/uploads\/2024\/01\/P1015693-768x515.jpeg 768w, https:\/\/www.flyingstreet.art\/wp-content\/uploads\/2024\/01\/P1015693.jpeg 1212w\" sizes=\"auto, (max-width: 1020px) 100vw, 1020px\" \/>\t\t\t\t\t\t\n\t\t\t\t\t<\/div>\n\t\t\t\t\t\t<\/a>\t\t\n<style>\n#image_1824407210 {\n  width: 100%;\n}\n<\/style>\n\t<\/div>\n\t\n\n\t<div class=\"img has-hover x md-x lg-x y md-y lg-y\" id=\"image_2091594284\">\n\t\t<a class=\"image-lightbox lightbox-gallery\" title=\"\" href=\"https:\/\/www.flyingstreet.art\/wp-content\/uploads\/2021\/05\/WhatsApp-Image-2021-04-28-at-09.37.26-2-560x800.jpeg\">\t\t\t\t\t\t<div class=\"img-inner image-cover dark\" style=\"padding-top:50%;margin:0px 80px 0px 80px;\">\n\t\t\t<img loading=\"lazy\" decoding=\"async\" width=\"560\" height=\"800\" src=\"https:\/\/www.flyingstreet.art\/wp-content\/uploads\/2021\/05\/WhatsApp-Image-2021-04-28-at-09.37.26-2-560x800.jpeg\" class=\"attachment-large size-large\" alt=\"\" srcset=\"https:\/\/www.flyingstreet.art\/wp-content\/uploads\/2021\/05\/WhatsApp-Image-2021-04-28-at-09.37.26-2-560x800.jpeg 560w, https:\/\/www.flyingstreet.art\/wp-content\/uploads\/2021\/05\/WhatsApp-Image-2021-04-28-at-09.37.26-2-280x400.jpeg 280w, https:\/\/www.flyingstreet.art\/wp-content\/uploads\/2021\/05\/WhatsApp-Image-2021-04-28-at-09.37.26-2.jpeg 717w\" sizes=\"auto, (max-width: 560px) 100vw, 560px\" \/>\t\t\t\t\t\t\n\t\t\t\t\t<\/div>\n\t\t\t\t\t\t<\/a>\t\t\n<style>\n#image_2091594284 {\n  width: 100%;\n}\n<\/style>\n\t<\/div>\n\t\n\n\t<div class=\"img has-hover x md-x lg-x y md-y lg-y\" id=\"image_1118856188\">\n\t\t\t\t\t\t\t\t<div class=\"img-inner dark\" >\n\t\t\t<img loading=\"lazy\" decoding=\"async\" width=\"1020\" height=\"789\" src=\"https:\/\/www.flyingstreet.art\/wp-content\/uploads\/2021\/10\/NZ-210930Verstedelijkingsconferentie054-1034x800.jpg\" class=\"attachment-large size-large\" alt=\"\" srcset=\"https:\/\/www.flyingstreet.art\/wp-content\/uploads\/2021\/10\/NZ-210930Verstedelijkingsconferentie054-1034x800.jpg 1034w, https:\/\/www.flyingstreet.art\/wp-content\/uploads\/2021\/10\/NZ-210930Verstedelijkingsconferentie054-517x400.jpg 517w, https:\/\/www.flyingstreet.art\/wp-content\/uploads\/2021\/10\/NZ-210930Verstedelijkingsconferentie054-768x594.jpg 768w, https:\/\/www.flyingstreet.art\/wp-content\/uploads\/2021\/10\/NZ-210930Verstedelijkingsconferentie054-1536x1188.jpg 1536w, https:\/\/www.flyingstreet.art\/wp-content\/uploads\/2021\/10\/NZ-210930Verstedelijkingsconferentie054-2048x1584.jpg 2048w\" sizes=\"auto, (max-width: 1020px) 100vw, 1020px\" \/>\t\t\t\t\t\t\n\t\t\t\t\t<\/div>\n\t\t\t\t\t\t\t\t\n<style>\n#image_1118856188 {\n  width: 100%;\n}\n<\/style>\n\t<\/div>\n\t\n\n\n     <\/div>\n\n     <div class=\"loading-spin dark large centered\"><\/div>\n\n\t<\/div>\n\n\n\t<div id=\"gap-276463079\" class=\"gap-element clearfix\" style=\"display:block; height:auto;\">\n\t\t\n<style>\n#gap-276463079 {\n  padding-top: 30px;\n}\n<\/style>\n\t<\/div>\n\t\n\n\n\t<section class=\"section\" id=\"section_807124747\">\n\t\t<div class=\"section-bg fill\" >\n\t\t\t\t\t\t\t\t\t<div class=\"section-bg-overlay absolute fill\"><\/div>\n\t\t\t\n\t<div class=\"is-border\"\n\t\tstyle=\"border-color:rgb(235, 235, 235);border-width:0px 0px 0px 0px;\">\n\t<\/div>\n\n\t\t<\/div>\n\n\t\t\n\n\t\t<div class=\"section-content relative\">\n\t\t\t\n\n<div class=\"row\"  id=\"row-443611151\">\n\n\n\t<div id=\"col-610012023\" class=\"col medium-6 small-12 large-6\"  >\n\t\t\t\t<div class=\"col-inner\"  >\n\t\t\t\n\t\t\t\n\n<h2 style=\"text-align: left;\"><strong>Erforderliche Technik<\/strong><\/h2>\n<p>Das Rollger\u00fcst wird von uns mitgebracht und aufgebaut. <br>Das Ger\u00fcst hat die Ma\u00dfe: 1,35 x 2,45 x 6,30 m und ben\u00f6tigt eine ebene und freie Spielfl\u00e4che von mindestens 8 m x 8 m. Der Abstand zwischen dem Ger\u00fcst und dem Publikum muss mindestens 4 Meter betragen, was in der ben\u00f6tigten Fl\u00e4che bereits ber\u00fccksichtigt wurde. Diese Fl\u00e4che wird auch f\u00fcr den Auf- und Abbau ben\u00f6tigt. Die minimale Deckenh\u00f6he f\u00fcr Indoor-Veranstaltungen ist 6,5 m.<br>Da es sich um ein Rollger\u00fcst handelt, kann es nach dem Aufbau oder der Auff\u00fchrung noch verschoben werden.<br><br>F\u00fcr die Tonanlage wird ein Stromanschluss von 220 V ben\u00f6tigt, vorzugsweise auf einer separaten Stromleitung.&nbsp;<br><br>Eine zus\u00e4tzliche Sicherung des Ger\u00fcsts mit IBC-Tanks ist m\u00f6glich. Diese werden vom Veranstalter bereitgestellt.<\/p>\n<p>Fordern Sie noch heute ein unverbindliches Angebot an!<\/p>\n\n\t\t<\/div>\n\t\t\t\t\t<\/div>\n\n\t\n\n\t<div id=\"col-1703081173\" class=\"col medium-6 small-12 large-6\"  >\n\t\t\t\t<div class=\"col-inner\"  >\n\t\t\t\n\t\t\t\n\n\t<div class=\"img has-hover x md-x lg-x y md-y lg-y\" id=\"image_1315506674\">\n\t\t\t\t\t\t\t\t<div class=\"img-inner dark\" >\n\t\t\t<img loading=\"lazy\" decoding=\"async\" width=\"606\" height=\"800\" src=\"https:\/\/www.flyingstreet.art\/wp-content\/uploads\/2024\/01\/Nieuw-Zicht-buiten-1-606x800.jpeg\" class=\"attachment-large size-large\" alt=\"\" srcset=\"https:\/\/www.flyingstreet.art\/wp-content\/uploads\/2024\/01\/Nieuw-Zicht-buiten-1-606x800.jpeg 606w, https:\/\/www.flyingstreet.art\/wp-content\/uploads\/2024\/01\/Nieuw-Zicht-buiten-1-303x400.jpeg 303w, https:\/\/www.flyingstreet.art\/wp-content\/uploads\/2024\/01\/Nieuw-Zicht-buiten-1-768x1013.jpeg 768w, https:\/\/www.flyingstreet.art\/wp-content\/uploads\/2024\/01\/Nieuw-Zicht-buiten-1.jpeg 776w\" sizes=\"auto, (max-width: 606px) 100vw, 606px\" \/>\t\t\t\t\t\t\n\t\t\t\t\t<\/div>\n\t\t\t\t\t\t\t\t\n<style>\n#image_1315506674 {\n  width: 100%;\n}\n<\/style>\n\t<\/div>\n\t\n\n\n\t\t<\/div>\n\t\t\t\t\t<\/div>\n\n\t\n\n\n<style>\n#row-443611151 > .col > .col-inner {\n  padding: 0px 15px 0px 15px;\n}\n<\/style>\n<\/div>\n<a href=\"https:\/\/www.flyingstreet.art\/wp-content\/uploads\/2025\/01\/Nieuw-Zicht-Technischer-Rider-2025-DE.pdf\" target=\"_blank\" class=\"button primary\" rel=\"noopener\" >\n\t\t<span>download technische rider<\/span>\n\t<\/a>\n\n\n\n\t\t<\/div>\n\n\t\t\n<style>\n#section_807124747 {\n  padding-top: 30px;\n  padding-bottom: 30px;\n  min-height: 300px;\n}\n#section_807124747 .section-bg-overlay {\n  background-color: rgba(17, 50, 196, 0.5);\n}\n<\/style>\n\t<\/section>\n\t\n\t<div id=\"gap-470969266\" class=\"gap-element clearfix\" style=\"display:block; height:auto;\">\n\t\t\n<style>\n#gap-470969266 {\n  padding-top: 30px;\n}\n<\/style>\n\t<\/div>\n\t\n\n\n","protected":false},"excerpt":{"rendered":"<p>Im Stil von Cirque Niveau gemischt mit dem Humor von Boom-Chicago verleihen die Akrobatinnen dem Rollger\u00fcst ein neues Gesicht. Mal scheint es ein Wohnhaus zu sein, mal eine Parkbank und dann wieder die B\u00fchne eines gro\u00dfen Zirkus.<\/p>\n","protected":false},"author":1,"featured_media":2751,"parent":2670,"menu_order":0,"comment_status":"closed","ping_status":"closed","template":"","meta":{"content-type":"","_monsterinsights_skip_tracking":false,"_monsterinsights_sitenote_active":false,"_monsterinsights_sitenote_note":"","_monsterinsights_sitenote_category":0,"ngg_post_thumbnail":0,"footnotes":""},"class_list":["post-2685","page","type-page","status-publish","has-post-thumbnail","hentry"],"aioseo_notices":[],"_links":{"self":[{"href":"https:\/\/www.flyingstreet.art\/de\/wp-json\/wp\/v2\/pages\/2685","targetHints":{"allow":["GET"]}}],"collection":[{"href":"https:\/\/www.flyingstreet.art\/de\/wp-json\/wp\/v2\/pages"}],"about":[{"href":"https:\/\/www.flyingstreet.art\/de\/wp-json\/wp\/v2\/types\/page"}],"author":[{"embeddable":true,"href":"https:\/\/www.flyingstreet.art\/de\/wp-json\/wp\/v2\/users\/1"}],"replies":[{"embeddable":true,"href":"https:\/\/www.flyingstreet.art\/de\/wp-json\/wp\/v2\/comments?post=2685"}],"version-history":[{"count":17,"href":"https:\/\/www.flyingstreet.art\/de\/wp-json\/wp\/v2\/pages\/2685\/revisions"}],"predecessor-version":[{"id":4313,"href":"https:\/\/www.flyingstreet.art\/de\/wp-json\/wp\/v2\/pages\/2685\/revisions\/4313"}],"up":[{"embeddable":true,"href":"https:\/\/www.flyingstreet.art\/de\/wp-json\/wp\/v2\/pages\/2670"}],"wp:featuredmedia":[{"embeddable":true,"href":"https:\/\/www.flyingstreet.art\/de\/wp-json\/wp\/v2\/media\/2751"}],"wp:attachment":[{"href":"https:\/\/www.flyingstreet.art\/de\/wp-json\/wp\/v2\/media?parent=2685"}],"curies":[{"name":"wp","href":"https:\/\/api.w.org\/{rel}","templated":true}]}}