{"id":2683,"date":"2021-03-11T21:33:37","date_gmt":"2021-03-11T20:33:37","guid":{"rendered":"https:\/\/www.flyingstreet.art\/acts\/walldance\/"},"modified":"2025-01-09T08:59:23","modified_gmt":"2025-01-09T07:59:23","slug":"walldance","status":"publish","type":"page","link":"https:\/\/www.flyingstreet.art\/de\/acts\/walldance\/","title":{"rendered":"Walldance"},"content":{"rendered":"\n\t<div id=\"gap-944207465\" class=\"gap-element clearfix\" style=\"display:block; height:auto;\">\n\t\t\n<style>\n#gap-944207465 {\n  padding-top: 30px;\n}\n<\/style>\n\t<\/div>\n\t\n\n  <div id=\"page-header-278631805\" class=\"page-header-wrapper\">\n  <div class=\"page-title dark normal-title has-parallax box-shadow-2\">\n\n        <div class=\"page-title-bg\">\n      <div class=\"title-bg fill bg-fill\"\n        data-parallax-container=\".page-title\"\n        data-parallax-background\n        data-parallax=\"-6\">\n      <\/div>\n      <div class=\"title-overlay fill\"><\/div>\n    <\/div>\n    \n    <div class=\"page-title-inner container align-center text-center flex-row-col medium-flex-wrap\" >\n              <div class=\"title-wrapper flex-col\">\n          <h1 class=\"entry-title mb-0\">\n            Walldance          <\/h1>\n        <\/div>\n                <div class=\"page-title-sub op-7 flex-col\">\n          <p class=\"lead\">Grenzenlose Freiheit und Akrobatik<\/p>\n        <\/div>\n                    <div class=\"title-content flex-col\">\n        <ul class=\"nav sm-touch-scroll nav-size-smaller nav-outline nav-uppercase text-center nav-center\"><li class=\"nav-single-page hidden\"><\/li><\/ul>      <\/div>\n    <\/div>\n\n     \n<style>\n#page-header-278631805 .title-bg {\n  background-image: url(https:\/\/www.flyingstreet.art\/wp-content\/uploads\/2024\/01\/website-header-3-1-scaled.jpeg);\n  background-position: 54% 58%;\n}\n#page-header-278631805 .title-overlay {\n  background-color: rgba(255, 255, 255, 0);\n}\n<\/style>\n  <\/div>\n    <\/div>\n  \n\n\t<div id=\"gap-1031054562\" class=\"gap-element clearfix\" style=\"display:block; height:auto;\">\n\t\t\n<style>\n#gap-1031054562 {\n  padding-top: 30px;\n}\n<\/style>\n\t<\/div>\n\t\n\n\n  <div class=\"banner has-hover has-video\" id=\"banner-193371554\">\n          <div class=\"banner-inner fill\">\n        <div class=\"banner-bg fill\" >\n                        \t<div class=\"video-overlay no-click fill visible\"><\/div>\n\t<video class=\"video-bg fill visible\" preload playsinline autoplay muted loop>\n\t\t<source src=\"https:\/\/www.flyingstreet.art\/wp-content\/uploads\/2024\/01\/WhatsApp-Video-2024-01-10-at-16.00.17.mp4\" type=\"video\/mp4\">\t<\/video>\n                        \n                    <\/div>\n\t\t\n        <div class=\"banner-layers container\">\n            <div class=\"fill banner-link\"><\/div>            \n\n\n        <\/div>\n      <\/div>\n\n            \n<style>\n#banner-193371554 {\n  padding-top: 500px;\n}\n<\/style>\n  <\/div>\n\n\n\t<div id=\"gap-1625053700\" class=\"gap-element clearfix\" style=\"display:block; height:auto;\">\n\t\t\n<style>\n#gap-1625053700 {\n  padding-top: 30px;\n}\n<\/style>\n\t<\/div>\n\t\n\n\n\t<section class=\"section\" id=\"section_527677532\">\n\t\t<div class=\"section-bg fill\" >\n\t\t\t\t\t\t\t\t\t<div class=\"section-bg-overlay absolute fill\"><\/div>\n\t\t\t\n\n\t\t<\/div>\n\n\t\t\n\n\t\t<div class=\"section-content relative\">\n\t\t\t\n\n<div class=\"row\"  id=\"row-1282686046\">\n\n\n\t<div id=\"col-1884360628\" class=\"col medium-6 small-12 large-6\"  >\n\t\t\t\t<div class=\"col-inner\"  >\n\t\t\t\n\t\t\t\n\n<h2>WALL DANCE &nbsp;<\/h2>\n<p class=\"p1\"><span class=\"s1\">Vertikaler Tanz ist die Fusion von k\u00fchner Akrobatik mit ungew\u00f6hnlichen und unerwarteten vertikalen Orten. Die Fassade der Architektur selbst wird zur B\u00fchne und die ArtistInnen \u00fcberwinden in ihrem Spiel die Grenzen der Kreativit\u00e4t und Vorstellungskraft .<br \/>Das Ergebnis ist nicht nur eine atemberaubende Illusion, sondern auch eine Performance voll unbekannter Dynamik und spektakul\u00e4rer Akrobatik.<br \/><\/span><\/p>\n<p class=\"p1\"><span class=\"s1\">Buchen Sie uns f\u00fcr Ihr n\u00e4chstes Event und verzaubern Sie die Fassade Ihrer Stadt in eine spektakul\u00e4re B\u00fchnenshow, in der die Schwerkraft nicht zu gelten scheint.<\/span><\/p>\n<p>Boek ons voor uw volgende evenement en transformeer de muren van de stad in een indrukwekkend podium waar de zwaartekracht slechts een illusie is. Eine Zusammenarbeit mit <a href=\"https:\/\/www.verticalwalldance.com\/\">AIRA-Vertikal Walldance<\/a>.<\/p>\n\n\t\t<\/div>\n\t\t\t\t\t<\/div>\n\n\t\n\n\t<div id=\"col-1690820720\" class=\"col medium-6 small-12 large-6\"  >\n\t\t\t\t<div class=\"col-inner\"  >\n\t\t\t\n\t\t\t\n\n<div class=\"slider-wrapper relative\" id=\"slider-385851010\" >\n    <div class=\"slider slider-nav-circle slider-nav-large slider-nav-light slider-style-normal\"\n        data-flickity-options='{\n            \"cellAlign\": \"center\",\n            \"imagesLoaded\": true,\n            \"lazyLoad\": 1,\n            \"freeScroll\": false,\n            \"wrapAround\": true,\n            \"autoPlay\": 6000,\n            \"pauseAutoPlayOnHover\" : true,\n            \"prevNextButtons\": true,\n            \"contain\" : true,\n            \"adaptiveHeight\" : true,\n            \"dragThreshold\" : 10,\n            \"percentPosition\": true,\n            \"pageDots\": true,\n            \"rightToLeft\": false,\n            \"draggable\": true,\n            \"selectedAttraction\": 0.1,\n            \"parallax\" : 0,\n            \"friction\": 0.6        }'\n        >\n        \n\n\t<div class=\"img has-hover x md-x lg-x y md-y lg-y\" id=\"image_576000914\">\n\t\t\t\t\t\t\t\t<div class=\"img-inner dark\" style=\"margin:0px 0px 0px 0px;\">\n\t\t\t<img loading=\"lazy\" decoding=\"async\" width=\"533\" height=\"800\" src=\"https:\/\/www.flyingstreet.art\/wp-content\/uploads\/2024\/01\/IMG_6354-533x800.jpg\" class=\"attachment-large size-large\" alt=\"\" srcset=\"https:\/\/www.flyingstreet.art\/wp-content\/uploads\/2024\/01\/IMG_6354-533x800.jpg 533w, https:\/\/www.flyingstreet.art\/wp-content\/uploads\/2024\/01\/IMG_6354-267x400.jpg 267w, https:\/\/www.flyingstreet.art\/wp-content\/uploads\/2024\/01\/IMG_6354-768x1152.jpg 768w, https:\/\/www.flyingstreet.art\/wp-content\/uploads\/2024\/01\/IMG_6354-1024x1536.jpg 1024w, https:\/\/www.flyingstreet.art\/wp-content\/uploads\/2024\/01\/IMG_6354-1365x2048.jpg 1365w, https:\/\/www.flyingstreet.art\/wp-content\/uploads\/2024\/01\/IMG_6354-scaled.jpg 1707w\" sizes=\"auto, (max-width: 533px) 100vw, 533px\" \/>\t\t\t\t\t\t\n\t\t\t\t\t<\/div>\n\t\t\t\t\t\t\t\t\n<style>\n#image_576000914 {\n  width: 100%;\n}\n<\/style>\n\t<\/div>\n\t\n\n\t<div class=\"img has-hover x md-x lg-x y md-y lg-y\" id=\"image_1122284817\">\n\t\t\t\t\t\t\t\t<div class=\"img-inner dark\" >\n\t\t\t<img loading=\"lazy\" decoding=\"async\" width=\"600\" height=\"800\" src=\"https:\/\/www.flyingstreet.art\/wp-content\/uploads\/2024\/01\/WhatsApp-Image-2023-07-15-at-18.37.21-600x800.jpeg\" class=\"attachment-large size-large\" alt=\"\" srcset=\"https:\/\/www.flyingstreet.art\/wp-content\/uploads\/2024\/01\/WhatsApp-Image-2023-07-15-at-18.37.21-600x800.jpeg 600w, https:\/\/www.flyingstreet.art\/wp-content\/uploads\/2024\/01\/WhatsApp-Image-2023-07-15-at-18.37.21-300x400.jpeg 300w, https:\/\/www.flyingstreet.art\/wp-content\/uploads\/2024\/01\/WhatsApp-Image-2023-07-15-at-18.37.21-768x1024.jpeg 768w, https:\/\/www.flyingstreet.art\/wp-content\/uploads\/2024\/01\/WhatsApp-Image-2023-07-15-at-18.37.21-1152x1536.jpeg 1152w, https:\/\/www.flyingstreet.art\/wp-content\/uploads\/2024\/01\/WhatsApp-Image-2023-07-15-at-18.37.21.jpeg 1181w\" sizes=\"auto, (max-width: 600px) 100vw, 600px\" \/>\t\t\t\t\t\t\n\t\t\t\t\t<\/div>\n\t\t\t\t\t\t\t\t\n<style>\n#image_1122284817 {\n  width: 100%;\n}\n<\/style>\n\t<\/div>\n\t\n\n\n     <\/div>\n\n     <div class=\"loading-spin dark large centered\"><\/div>\n\n\t<\/div>\n\n\n\n\t\t<\/div>\n\t\t\t\t\t<\/div>\n\n\t\n\n\n<style>\n#row-1282686046 > .col > .col-inner {\n  padding: 0px 15px 0px 15px;\n}\n<\/style>\n<\/div>\n\t<a class=\"paoc-popup-click paoc-popup-cust-2907 paoc-popup-button paoc-popup-btn \" href=\"javascript:void(0);\">Anfrage schicken<\/a>\r\n\n\n\t\t<\/div>\n\n\t\t\n<style>\n#section_527677532 {\n  padding-top: 30px;\n  padding-bottom: 30px;\n}\n#section_527677532 .section-bg-overlay {\n  background-color: rgba(17, 50, 196, 0.5);\n}\n<\/style>\n\t<\/section>\n\t\n\t<div id=\"gap-959317423\" class=\"gap-element clearfix\" style=\"display:block; height:auto;\">\n\t\t\n<style>\n#gap-959317423 {\n  padding-top: 30px;\n}\n<\/style>\n\t<\/div>\n\t\n\n\n  <div class=\"banner has-hover has-video\" id=\"banner-1011282201\">\n          <div class=\"banner-inner fill\">\n        <div class=\"banner-bg fill\" >\n                        \t<div class=\"video-overlay no-click fill hide-for-medium\"><\/div>\n\t<video class=\"video-bg fill hide-for-medium\" preload playsinline autoplay muted loop>\n\t\t<source src=\"https:\/\/www.flyingstreet.art\/wp-content\/uploads\/2024\/12\/SS-Rotterdam-website.mp4\" type=\"video\/mp4\">\t<\/video>\n                        \n                    <\/div>\n\t\t\n        <div class=\"banner-layers container\">\n            <div class=\"fill banner-link\"><\/div>            \n\n\n        <\/div>\n      <\/div>\n\n            \n<style>\n#banner-1011282201 {\n  padding-top: 500px;\n}\n<\/style>\n  <\/div>\n\n\n\t<div id=\"gap-1645654847\" class=\"gap-element clearfix\" style=\"display:block; height:auto;\">\n\t\t\n<style>\n#gap-1645654847 {\n  padding-top: 30px;\n}\n<\/style>\n\t<\/div>\n\t\n\n\n\t<section class=\"section\" id=\"section_758458428\">\n\t\t<div class=\"section-bg fill\" >\n\t\t\t\t\t\t\t\t\t<div class=\"section-bg-overlay absolute fill\"><\/div>\n\t\t\t\n\t<div class=\"is-border\"\n\t\tstyle=\"border-color:rgb(235, 235, 235);border-width:0px 0px 0px 0px;\">\n\t<\/div>\n\n\t\t<\/div>\n\n\t\t\n\n\t\t<div class=\"section-content relative\">\n\t\t\t\n\n<div class=\"row\"  id=\"row-222286298\">\n\n\n\t<div id=\"col-1537731019\" class=\"col medium-6 small-12 large-6\"  >\n\t\t\t\t<div class=\"col-inner\"  >\n\t\t\t\n\t\t\t\n\n<h2><strong>Erforderliche Technik<\/strong><\/h2>\n<ul>\n<li>Ob ein Geb\u00e4ude f\u00fcr vertikalen Tanz geeignet ist, h\u00e4ngt stark von den \u00f6rtlichen Gegebenheiten ab. Wir empfehlen, vorab Fotos des vorgesehenen Geb\u00e4udes zu schicken \u2013 vor allem von der Wand und dem Dach, wo die Performance stattfinden soll. So k\u00f6nnen wir die Bedingungen vor Ort besser einsch\u00e4tzen.<\/li>\n<li>Idealerweise sollte eine pers\u00f6nliche Besichtigung der Location stattfinden, um die genauen Anforderungen zu kl\u00e4ren und m\u00f6gliche Herausforderungen zu besprechen. Diese \u00dcberpr\u00fcfung erm\u00f6glicht eine pr\u00e4zise Planung und gew\u00e4hrleistet die Sicherheit w\u00e4hrend der Auff\u00fchrung.<\/li>\n<\/ul>\n<p>Fordern Sie noch heute ein unverbindliches Angebot an!<\/p>\n\n\t\t<\/div>\n\t\t\t\t\t<\/div>\n\n\t\n\n\t<div id=\"col-820994569\" class=\"col medium-6 small-12 large-6\"  >\n\t\t\t\t<div class=\"col-inner\"  >\n\t\t\t\n\t\t\t\n\n\n  <div class=\"banner has-hover has-video is-full-height\" id=\"banner-983214707\">\n          <div class=\"banner-inner fill\">\n        <div class=\"banner-bg fill\" >\n                        \t<div class=\"video-overlay no-click fill hide-for-medium\"><\/div>\n\t<video class=\"video-bg fill hide-for-medium\" preload playsinline autoplay muted loop>\n\t\t<source src=\"https:\/\/www.flyingstreet.art\/wp-content\/uploads\/2024\/01\/Eberkran.mp4\" type=\"video\/mp4\">\t<\/video>\n                        \n                    <\/div>\n\t\t\n        <div class=\"banner-layers container\">\n            <div class=\"fill banner-link\"><\/div>            \n\n   <div id=\"text-box-1294511853\" class=\"text-box banner-layer x50 md-x50 lg-x50 y50 md-y50 lg-y50 res-text\">\n                                <div class=\"text-box-content text dark\">\n              \n              <div class=\"text-inner text-center\">\n                  \n\n\n              <\/div>\n           <\/div>\n                            \n<style>\n#text-box-1294511853 {\n  width: 60%;\n}\n#text-box-1294511853 .text-box-content {\n  font-size: 100%;\n}\n<\/style>\n    <\/div>\n \n\n        <\/div>\n      <\/div>\n\n            \n<style>\n#banner-983214707 {\n  padding-top: 100%;\n}\n<\/style>\n  <\/div>\n\n\n\n\t\t<\/div>\n\t\t\t\t\t<\/div>\n\n\t\n\n\n<style>\n#row-222286298 > .col > .col-inner {\n  padding: 0px 15px 0px 15px;\n}\n<\/style>\n<\/div>\n<a href=\"https:\/\/www.flyingstreet.art\/wp-content\/uploads\/2025\/01\/Walldance-technischer-Rider-Flying-Street-Art.pdf\" target=\"_blank\" class=\"button primary\" rel=\"noopener\" >\n\t\t<span>Download technische rider<\/span>\n\t<\/a>\n\n\n\n\t\t<\/div>\n\n\t\t\n<style>\n#section_758458428 {\n  padding-top: 30px;\n  padding-bottom: 30px;\n  min-height: 300px;\n}\n#section_758458428 .section-bg-overlay {\n  background-color: rgba(17, 50, 196, 0.5);\n}\n<\/style>\n\t<\/section>\n\t\n\t<div id=\"gap-1478115921\" class=\"gap-element clearfix\" style=\"display:block; height:auto;\">\n\t\t\n<style>\n#gap-1478115921 {\n  padding-top: 30px;\n}\n<\/style>\n\t<\/div>\n\t\n\n\n","protected":false},"excerpt":{"rendered":"<p>Walldance ist ein vertikaler Tanz an der Wand eines Geb\u00e4udes. Die Artisten seilen sich ab,klettern und tanzen derweil horizontal gegen die Wand. So entsteht die Illusion einer neuen Dimension, wo die Anziehungskraft nicht zu existieren scheint Das Resultat: faszinierende Bewegungen \u00a0 und atemberaubende Akrobatik !<\/p>\n","protected":false},"author":1,"featured_media":3612,"parent":2670,"menu_order":0,"comment_status":"closed","ping_status":"closed","template":"","meta":{"content-type":"","_monsterinsights_skip_tracking":false,"_monsterinsights_sitenote_active":false,"_monsterinsights_sitenote_note":"","_monsterinsights_sitenote_category":0,"ngg_post_thumbnail":0,"footnotes":""},"class_list":["post-2683","page","type-page","status-publish","has-post-thumbnail","hentry"],"aioseo_notices":[],"_links":{"self":[{"href":"https:\/\/www.flyingstreet.art\/de\/wp-json\/wp\/v2\/pages\/2683","targetHints":{"allow":["GET"]}}],"collection":[{"href":"https:\/\/www.flyingstreet.art\/de\/wp-json\/wp\/v2\/pages"}],"about":[{"href":"https:\/\/www.flyingstreet.art\/de\/wp-json\/wp\/v2\/types\/page"}],"author":[{"embeddable":true,"href":"https:\/\/www.flyingstreet.art\/de\/wp-json\/wp\/v2\/users\/1"}],"replies":[{"embeddable":true,"href":"https:\/\/www.flyingstreet.art\/de\/wp-json\/wp\/v2\/comments?post=2683"}],"version-history":[{"count":21,"href":"https:\/\/www.flyingstreet.art\/de\/wp-json\/wp\/v2\/pages\/2683\/revisions"}],"predecessor-version":[{"id":4305,"href":"https:\/\/www.flyingstreet.art\/de\/wp-json\/wp\/v2\/pages\/2683\/revisions\/4305"}],"up":[{"embeddable":true,"href":"https:\/\/www.flyingstreet.art\/de\/wp-json\/wp\/v2\/pages\/2670"}],"wp:featuredmedia":[{"embeddable":true,"href":"https:\/\/www.flyingstreet.art\/de\/wp-json\/wp\/v2\/media\/3612"}],"wp:attachment":[{"href":"https:\/\/www.flyingstreet.art\/de\/wp-json\/wp\/v2\/media?parent=2683"}],"curies":[{"name":"wp","href":"https:\/\/api.w.org\/{rel}","templated":true}]}}