{"id":2679,"date":"2021-03-10T23:20:39","date_gmt":"2021-03-10T22:20:39","guid":{"rendered":"https:\/\/www.flyingstreet.art\/acts\/moondance\/"},"modified":"2025-01-08T17:17:00","modified_gmt":"2025-01-08T16:17:00","slug":"moondance","status":"publish","type":"page","link":"https:\/\/www.flyingstreet.art\/de\/acts\/moondance\/","title":{"rendered":"Moondance"},"content":{"rendered":"\n\t<div id=\"gap-2118471216\" class=\"gap-element clearfix\" style=\"display:block; height:auto;\">\n\t\t\n<style>\n#gap-2118471216 {\n  padding-top: 30px;\n}\n<\/style>\n\t<\/div>\n\t\n\n  <div id=\"page-header-1979218206\" class=\"page-header-wrapper\">\n  <div class=\"page-title dark featured-title has-parallax box-shadow-2\">\n\n        <div class=\"page-title-bg\">\n      <div class=\"title-bg fill bg-fill\"\n        data-parallax-container=\".page-title\"\n        data-parallax-background\n        data-parallax=\"-6\">\n      <\/div>\n      <div class=\"title-overlay fill\"><\/div>\n    <\/div>\n    \n    <div class=\"page-title-inner container align-center text-center flex-row-col medium-flex-wrap\" >\n              <div class=\"title-wrapper flex-col\">\n          <h1 class=\"entry-title mb-0\">\n            Moondance          <\/h1>\n        <\/div>\n                <div class=\"page-title-sub op-7 flex-col\">\n          <p class=\"lead\">Flying Globe<\/p>\n        <\/div>\n                    <div class=\"title-content flex-col\">\n        <ul class=\"nav sm-touch-scroll nav-size-smaller nav-outline nav-uppercase text-center nav-center\"><li class=\"nav-single-page hidden\"><\/li><\/ul>      <\/div>\n    <\/div>\n\n     \n<style>\n#page-header-1979218206 .title-bg {\n  background-image: url(https:\/\/www.flyingstreet.art\/wp-content\/uploads\/2024\/01\/website-header-3-1-scaled.jpeg);\n  background-position: 54% 58%;\n}\n<\/style>\n  <\/div>\n    <\/div>\n  \n\n\t<div id=\"gap-416660618\" class=\"gap-element clearfix\" style=\"display:block; height:auto;\">\n\t\t\n<style>\n#gap-416660618 {\n  padding-top: 30px;\n}\n<\/style>\n\t<\/div>\n\t\n\n\n  <div class=\"banner has-hover has-video\" id=\"banner-653829950\">\n          <div class=\"banner-inner fill\">\n        <div class=\"banner-bg fill\" >\n                        \t<div class=\"video-overlay no-click fill visible\"><\/div>\n\t<video class=\"video-bg fill visible\" preload playsinline autoplay muted loop>\n\t\t<source src=\"https:\/\/www.sol-air.nl\/wp-content\/uploads\/2021\/03\/Flying-Globe.mp4\" type=\"video\/mp4\">\t<\/video>\n                        \n                    <\/div>\n\t\t\n        <div class=\"banner-layers container\">\n            <div class=\"fill banner-link\"><\/div>            \n\n\n        <\/div>\n      <\/div>\n\n            \n<style>\n#banner-653829950 {\n  padding-top: 500px;\n}\n<\/style>\n  <\/div>\n\n\n\t<div id=\"gap-2142247629\" class=\"gap-element clearfix\" style=\"display:block; height:auto;\">\n\t\t\n<style>\n#gap-2142247629 {\n  padding-top: 30px;\n}\n<\/style>\n\t<\/div>\n\t\n\n\n\t<section class=\"section\" id=\"section_193638895\">\n\t\t<div class=\"section-bg fill\" >\n\t\t\t\t\t\t\t\t\t<div class=\"section-bg-overlay absolute fill\"><\/div>\n\t\t\t\n\n\t\t<\/div>\n\n\t\t\n\n\t\t<div class=\"section-content relative\">\n\t\t\t\n\n<div class=\"row\"  id=\"row-850332578\">\n\n\n\t<div id=\"col-832536554\" class=\"col medium-6 small-12 large-6\"  >\n\t\t\t\t<div class=\"col-inner\"  >\n\t\t\t\n\t\t\t\n\n<h2>Moondance<\/h2>\n<p>Unter dem weiten Himmel schwebt eine gl\u00e4nzender Globus, eine majest\u00e4tische Luftkugel, die den Mittelpunkt eines bezaubernden Schauspiels bildet. Zwei erfahrene Luftakrobaten nehmen das Publikum mit auf eine atemberaubende Reise durch die L\u00fcfte, w\u00e4hrend die Kugel langsam aufsteigt, h\u00f6her und h\u00f6her, bis er fast die Sterne zu ber\u00fchren scheint.<\/p>\n<p>Auf dem h\u00f6chsten Punkt entfaltet sich eine spektakul\u00e4re Darbietung. Die K\u00fcnstlerinnen bewegen sich anmutig und kraftvoll in und um den Ball, wobei sie komplexe Choreografien und elegante Bewegungen mit gewagter Luftakrobatik verbinden.<\/p>\n<p>Der moderne und klar gestaltete Globus verleiht dieser Darbietung einen futuristischen Charakter, w\u00e4hrend die anmutigen Bewegungen der K\u00fcnstlerinnen ein Gef\u00fchl zeitloser Sch\u00f6nheit hervorrufen.<\/p>\n<p><strong><em>Moondance<\/em><\/strong> ist eine einzigartige Show, die perfekt f\u00fcr Veranstaltungen geeignet ist, die nach einem Hauch von Magie, Eleganz und spektakul\u00e4rer Luftkunst suchen.<\/p>\n\n\t\t<\/div>\n\t\t\t\t\t<\/div>\n\n\t\n\n\t<div id=\"col-1089227028\" class=\"col medium-6 small-12 large-6\"  >\n\t\t\t\t<div class=\"col-inner\"  >\n\t\t\t\n\t\t\t\n\n\t<div class=\"img has-hover x md-x lg-x y md-y lg-y\" id=\"image_1291381596\">\n\t\t\t\t\t\t\t\t<div class=\"img-inner image-cover dark\" style=\"padding-top:100%;\">\n\t\t\t<img loading=\"lazy\" decoding=\"async\" width=\"598\" height=\"800\" src=\"https:\/\/www.flyingstreet.art\/wp-content\/uploads\/2021\/02\/Moondance-1-598x800.jpg\" class=\"attachment-large size-large\" alt=\"\" srcset=\"https:\/\/www.flyingstreet.art\/wp-content\/uploads\/2021\/02\/Moondance-1-598x800.jpg 598w, https:\/\/www.flyingstreet.art\/wp-content\/uploads\/2021\/02\/Moondance-1-299x400.jpg 299w, https:\/\/www.flyingstreet.art\/wp-content\/uploads\/2021\/02\/Moondance-1-768x1028.jpg 768w, https:\/\/www.flyingstreet.art\/wp-content\/uploads\/2021\/02\/Moondance-1-600x803.jpg 600w, https:\/\/www.flyingstreet.art\/wp-content\/uploads\/2021\/02\/Moondance-1-rotated.jpg 968w\" sizes=\"auto, (max-width: 598px) 100vw, 598px\" \/>\t\t\t\t\t\t\n\t\t\t\t\t<\/div>\n\t\t\t\t\t\t\t\t\n<style>\n#image_1291381596 {\n  width: 100%;\n}\n<\/style>\n\t<\/div>\n\t\n\n\n\t\t<\/div>\n\t\t\t\t\t<\/div>\n\n\t\n\n\n<style>\n#row-850332578 > .col > .col-inner {\n  padding: 0px 15px 0px 15px;\n}\n<\/style>\n<\/div>\n\t<a class=\"paoc-popup-click paoc-popup-cust-2907 paoc-popup-button paoc-popup-btn \" href=\"javascript:void(0);\">Anfrage schicken<\/a>\r\n\n\n\t\t<\/div>\n\n\t\t\n<style>\n#section_193638895 {\n  padding-top: 30px;\n  padding-bottom: 30px;\n}\n#section_193638895 .section-bg-overlay {\n  background-color: rgba(17, 50, 196, 0.5);\n}\n<\/style>\n\t<\/section>\n\t\n\t<div id=\"gap-1990086892\" class=\"gap-element clearfix\" style=\"display:block; height:auto;\">\n\t\t\n<style>\n#gap-1990086892 {\n  padding-top: 30px;\n}\n<\/style>\n\t<\/div>\n\t\n\n<div class=\"slider-wrapper relative\" id=\"slider-2112804062\" >\n    <div class=\"slider slider-type-fade slider-nav-circle slider-nav-large slider-nav-light slider-style-normal slider-show-nav\"\n        data-flickity-options='{\n            \"cellAlign\": \"center\",\n            \"imagesLoaded\": true,\n            \"lazyLoad\": 1,\n            \"freeScroll\": false,\n            \"wrapAround\": true,\n            \"autoPlay\": 6000,\n            \"pauseAutoPlayOnHover\" : true,\n            \"prevNextButtons\": true,\n            \"contain\" : true,\n            \"adaptiveHeight\" : true,\n            \"dragThreshold\" : 10,\n            \"percentPosition\": true,\n            \"pageDots\": true,\n            \"rightToLeft\": false,\n            \"draggable\": true,\n            \"selectedAttraction\": 0.1,\n            \"parallax\" : 0,\n            \"friction\": 0.6        }'\n        >\n        \n\n\t<div class=\"img has-hover x md-x lg-x y md-y lg-y\" id=\"image_1414813286\">\n\t\t<a class=\"image-lightbox lightbox-gallery\" title=\"Encore Festival\" href=\"https:\/\/www.flyingstreet.art\/wp-content\/uploads\/2023\/11\/Skydance-6w.jpg\">\t\t\t\t\t\t<div class=\"img-inner image-cover box-shadow-3 dark\" style=\"padding-top:500px;margin:0px 80px 0px 80px;\">\n\t\t\t<img loading=\"lazy\" decoding=\"async\" width=\"1020\" height=\"680\" src=\"https:\/\/www.flyingstreet.art\/wp-content\/uploads\/2023\/11\/Skydance-6w-1200x800.jpg\" class=\"attachment-large size-large\" alt=\"\" srcset=\"https:\/\/www.flyingstreet.art\/wp-content\/uploads\/2023\/11\/Skydance-6w-1200x800.jpg 1200w, https:\/\/www.flyingstreet.art\/wp-content\/uploads\/2023\/11\/Skydance-6w-600x400.jpg 600w, https:\/\/www.flyingstreet.art\/wp-content\/uploads\/2023\/11\/Skydance-6w-768x512.jpg 768w, https:\/\/www.flyingstreet.art\/wp-content\/uploads\/2023\/11\/Skydance-6w-391x260.jpg 391w, https:\/\/www.flyingstreet.art\/wp-content\/uploads\/2023\/11\/Skydance-6w.jpg 1500w\" sizes=\"auto, (max-width: 1020px) 100vw, 1020px\" \/>\t\t\t\t\t\t\n\t\t\t\t\t\t\t<div class=\"caption\">Encore Festival<\/div>\n\t\t\t\t\t<\/div>\n\t\t\t\t\t\t<\/a>\t\t\n<style>\n#image_1414813286 {\n  width: 100%;\n}\n<\/style>\n\t<\/div>\n\t\n\n\t<div class=\"img has-hover x md-x lg-x y md-y lg-y\" id=\"image_1318044249\">\n\t\t<a class=\"image-lightbox lightbox-gallery\" title=\"\" href=\"https:\/\/www.flyingstreet.art\/wp-content\/uploads\/2024\/01\/DSC_4467-Verbessert-RRprint-copy.jpg\">\t\t\t\t\t\t<div class=\"img-inner image-cover box-shadow-3 dark\" style=\"padding-top:500px;margin:0px 80px 0px 80px;\">\n\t\t\t<img loading=\"lazy\" decoding=\"async\" width=\"1020\" height=\"625\" src=\"https:\/\/www.flyingstreet.art\/wp-content\/uploads\/2024\/01\/DSC_4467-Verbessert-RRprint-copy-1305x800.jpg\" class=\"attachment-large size-large\" alt=\"\" srcset=\"https:\/\/www.flyingstreet.art\/wp-content\/uploads\/2024\/01\/DSC_4467-Verbessert-RRprint-copy-1305x800.jpg 1305w, https:\/\/www.flyingstreet.art\/wp-content\/uploads\/2024\/01\/DSC_4467-Verbessert-RRprint-copy-653x400.jpg 653w, https:\/\/www.flyingstreet.art\/wp-content\/uploads\/2024\/01\/DSC_4467-Verbessert-RRprint-copy-768x471.jpg 768w, https:\/\/www.flyingstreet.art\/wp-content\/uploads\/2024\/01\/DSC_4467-Verbessert-RRprint-copy-1536x941.jpg 1536w, https:\/\/www.flyingstreet.art\/wp-content\/uploads\/2024\/01\/DSC_4467-Verbessert-RRprint-copy.jpg 1968w\" sizes=\"auto, (max-width: 1020px) 100vw, 1020px\" \/>\t\t\t\t\t\t\n\t\t\t\t\t<\/div>\n\t\t\t\t\t\t<\/a>\t\t\n<style>\n#image_1318044249 {\n  width: 100%;\n}\n<\/style>\n\t<\/div>\n\t\n\n\t<div class=\"img has-hover x md-x lg-x y md-y lg-y\" id=\"image_1367818783\">\n\t\t\t\t\t\t\t\t<div class=\"img-inner image-cover dark\" style=\"padding-top:500px;\">\n\t\t\t<img loading=\"lazy\" decoding=\"async\" width=\"710\" height=\"480\" src=\"https:\/\/www.flyingstreet.art\/wp-content\/uploads\/2024\/01\/Flying-Globe-Amsterdam-2.jpeg\" class=\"attachment-large size-large\" alt=\"\" srcset=\"https:\/\/www.flyingstreet.art\/wp-content\/uploads\/2024\/01\/Flying-Globe-Amsterdam-2.jpeg 710w, https:\/\/www.flyingstreet.art\/wp-content\/uploads\/2024\/01\/Flying-Globe-Amsterdam-2-592x400.jpeg 592w\" sizes=\"auto, (max-width: 710px) 100vw, 710px\" \/>\t\t\t\t\t\t\n\t\t\t\t\t<\/div>\n\t\t\t\t\t\t\t\t\n<style>\n#image_1367818783 {\n  width: 100%;\n}\n<\/style>\n\t<\/div>\n\t\n\n\t<div class=\"img has-hover x md-x lg-x y md-y lg-y\" id=\"image_652428310\">\n\t\t<a class=\"image-lightbox lightbox-gallery\" title=\"Moondance Kraanact\" href=\"https:\/\/www.flyingstreet.art\/wp-content\/uploads\/2021\/03\/Moondance-2-1200x800.jpg\">\t\t\t\t\t\t<div class=\"img-inner image-cover box-shadow-3 dark\" style=\"padding-top:500px;margin:0px 80px 0px 80px;\">\n\t\t\t<img loading=\"lazy\" decoding=\"async\" width=\"1020\" height=\"680\" src=\"https:\/\/www.flyingstreet.art\/wp-content\/uploads\/2021\/03\/Moondance-2-1200x800.jpg\" class=\"attachment-large size-large\" alt=\"\" srcset=\"https:\/\/www.flyingstreet.art\/wp-content\/uploads\/2021\/03\/Moondance-2-1200x800.jpg 1200w, https:\/\/www.flyingstreet.art\/wp-content\/uploads\/2021\/03\/Moondance-2-600x400.jpg 600w, https:\/\/www.flyingstreet.art\/wp-content\/uploads\/2021\/03\/Moondance-2-768x512.jpg 768w, https:\/\/www.flyingstreet.art\/wp-content\/uploads\/2021\/03\/Moondance-2-391x260.jpg 391w, https:\/\/www.flyingstreet.art\/wp-content\/uploads\/2021\/03\/Moondance-2-1536x1024.jpg 1536w, https:\/\/www.flyingstreet.art\/wp-content\/uploads\/2021\/03\/Moondance-2-2048x1365.jpg 2048w\" sizes=\"auto, (max-width: 1020px) 100vw, 1020px\" \/>\t\t\t\t\t\t\n\t\t\t\t\t\t\t<div class=\"caption\">Moondance Kraanact<\/div>\n\t\t\t\t\t<\/div>\n\t\t\t\t\t\t<\/a>\t\t\n<style>\n#image_652428310 {\n  width: 100%;\n}\n<\/style>\n\t<\/div>\n\t\n\n\t<div class=\"img has-hover x md-x lg-x y md-y lg-y\" id=\"image_1464848163\">\n\t\t\t\t\t\t\t\t<div class=\"img-inner image-cover box-shadow-3 dark\" style=\"padding-top:500px;margin:0px 80px 0px 80px;\">\n\t\t\t<img loading=\"lazy\" decoding=\"async\" width=\"533\" height=\"800\" src=\"https:\/\/www.flyingstreet.art\/wp-content\/uploads\/2021\/03\/Moondance-and-pyro1-533x800.jpg\" class=\"attachment-large size-large\" alt=\"\" srcset=\"https:\/\/www.flyingstreet.art\/wp-content\/uploads\/2021\/03\/Moondance-and-pyro1-533x800.jpg 533w, https:\/\/www.flyingstreet.art\/wp-content\/uploads\/2021\/03\/Moondance-and-pyro1-267x400.jpg 267w, https:\/\/www.flyingstreet.art\/wp-content\/uploads\/2021\/03\/Moondance-and-pyro1-768x1152.jpg 768w, https:\/\/www.flyingstreet.art\/wp-content\/uploads\/2021\/03\/Moondance-and-pyro1-1024x1536.jpg 1024w, https:\/\/www.flyingstreet.art\/wp-content\/uploads\/2021\/03\/Moondance-and-pyro1-1365x2048.jpg 1365w, https:\/\/www.flyingstreet.art\/wp-content\/uploads\/2021\/03\/Moondance-and-pyro1-600x900.jpg 600w, https:\/\/www.flyingstreet.art\/wp-content\/uploads\/2021\/03\/Moondance-and-pyro1-scaled.jpg 1707w\" sizes=\"auto, (max-width: 533px) 100vw, 533px\" \/>\t\t\t\t\t\t\n\t\t\t\t\t<\/div>\n\t\t\t\t\t\t\t\t\n<style>\n#image_1464848163 {\n  width: 100%;\n}\n<\/style>\n\t<\/div>\n\t\n\n\n     <\/div>\n\n     <div class=\"loading-spin dark large centered\"><\/div>\n\n\t<\/div>\n\n\n\t<div id=\"gap-9312485\" class=\"gap-element clearfix\" style=\"display:block; height:auto;\">\n\t\t\n<style>\n#gap-9312485 {\n  padding-top: 30px;\n}\n<\/style>\n\t<\/div>\n\t\n\n\n\t<section class=\"section\" id=\"section_994522291\">\n\t\t<div class=\"section-bg fill\" >\n\t\t\t\t\t\t\t\t\t<div class=\"section-bg-overlay absolute fill\"><\/div>\n\t\t\t\n\t<div class=\"is-border\"\n\t\tstyle=\"border-color:rgb(235, 235, 235);border-width:0px 0px 0px 0px;\">\n\t<\/div>\n\n\t\t<\/div>\n\n\t\t\n\n\t\t<div class=\"section-content relative\">\n\t\t\t\n\n<div class=\"row\"  id=\"row-86830593\">\n\n\n\t<div id=\"col-1022548575\" class=\"col medium-6 small-12 large-6\"  >\n\t\t\t\t<div class=\"col-inner\"  >\n\t\t\t\n\t\t\t\n\n<h2 style=\"text-align: left;\"><strong>Erforderliche Technik<\/strong><\/h2>\n<p style=\"text-align: left;\">Als H\u00e4ngepunkt ist ein <strong><a href=\"https:\/\/www.sol-air.nl\/techniek\/kraan\/\">Kran<\/a><\/strong> am meisten anzuraten. Er geht hoch hinaus, sodass der Act von weither noch gesehen werden kann. Auch k\u00f6nnen die K\u00fcnstlerinnen einfliegen und das Publikum wird mit diesem vertr\u00e4umten Bild \u00fcberrascht. Als \u00dcberraschungseffekt und auch f\u00fcr die Festival-\u00c4sthetik kann der Kran z.B. hinter einer H\u00e4userecke versteckt werden, so dass er den Blick auf das Spektakel nicht st\u00f6rt. Motortakel oder andere mobile H\u00e4ngepunkte, die die technischen Voraussetzungen gew\u00e4hrleisten, k\u00f6nnen als H\u00e4ngepunkte f\u00fcr Moondance gew\u00e4hlt werden.&nbsp;<\/p>\n<ul style=\"text-align: left;\">\n<li style=\"text-align: left;\">Frei bespielbare Bodenfl\u00e4che: nach Absprache<\/li>\n<li style=\"text-align: left;\">Belastbarkeit H\u00e4ngepunkt: 1000 kg<\/li>\n<li style=\"text-align: left;\">Anzahl H\u00e4ngepunkte: 1&nbsp;<\/li>\n<li>H\u00f6he H\u00e4ngepunkt: mindestens12m<\/li>\n<\/ul>\n<p style=\"text-align: left;\">&nbsp;<\/p>\n\n\t\t<\/div>\n\t\t\t\t\t<\/div>\n\n\t\n\n\t<div id=\"col-1660690971\" class=\"col medium-6 small-12 large-6\"  >\n\t\t\t\t<div class=\"col-inner\"  >\n\t\t\t\n\t\t\t\n\n\n  <div class=\"banner has-hover has-video\" id=\"banner-490356975\">\n          <div class=\"banner-inner fill\">\n        <div class=\"banner-bg fill\" >\n                        \t<div class=\"video-overlay no-click fill hide-for-medium\"><\/div>\n\t<video class=\"video-bg fill hide-for-medium\" preload playsinline autoplay muted loop>\n\t\t<source src=\"https:\/\/www.flyingstreet.art\/wp-content\/uploads\/2024\/01\/Flying-Globe.mp4\" type=\"video\/mp4\">\t<\/video>\n                        \n                    <\/div>\n\t\t\n        <div class=\"banner-layers container\">\n            <div class=\"fill banner-link\"><\/div>            \n\n\n        <\/div>\n      <\/div>\n\n            \n<style>\n#banner-490356975 {\n  padding-top: 500px;\n}\n<\/style>\n  <\/div>\n\n\n\n\t\t<\/div>\n\t\t\t\t\t<\/div>\n\n\t\n\n\n<style>\n#row-86830593 > .col > .col-inner {\n  padding: 0px 15px 0px 15px;\n}\n<\/style>\n<\/div>\n<a href=\"https:\/\/www.flyingstreet.art\/wp-content\/uploads\/2025\/01\/Technischer-Rider-Moondance-3.pdf\" target=\"_blank\" class=\"button primary\" rel=\"noopener\" >\n\t\t<span>Download: Technischer Rider (.pdf )<\/span>\n\t<\/a>\n\n\n\n\t\t<\/div>\n\n\t\t\n<style>\n#section_994522291 {\n  padding-top: 30px;\n  padding-bottom: 30px;\n  min-height: 300px;\n}\n#section_994522291 .section-bg-overlay {\n  background-color: rgba(17, 50, 196, 0.5);\n}\n<\/style>\n\t<\/section>\n\t\n\t<div id=\"gap-1650814634\" class=\"gap-element clearfix\" style=\"display:block; height:auto;\">\n\t\t\n<style>\n#gap-1650814634 {\n  padding-top: 30px;\n}\n<\/style>\n\t<\/div>\n\t\n\n\n","protected":false},"excerpt":{"rendered":"","protected":false},"author":1,"featured_media":2115,"parent":2670,"menu_order":0,"comment_status":"closed","ping_status":"closed","template":"","meta":{"content-type":"","_monsterinsights_skip_tracking":false,"_monsterinsights_sitenote_active":false,"_monsterinsights_sitenote_note":"","_monsterinsights_sitenote_category":0,"ngg_post_thumbnail":0,"footnotes":""},"class_list":["post-2679","page","type-page","status-publish","has-post-thumbnail","hentry"],"aioseo_notices":[],"_links":{"self":[{"href":"https:\/\/www.flyingstreet.art\/de\/wp-json\/wp\/v2\/pages\/2679","targetHints":{"allow":["GET"]}}],"collection":[{"href":"https:\/\/www.flyingstreet.art\/de\/wp-json\/wp\/v2\/pages"}],"about":[{"href":"https:\/\/www.flyingstreet.art\/de\/wp-json\/wp\/v2\/types\/page"}],"author":[{"embeddable":true,"href":"https:\/\/www.flyingstreet.art\/de\/wp-json\/wp\/v2\/users\/1"}],"replies":[{"embeddable":true,"href":"https:\/\/www.flyingstreet.art\/de\/wp-json\/wp\/v2\/comments?post=2679"}],"version-history":[{"count":13,"href":"https:\/\/www.flyingstreet.art\/de\/wp-json\/wp\/v2\/pages\/2679\/revisions"}],"predecessor-version":[{"id":4278,"href":"https:\/\/www.flyingstreet.art\/de\/wp-json\/wp\/v2\/pages\/2679\/revisions\/4278"}],"up":[{"embeddable":true,"href":"https:\/\/www.flyingstreet.art\/de\/wp-json\/wp\/v2\/pages\/2670"}],"wp:featuredmedia":[{"embeddable":true,"href":"https:\/\/www.flyingstreet.art\/de\/wp-json\/wp\/v2\/media\/2115"}],"wp:attachment":[{"href":"https:\/\/www.flyingstreet.art\/de\/wp-json\/wp\/v2\/media?parent=2679"}],"curies":[{"name":"wp","href":"https:\/\/api.w.org\/{rel}","templated":true}]}}