{"id":2674,"date":"2021-03-11T22:01:10","date_gmt":"2021-03-11T21:01:10","guid":{"rendered":"https:\/\/www.flyingstreet.art\/acts\/licht-ring\/"},"modified":"2025-01-12T13:35:26","modified_gmt":"2025-01-12T12:35:26","slug":"licht-ring","status":"publish","type":"page","link":"https:\/\/www.flyingstreet.art\/de\/acts\/licht-ring\/","title":{"rendered":"Licht Ring"},"content":{"rendered":"\n\t<div id=\"gap-1357973684\" class=\"gap-element clearfix\" style=\"display:block; height:auto;\">\n\t\t\n<style>\n#gap-1357973684 {\n  padding-top: 30px;\n}\n<\/style>\n\t<\/div>\n\t\n\n  <div id=\"page-header-2032692144\" class=\"page-header-wrapper\">\n  <div class=\"page-title dark normal-title has-parallax box-shadow-2\">\n\n        <div class=\"page-title-bg\">\n      <div class=\"title-bg fill bg-fill\"\n        data-parallax-container=\".page-title\"\n        data-parallax-background\n        data-parallax=\"-6\">\n      <\/div>\n      <div class=\"title-overlay fill\"><\/div>\n    <\/div>\n    \n    <div class=\"page-title-inner container align-center text-center flex-row-col medium-flex-wrap\" >\n              <div class=\"title-wrapper flex-col\">\n          <h1 class=\"entry-title mb-0\">\n            LED-Luftring          <\/h1>\n        <\/div>\n                <div class=\"page-title-sub op-7 flex-col\">\n          <p class=\"lead\">Lichtgebende Luftartistik<\/p>\n        <\/div>\n                    <div class=\"title-content flex-col\">\n        <ul class=\"nav sm-touch-scroll nav-size-smaller nav-outline nav-uppercase text-center nav-center\"><li class=\"nav-single-page hidden\"><\/li><\/ul>      <\/div>\n    <\/div>\n\n     \n<style>\n#page-header-2032692144 .title-bg {\n  background-image: url(https:\/\/www.flyingstreet.art\/wp-content\/uploads\/2024\/01\/website-header-3-1-scaled.jpeg);\n  background-position: 54% 58%;\n}\n#page-header-2032692144 .title-overlay {\n  background-color: rgba(255, 255, 255, 0);\n}\n<\/style>\n  <\/div>\n    <\/div>\n  \n\n\t<div id=\"gap-1352339951\" class=\"gap-element clearfix\" style=\"display:block; height:auto;\">\n\t\t\n<style>\n#gap-1352339951 {\n  padding-top: 30px;\n}\n<\/style>\n\t<\/div>\n\t\n\n\n  <div class=\"banner has-hover has-video\" id=\"banner-1504609448\">\n          <div class=\"banner-inner fill\">\n        <div class=\"banner-bg fill\" >\n                        \t<div class=\"video-overlay no-click fill visible\"><\/div>\n\t<video class=\"video-bg fill visible\" preload playsinline autoplay muted loop>\n\t\t<source src=\"https:\/\/www.flyingstreet.art\/wp-content\/uploads\/2024\/06\/Led-Aerial-Hoopkl.mov\" type=\"video\/mp4\">\t<\/video>\n                        \n                    <\/div>\n\t\t\n        <div class=\"banner-layers container\">\n            <div class=\"fill banner-link\"><\/div>            \n\n\n        <\/div>\n      <\/div>\n\n            \n<style>\n#banner-1504609448 {\n  padding-top: 500px;\n}\n<\/style>\n  <\/div>\n\n\n\t<div id=\"gap-969606218\" class=\"gap-element clearfix\" style=\"display:block; height:auto;\">\n\t\t\n<style>\n#gap-969606218 {\n  padding-top: 30px;\n}\n<\/style>\n\t<\/div>\n\t\n\n\n\t<section class=\"section\" id=\"section_1733749009\">\n\t\t<div class=\"section-bg fill\" >\n\t\t\t\t\t\t\t\t\t<div class=\"section-bg-overlay absolute fill\"><\/div>\n\t\t\t\n\n\t\t<\/div>\n\n\t\t\n\n\t\t<div class=\"section-content relative\">\n\t\t\t\n\n<div class=\"row\"  id=\"row-1969932739\">\n\n\n\t<div id=\"col-118036302\" class=\"col medium-6 small-12 large-6\"  >\n\t\t\t\t<div class=\"col-inner\"  >\n\t\t\t\n\t\t\t\n\n<h2>Licht Ring<\/h2>\n<p>ist ein innovativer Lichtring und vollst\u00e4ndig beleuchtet von regelbaren, farbwechselnden LED-Lichtern. Wir haben moderne Lichttechnik mit der Eleganz und Turbulenz der Luftakrobatik kombiniert und es ist uns gelungen, ein atemberaubendes visuelles Spektakel zu schaffen.<\/p>\n<p>Die visuellen Effekte k\u00f6nnen von dynamischen urbanen LED-Rhythmen bis hin zu ruhigen und mystischen Farbfl\u00fcssen variieren. Die Luftartist tanzt mit de Lichtern mit und verzaubert auf ihre Weise den leuchtenden LEDring.<\/p>\n<p>Mal akzentuiert dynamisch, mal leidenschaftlich elegant flie\u00dfen ihre Bewegungen mit im Strom und Flu\u00df der Farben. So k\u00f6nnen wir auch auf W\u00fcnsche unserer Kunden direkt eingehen und Farbthemen mit in unsere Choreographie aufnehemen. Alle Lichter und Stromquellen befinden sich im Objekt selbst und k\u00f6nnen drahtlos gesteuert werden, wodurch sie vollkommen selbstst\u00e4ndig funktionieren.&nbsp;&nbsp;&nbsp;&nbsp;&nbsp;&nbsp;&nbsp;&nbsp;&nbsp;&nbsp;<\/p>\n<p>Illuminated Luftring ist f\u00fcr ein internationales Publikum geeignet und kann f\u00fcr jede Veranstaltung individuell angepasst werden. Bist du auf der Suche nach einen WOW-Effekt? Dann ist der Flying Led Diamond genau das richtige!<\/p>\n\n\t\t<\/div>\n\t\t\t\t\t<\/div>\n\n\t\n\n\t<div id=\"col-1751800984\" class=\"col medium-6 small-12 large-6\"  >\n\t\t\t\t<div class=\"col-inner\"  >\n\t\t\t\n\t\t\t\n\n\t<div class=\"img has-hover x md-x lg-x y md-y lg-y\" id=\"image_1287334348\">\n\t\t\t\t\t\t\t\t<div class=\"img-inner dark\" style=\"margin:20px 0px 0px 0px;\">\n\t\t\t<img loading=\"lazy\" decoding=\"async\" width=\"566\" height=\"800\" src=\"https:\/\/www.flyingstreet.art\/wp-content\/uploads\/2021\/11\/4LEDRing-A3-566x800.jpg\" class=\"attachment-large size-large\" alt=\"\" srcset=\"https:\/\/www.flyingstreet.art\/wp-content\/uploads\/2021\/11\/4LEDRing-A3-566x800.jpg 566w, https:\/\/www.flyingstreet.art\/wp-content\/uploads\/2021\/11\/4LEDRing-A3-283x400.jpg 283w, https:\/\/www.flyingstreet.art\/wp-content\/uploads\/2021\/11\/4LEDRing-A3-768x1085.jpg 768w, https:\/\/www.flyingstreet.art\/wp-content\/uploads\/2021\/11\/4LEDRing-A3.jpg 896w\" sizes=\"auto, (max-width: 566px) 100vw, 566px\" \/>\t\t\t\t\t\t\n\t\t\t\t\t<\/div>\n\t\t\t\t\t\t\t\t\n<style>\n#image_1287334348 {\n  width: 100%;\n}\n<\/style>\n\t<\/div>\n\t\n\n\n\t\t<\/div>\n\t\t\t\t\t<\/div>\n\n\t\n\n\n<style>\n#row-1969932739 > .col > .col-inner {\n  padding: 0px 15px 0px 15px;\n}\n<\/style>\n<\/div>\n\t<a class=\"paoc-popup-click paoc-popup-cust-2907 paoc-popup-button paoc-popup-btn \" href=\"javascript:void(0);\">Anfrage schicken<\/a>\r\n\n\n\t\t<\/div>\n\n\t\t\n<style>\n#section_1733749009 {\n  padding-top: 30px;\n  padding-bottom: 30px;\n}\n#section_1733749009 .section-bg-overlay {\n  background-color: rgba(17, 50, 196, 0.5);\n}\n<\/style>\n\t<\/section>\n\t\n\t<div id=\"gap-1727265567\" class=\"gap-element clearfix\" style=\"display:block; height:auto;\">\n\t\t\n<style>\n#gap-1727265567 {\n  padding-top: 30px;\n}\n<\/style>\n\t<\/div>\n\t\n\n<div class=\"slider-wrapper relative hide-for-medium\" id=\"slider-1945226246\" >\n    <div class=\"slider slider-nav-circle slider-nav-large slider-nav-light slider-style-normal slider-show-nav\"\n        data-flickity-options='{\n            \"cellAlign\": \"center\",\n            \"imagesLoaded\": true,\n            \"lazyLoad\": 1,\n            \"freeScroll\": false,\n            \"wrapAround\": true,\n            \"autoPlay\": 6000,\n            \"pauseAutoPlayOnHover\" : true,\n            \"prevNextButtons\": true,\n            \"contain\" : true,\n            \"adaptiveHeight\" : true,\n            \"dragThreshold\" : 10,\n            \"percentPosition\": true,\n            \"pageDots\": true,\n            \"rightToLeft\": false,\n            \"draggable\": true,\n            \"selectedAttraction\": 0.1,\n            \"parallax\" : 0,\n            \"friction\": 0.6        }'\n        >\n        \n\n\t<div class=\"img has-hover x md-x lg-x y md-y lg-y\" id=\"image_1141399512\">\n\t\t<a class=\"image-lightbox lightbox-gallery\" title=\"Illuminated Aerial Hoop\" href=\"https:\/\/www.flyingstreet.art\/wp-content\/uploads\/2021\/03\/Led-Kostuum-1-1246x800.jpg\">\t\t\t\t\t\t<div class=\"img-inner image-cover box-shadow-3 dark\" style=\"padding-top:50%;margin:0px 80px 0px 80px;\">\n\t\t\t<img loading=\"lazy\" decoding=\"async\" width=\"1020\" height=\"655\" src=\"https:\/\/www.flyingstreet.art\/wp-content\/uploads\/2021\/03\/Led-Kostuum-1-1246x800.jpg\" class=\"attachment-large size-large\" alt=\"\" srcset=\"https:\/\/www.flyingstreet.art\/wp-content\/uploads\/2021\/03\/Led-Kostuum-1-1246x800.jpg 1246w, https:\/\/www.flyingstreet.art\/wp-content\/uploads\/2021\/03\/Led-Kostuum-1-623x400.jpg 623w, https:\/\/www.flyingstreet.art\/wp-content\/uploads\/2021\/03\/Led-Kostuum-1-768x493.jpg 768w, https:\/\/www.flyingstreet.art\/wp-content\/uploads\/2021\/03\/Led-Kostuum-1-1536x986.jpg 1536w, https:\/\/www.flyingstreet.art\/wp-content\/uploads\/2021\/03\/Led-Kostuum-1-2048x1315.jpg 2048w, https:\/\/www.flyingstreet.art\/wp-content\/uploads\/2021\/03\/Led-Kostuum-1-600x385.jpg 600w\" sizes=\"auto, (max-width: 1020px) 100vw, 1020px\" \/>\t\t\t\t\t\t\n\t\t\t\t\t\t\t<div class=\"caption\">Illuminated Aerial Hoop<\/div>\n\t\t\t\t\t<\/div>\n\t\t\t\t\t\t<\/a>\t\t\n<style>\n#image_1141399512 {\n  width: 100%;\n}\n<\/style>\n\t<\/div>\n\t\n\n\t<div class=\"img has-hover x md-x lg-x y md-y lg-y\" id=\"image_540276840\">\n\t\t<a class=\"image-lightbox lightbox-gallery\" title=\"Illuminated Aerial Hoop\" href=\"https:\/\/www.flyingstreet.art\/wp-content\/uploads\/2021\/03\/Led-Kostuum-2.jpeg\">\t\t\t\t\t\t<div class=\"img-inner image-cover box-shadow-3 dark\" style=\"padding-top:50%;margin:0px 80px 0px 80px;\">\n\t\t\t<img loading=\"lazy\" decoding=\"async\" width=\"1020\" height=\"681\" src=\"https:\/\/www.flyingstreet.art\/wp-content\/uploads\/2021\/03\/Led-Kostuum-2-1199x800.jpeg\" class=\"attachment-large size-large\" alt=\"\" srcset=\"https:\/\/www.flyingstreet.art\/wp-content\/uploads\/2021\/03\/Led-Kostuum-2-1199x800.jpeg 1199w, https:\/\/www.flyingstreet.art\/wp-content\/uploads\/2021\/03\/Led-Kostuum-2-600x400.jpeg 600w, https:\/\/www.flyingstreet.art\/wp-content\/uploads\/2021\/03\/Led-Kostuum-2-768x512.jpeg 768w, https:\/\/www.flyingstreet.art\/wp-content\/uploads\/2021\/03\/Led-Kostuum-2-391x260.jpeg 391w, https:\/\/www.flyingstreet.art\/wp-content\/uploads\/2021\/03\/Led-Kostuum-2.jpeg 1280w\" sizes=\"auto, (max-width: 1020px) 100vw, 1020px\" \/>\t\t\t\t\t\t\n\t\t\t\t\t\t\t<div class=\"caption\">Illuminated Aerial Hoop<\/div>\n\t\t\t\t\t<\/div>\n\t\t\t\t\t\t<\/a>\t\t\n<style>\n#image_540276840 {\n  width: 100%;\n}\n<\/style>\n\t<\/div>\n\t\n\n\t<div class=\"img has-hover x md-x lg-x y md-y lg-y\" id=\"image_7982570\">\n\t\t<a class=\"image-lightbox lightbox-gallery\" title=\"Illuminated Aerial Hoop\" href=\"https:\/\/www.flyingstreet.art\/wp-content\/uploads\/2021\/03\/LedChampgne.png\">\t\t\t\t\t\t<div class=\"img-inner image-cover box-shadow-3 dark\" style=\"padding-top:50%;margin:0px 80px 0px 80px;\">\n\t\t\t<img loading=\"lazy\" decoding=\"async\" width=\"963\" height=\"644\" src=\"https:\/\/www.flyingstreet.art\/wp-content\/uploads\/2021\/03\/LedChampgne.png\" class=\"attachment-large size-large\" alt=\"\" srcset=\"https:\/\/www.flyingstreet.art\/wp-content\/uploads\/2021\/03\/LedChampgne.png 963w, https:\/\/www.flyingstreet.art\/wp-content\/uploads\/2021\/03\/LedChampgne-598x400.png 598w, https:\/\/www.flyingstreet.art\/wp-content\/uploads\/2021\/03\/LedChampgne-768x514.png 768w, https:\/\/www.flyingstreet.art\/wp-content\/uploads\/2021\/03\/LedChampgne-391x260.png 391w, https:\/\/www.flyingstreet.art\/wp-content\/uploads\/2021\/03\/LedChampgne-600x401.png 600w\" sizes=\"auto, (max-width: 963px) 100vw, 963px\" \/>\t\t\t\t\t\t\n\t\t\t\t\t\t\t<div class=\"caption\">Illuminated Aerial Hoop<\/div>\n\t\t\t\t\t<\/div>\n\t\t\t\t\t\t<\/a>\t\t\n<style>\n#image_7982570 {\n  width: 100%;\n}\n<\/style>\n\t<\/div>\n\t\n\n\t<div class=\"img has-hover x md-x lg-x y md-y lg-y\" id=\"image_2063856767\">\n\t\t\t\t\t\t\t\t<div class=\"img-inner image-cover box-shadow-3 dark\" style=\"padding-top:50%;margin:0px 80px 0px 80px;\">\n\t\t\t<img loading=\"lazy\" decoding=\"async\" width=\"510\" height=\"336\" src=\"https:\/\/www.flyingstreet.art\/wp-content\/uploads\/2021\/03\/LED-ring-1.jpeg\" class=\"attachment-large size-large\" alt=\"\" \/>\t\t\t\t\t\t\n\t\t\t\t\t<\/div>\n\t\t\t\t\t\t\t\t\n<style>\n#image_2063856767 {\n  width: 100%;\n}\n<\/style>\n\t<\/div>\n\t\n\n\n     <\/div>\n\n     <div class=\"loading-spin dark large centered\"><\/div>\n\n\t<\/div>\n\n\n\t<div id=\"gap-1616721886\" class=\"gap-element clearfix\" style=\"display:block; height:auto;\">\n\t\t\n<style>\n#gap-1616721886 {\n  padding-top: 30px;\n}\n<\/style>\n\t<\/div>\n\t\n\n\n  <div class=\"banner has-hover has-video\" id=\"banner-1828825288\">\n          <div class=\"banner-inner fill\">\n        <div class=\"banner-bg fill\" >\n                        \t<div class=\"video-overlay no-click fill visible\"><\/div>\n\t<video class=\"video-bg fill visible\" preload playsinline autoplay muted loop>\n\t\t<source src=\"https:\/\/www.flyingstreet.art\/wp-content\/uploads\/2021\/03\/LedRing.m4v\" type=\"video\/mp4\">\t<\/video>\n                        \n                    <\/div>\n\t\t\n        <div class=\"banner-layers container\">\n            <div class=\"fill banner-link\"><\/div>            \n\n\n        <\/div>\n      <\/div>\n\n            \n<style>\n#banner-1828825288 {\n  padding-top: 500px;\n}\n<\/style>\n  <\/div>\n\n\n\t<div id=\"gap-2141561041\" class=\"gap-element clearfix\" style=\"display:block; height:auto;\">\n\t\t\n<style>\n#gap-2141561041 {\n  padding-top: 30px;\n}\n<\/style>\n\t<\/div>\n\t\n\n\n\t<section class=\"section\" id=\"section_194506829\">\n\t\t<div class=\"section-bg fill\" >\n\t\t\t\t\t\t\t\t\t<div class=\"section-bg-overlay absolute fill\"><\/div>\n\t\t\t\n\t<div class=\"is-border\"\n\t\tstyle=\"border-color:rgb(235, 235, 235);border-width:0px 0px 0px 0px;\">\n\t<\/div>\n\n\t\t<\/div>\n\n\t\t\n\n\t\t<div class=\"section-content relative\">\n\t\t\t\n\n<div class=\"row\"  id=\"row-2139589488\">\n\n\n\t<div id=\"col-1500274212\" class=\"col medium-6 small-12 large-6\"  >\n\t\t\t\t<div class=\"col-inner\"  >\n\t\t\t\n\t\t\t\n\n<h2 style=\"text-align: left;\"><strong>Erforderliche Technik<\/strong><\/h2>\n<p style=\"text-align: left;\">Dieser Act ben\u00f6tigt zur Aufh\u00e4ngung einen mobilen H\u00e4ngepunkt, z.B. einen Motor (C1 oder D8+), Counterweight oder einen <strong>Kran.<\/strong> <br \/>Der mobile H\u00e4ngepunkt wird an einem festen Punkt befestigt. Dieser feste Punkt kann unser <strong>Trapezger\u00fcst, <\/strong>eine Stahlkonstruktion oder sogar ein Baum sein.<\/p>\n<ul style=\"text-align: left;\">\n<li style=\"text-align: left;\">Frei bespielbarer Boden: 2m x 2m<\/li>\n<li style=\"text-align: left;\">Tragkraft pro H\u00e4ngepunkt: 500 kg<\/li>\n<li style=\"text-align: left;\">Anzahl H\u00e4ngepunkte: 1&nbsp;<\/li>\n<\/ul>\n<p style=\"text-align: left;\">Flying Streetart kann eine eigene <strong>Musikanlage<\/strong> mitbringen. <\/p>\n<p class=\"p1\"><span class=\"s1\"><b>Kontaktieren Sie uns f\u00fcr ein Angebot!<\/b><\/span><\/p>\n\n\t\t<\/div>\n\t\t\t\t\t<\/div>\n\n\t\n\n\t<div id=\"col-2005754230\" class=\"col medium-6 small-12 large-6\"  >\n\t\t\t\t<div class=\"col-inner\"  >\n\t\t\t\n\t\t\t\n\n\t<div class=\"img has-hover x md-x lg-x y md-y lg-y\" id=\"image_398131076\">\n\t\t\t\t\t\t\t\t<div class=\"img-inner dark\" style=\"margin:30px 0px 0px 0px;\">\n\t\t\t<img loading=\"lazy\" decoding=\"async\" width=\"450\" height=\"309\" src=\"https:\/\/www.flyingstreet.art\/wp-content\/uploads\/2021\/03\/LED-ring-2.jpeg\" class=\"attachment-large size-large\" alt=\"\" \/>\t\t\t\t\t\t\n\t\t\t\t\t<\/div>\n\t\t\t\t\t\t\t\t\n<style>\n#image_398131076 {\n  width: 100%;\n}\n<\/style>\n\t<\/div>\n\t\n\n\n\t\t<\/div>\n\t\t\t\t\t<\/div>\n\n\t\n\n\n<style>\n#row-2139589488 > .col > .col-inner {\n  padding: 0px 15px 0px 15px;\n}\n<\/style>\n<\/div>\n<a href=\"https:\/\/www.flyingstreet.art\/wp-content\/uploads\/2024\/12\/Illuminated-Aerial-HOOP-TechRider-2024.pdf\" target=\"_blank\" class=\"button primary\" rel=\"noopener\" >\n\t\t<span>LED Techischer Rider (.pdf )<\/span>\n\t<\/a>\n\n\n<a href=\"https:\/\/www.flyingstreet.art\/wp-content\/uploads\/2025\/01\/SoloGerust-Technischer-Rider.pdf\" target=\"_blank\" class=\"button primary\" rel=\"noopener\" >\n\t\t<span>Rider Ger\u00fcst (.pdf )<\/span>\n\t<\/a>\n\n\n\n\t\t<\/div>\n\n\t\t\n<style>\n#section_194506829 {\n  padding-top: 30px;\n  padding-bottom: 30px;\n  min-height: 300px;\n}\n#section_194506829 .section-bg-overlay {\n  background-color: rgba(17, 50, 196, 0.5);\n}\n<\/style>\n\t<\/section>\n\t\n\t<div id=\"gap-903119311\" class=\"gap-element clearfix\" style=\"display:block; height:auto;\">\n\t\t\n<style>\n#gap-903119311 {\n  padding-top: 30px;\n}\n<\/style>\n\t<\/div>\n\t\n\n\n","protected":false},"excerpt":{"rendered":"","protected":false},"author":1,"featured_media":2257,"parent":2670,"menu_order":0,"comment_status":"closed","ping_status":"closed","template":"","meta":{"content-type":"","_monsterinsights_skip_tracking":false,"_monsterinsights_sitenote_active":false,"_monsterinsights_sitenote_note":"","_monsterinsights_sitenote_category":0,"ngg_post_thumbnail":0,"footnotes":""},"class_list":["post-2674","page","type-page","status-publish","has-post-thumbnail","hentry"],"aioseo_notices":[],"_links":{"self":[{"href":"https:\/\/www.flyingstreet.art\/de\/wp-json\/wp\/v2\/pages\/2674","targetHints":{"allow":["GET"]}}],"collection":[{"href":"https:\/\/www.flyingstreet.art\/de\/wp-json\/wp\/v2\/pages"}],"about":[{"href":"https:\/\/www.flyingstreet.art\/de\/wp-json\/wp\/v2\/types\/page"}],"author":[{"embeddable":true,"href":"https:\/\/www.flyingstreet.art\/de\/wp-json\/wp\/v2\/users\/1"}],"replies":[{"embeddable":true,"href":"https:\/\/www.flyingstreet.art\/de\/wp-json\/wp\/v2\/comments?post=2674"}],"version-history":[{"count":20,"href":"https:\/\/www.flyingstreet.art\/de\/wp-json\/wp\/v2\/pages\/2674\/revisions"}],"predecessor-version":[{"id":4357,"href":"https:\/\/www.flyingstreet.art\/de\/wp-json\/wp\/v2\/pages\/2674\/revisions\/4357"}],"up":[{"embeddable":true,"href":"https:\/\/www.flyingstreet.art\/de\/wp-json\/wp\/v2\/pages\/2670"}],"wp:featuredmedia":[{"embeddable":true,"href":"https:\/\/www.flyingstreet.art\/de\/wp-json\/wp\/v2\/media\/2257"}],"wp:attachment":[{"href":"https:\/\/www.flyingstreet.art\/de\/wp-json\/wp\/v2\/media?parent=2674"}],"curies":[{"name":"wp","href":"https:\/\/api.w.org\/{rel}","templated":true}]}}