{"id":2670,"date":"2021-02-23T09:46:11","date_gmt":"2021-02-23T08:46:11","guid":{"rendered":"https:\/\/www.flyingstreet.art\/acts\/"},"modified":"2025-01-08T17:47:05","modified_gmt":"2025-01-08T16:47:05","slug":"acts","status":"publish","type":"page","link":"https:\/\/www.flyingstreet.art\/de\/acts\/","title":{"rendered":"Acts"},"content":{"rendered":"\n\t<div id=\"gap-54809527\" class=\"gap-element clearfix\" style=\"display:block; height:auto;\">\n\t\t\n<style>\n#gap-54809527 {\n  padding-top: 30px;\n}\n<\/style>\n\t<\/div>\n\t\n\n  <div id=\"page-header-557967260\" class=\"page-header-wrapper\">\n  <div class=\"page-title dark normal-title\">\n\n        <div class=\"page-title-bg\">\n      <div class=\"title-bg fill bg-fill\"\n        data-parallax-container=\".page-title\"\n        data-parallax-background\n        data-parallax=\"-\">\n      <\/div>\n      <div class=\"title-overlay fill\"><\/div>\n    <\/div>\n    \n    <div class=\"page-title-inner container align-center flex-row medium-flex-wrap\" >\n              <div class=\"title-wrapper is-large flex-col text-left medium-text-center\">\n          <h1 class=\"entry-title mb-0\">\n            Acts          <\/h1>\n        <\/div>\n                    <div class=\"title-content flex-col flex-right text-right medium-text-center\">\n        <ul class=\"nav sm-touch-scroll nav-line-bottom nav-uppercase text-left nav-left\"><li class=\"nav-single-page hidden\"><\/li><\/ul>      <\/div>\n    <\/div>\n\n     \n<style>\n#page-header-557967260 .title-overlay {\n  background-color: rgba(17, 50, 196, 0.5);\n}\n#page-header-557967260 .normal-title {\n  background-color: rgba(17, 50, 196, 0.5);\n}\n<\/style>\n  <\/div>\n    <\/div>\n  \n\n\n\t<section class=\"section\" id=\"section_876367872\">\n\t\t<div class=\"section-bg fill\" >\n\t\t\t\t\t\t\t\t\t<div class=\"section-bg-overlay absolute fill\"><\/div>\n\t\t\t\n\n\t\t<\/div>\n\n\t\t\n\n\t\t<div class=\"section-content relative\">\n\t\t\t\n\n\n  <div class=\"banner has-hover\" id=\"banner-1075876721\">\n          <div class=\"banner-inner fill\">\n        <div class=\"banner-bg fill\" >\n            <img loading=\"lazy\" decoding=\"async\" width=\"1020\" height=\"625\" src=\"https:\/\/www.flyingstreet.art\/wp-content\/uploads\/2024\/01\/DSC_4467-Verbessert-RRprint-copy-1305x800.jpg\" class=\"bg attachment-large size-large\" alt=\"\" \/>                                    \n                    <\/div>\n\t\t\n        <div class=\"banner-layers container\">\n            <div class=\"fill banner-link\"><\/div>            \n\n\n        <\/div>\n      <\/div>\n\n            \n<style>\n#banner-1075876721 {\n  padding-top: 300px;\n}\n#banner-1075876721 .banner-bg img {\n  object-position: 47% 59%;\n}\n<\/style>\n  <\/div>\n\n\n<div class=\"row\"  id=\"row-743527996\">\n\n\n\t<div id=\"col-857363988\" class=\"col small-12 large-12\"  >\n\t\t\t\t<div class=\"col-inner\"  >\n\t\t\t\n\t\t\t\n\n<p style=\"text-align: justify;\"><span style=\"color: #fcfcfc;\">Flying Street Art bringt die Luftartistik auf die Stra\u00dfe und belebt sie mit gro\u00dfen fliegenden Bildern. Ob am eigenen Trapezger\u00fcst, Baum, Kran oder an einer meterhohen H\u00e4userfassade. Unsere Auftritte sind immer von weither sichtbar und verleihen jedem Event und Festival den absoluten WOW-Faktor!<\/span><\/p>\n\n\t\t<\/div>\n\t\t\t\t\t<\/div>\n\n\t\n\n<\/div>\n\n  \n    <div class=\"row large-columns-3 medium-columns- small-columns-2 has-shadow row-box-shadow-3\" >\n  <div class=\"page-col col\" >\n          <div class=\"col-inner\" >\n          <a class=\"block plain\" href=\"https:\/\/www.flyingstreet.art\/de\/acts\/magnolia\/\" title=\"Magnolia\" target=\"\">\n            <div class=\"page-box box has-hover box-badge hover-dark\">\n                  <div class=\"box-image\" >\n                      <div class=\"box-image image-zoom image-zoom image-cover\" style=\"padding-top:100%;\">\n                      <img loading=\"lazy\" decoding=\"async\" width=\"600\" height=\"400\" src=\"https:\/\/www.flyingstreet.art\/wp-content\/uploads\/2021\/03\/Magnolia-3-600x400.jpg\" class=\"attachment-medium size-medium\" alt=\"\" srcset=\"https:\/\/www.flyingstreet.art\/wp-content\/uploads\/2021\/03\/Magnolia-3-600x400.jpg 600w, https:\/\/www.flyingstreet.art\/wp-content\/uploads\/2021\/03\/Magnolia-3-1200x800.jpg 1200w, https:\/\/www.flyingstreet.art\/wp-content\/uploads\/2021\/03\/Magnolia-3-768x512.jpg 768w, https:\/\/www.flyingstreet.art\/wp-content\/uploads\/2021\/03\/Magnolia-3-391x260.jpg 391w, https:\/\/www.flyingstreet.art\/wp-content\/uploads\/2021\/03\/Magnolia-3-1536x1024.jpg 1536w, https:\/\/www.flyingstreet.art\/wp-content\/uploads\/2021\/03\/Magnolia-3.jpg 2048w\" sizes=\"auto, (max-width: 600px) 100vw, 600px\" \/>                      <\/div>\n                                                              <\/div>\n                  <div class=\"box-text text-center\" >\n                        <div class=\"box-text-inner\">\n                            <p>Magnolia<\/p>\n                        <\/div>\n                  <\/div>\n              <\/div>\n            <\/a>\n            <\/div>\n          <\/div><div class=\"page-col col\" >\n          <div class=\"col-inner\" >\n          <a class=\"block plain\" href=\"https:\/\/www.flyingstreet.art\/de\/acts\/der-fliegende-koffer\/\" title=\"Der Fliegende Koffer\" target=\"\">\n            <div class=\"page-box box has-hover box-badge hover-dark\">\n                  <div class=\"box-image\" >\n                      <div class=\"box-image image-zoom image-zoom image-cover\" style=\"padding-top:100%;\">\n                      <img loading=\"lazy\" decoding=\"async\" width=\"600\" height=\"400\" src=\"https:\/\/www.flyingstreet.art\/wp-content\/uploads\/2021\/02\/De-Vliegende-Koffer-4-1-600x400.jpg\" class=\"attachment-medium size-medium\" alt=\"\" srcset=\"https:\/\/www.flyingstreet.art\/wp-content\/uploads\/2021\/02\/De-Vliegende-Koffer-4-1-600x400.jpg 600w, https:\/\/www.flyingstreet.art\/wp-content\/uploads\/2021\/02\/De-Vliegende-Koffer-4-1-1200x800.jpg 1200w, https:\/\/www.flyingstreet.art\/wp-content\/uploads\/2021\/02\/De-Vliegende-Koffer-4-1-768x512.jpg 768w, https:\/\/www.flyingstreet.art\/wp-content\/uploads\/2021\/02\/De-Vliegende-Koffer-4-1-1536x1024.jpg 1536w, https:\/\/www.flyingstreet.art\/wp-content\/uploads\/2021\/02\/De-Vliegende-Koffer-4-1-2048x1365.jpg 2048w\" sizes=\"auto, (max-width: 600px) 100vw, 600px\" \/>                      <\/div>\n                                                              <\/div>\n                  <div class=\"box-text text-center\" >\n                        <div class=\"box-text-inner\">\n                            <p>Der Fliegende Koffer<\/p>\n                        <\/div>\n                  <\/div>\n              <\/div>\n            <\/a>\n            <\/div>\n          <\/div><div class=\"page-col col\" >\n          <div class=\"col-inner\" >\n          <a class=\"block plain\" href=\"https:\/\/www.flyingstreet.art\/de\/acts\/flying-led-diamond\/\" title=\"Flying Led Diamond\" target=\"\">\n            <div class=\"page-box box has-hover box-badge hover-dark\">\n                  <div class=\"box-image\" >\n                      <div class=\"box-image image-zoom image-zoom image-cover\" style=\"padding-top:100%;\">\n                      <img loading=\"lazy\" decoding=\"async\" width=\"599\" height=\"400\" src=\"https:\/\/www.flyingstreet.art\/wp-content\/uploads\/2021\/03\/Flying-Led-Diamond-5-599x400.jpg\" class=\"attachment-medium size-medium\" alt=\"\" srcset=\"https:\/\/www.flyingstreet.art\/wp-content\/uploads\/2021\/03\/Flying-Led-Diamond-5-599x400.jpg 599w, https:\/\/www.flyingstreet.art\/wp-content\/uploads\/2021\/03\/Flying-Led-Diamond-5-1198x800.jpg 1198w, https:\/\/www.flyingstreet.art\/wp-content\/uploads\/2021\/03\/Flying-Led-Diamond-5-768x513.jpg 768w, https:\/\/www.flyingstreet.art\/wp-content\/uploads\/2021\/03\/Flying-Led-Diamond-5-391x260.jpg 391w, https:\/\/www.flyingstreet.art\/wp-content\/uploads\/2021\/03\/Flying-Led-Diamond-5-1536x1025.jpg 1536w, https:\/\/www.flyingstreet.art\/wp-content\/uploads\/2021\/03\/Flying-Led-Diamond-5-2048x1367.jpg 2048w, https:\/\/www.flyingstreet.art\/wp-content\/uploads\/2021\/03\/Flying-Led-Diamond-5-600x401.jpg 600w\" sizes=\"auto, (max-width: 599px) 100vw, 599px\" \/>                      <\/div>\n                                                              <\/div>\n                  <div class=\"box-text text-center\" >\n                        <div class=\"box-text-inner\">\n                            <p>Flying Led Diamond<\/p>\n                        <\/div>\n                  <\/div>\n              <\/div>\n            <\/a>\n            <\/div>\n          <\/div><div class=\"page-col col\" >\n          <div class=\"col-inner\" >\n          <a class=\"block plain\" href=\"https:\/\/www.flyingstreet.art\/de\/acts\/skylines\/\" title=\"Sky Lines\" target=\"\">\n            <div class=\"page-box box has-hover box-badge hover-dark\">\n                  <div class=\"box-image\" >\n                      <div class=\"box-image image-zoom image-zoom image-cover\" style=\"padding-top:100%;\">\n                      <img loading=\"lazy\" decoding=\"async\" width=\"289\" height=\"400\" src=\"https:\/\/www.flyingstreet.art\/wp-content\/uploads\/2024\/12\/DSC3977-Verbeterd-NR-289x400.jpg\" class=\"attachment-medium size-medium\" alt=\"\" srcset=\"https:\/\/www.flyingstreet.art\/wp-content\/uploads\/2024\/12\/DSC3977-Verbeterd-NR-289x400.jpg 289w, https:\/\/www.flyingstreet.art\/wp-content\/uploads\/2024\/12\/DSC3977-Verbeterd-NR-578x800.jpg 578w, https:\/\/www.flyingstreet.art\/wp-content\/uploads\/2024\/12\/DSC3977-Verbeterd-NR-768x1063.jpg 768w, https:\/\/www.flyingstreet.art\/wp-content\/uploads\/2024\/12\/DSC3977-Verbeterd-NR-1110x1536.jpg 1110w, https:\/\/www.flyingstreet.art\/wp-content\/uploads\/2024\/12\/DSC3977-Verbeterd-NR-1479x2048.jpg 1479w, https:\/\/www.flyingstreet.art\/wp-content\/uploads\/2024\/12\/DSC3977-Verbeterd-NR.jpg 1811w\" sizes=\"auto, (max-width: 289px) 100vw, 289px\" \/>                      <\/div>\n                                                              <\/div>\n                  <div class=\"box-text text-center\" >\n                        <div class=\"box-text-inner\">\n                            <p>Sky Lines<\/p>\n                        <\/div>\n                  <\/div>\n              <\/div>\n            <\/a>\n            <\/div>\n          <\/div><div class=\"page-col col\" >\n          <div class=\"col-inner\" >\n          <a class=\"block plain\" href=\"https:\/\/www.flyingstreet.art\/de\/acts\/licht-ring\/\" title=\"Licht Ring\" target=\"\">\n            <div class=\"page-box box has-hover box-badge hover-dark\">\n                  <div class=\"box-image\" >\n                      <div class=\"box-image image-zoom image-zoom image-cover\" style=\"padding-top:100%;\">\n                      <img loading=\"lazy\" decoding=\"async\" width=\"623\" height=\"400\" src=\"https:\/\/www.flyingstreet.art\/wp-content\/uploads\/2021\/03\/Led-Kostuum-1-623x400.jpg\" class=\"attachment-medium size-medium\" alt=\"\" srcset=\"https:\/\/www.flyingstreet.art\/wp-content\/uploads\/2021\/03\/Led-Kostuum-1-623x400.jpg 623w, https:\/\/www.flyingstreet.art\/wp-content\/uploads\/2021\/03\/Led-Kostuum-1-1246x800.jpg 1246w, https:\/\/www.flyingstreet.art\/wp-content\/uploads\/2021\/03\/Led-Kostuum-1-768x493.jpg 768w, https:\/\/www.flyingstreet.art\/wp-content\/uploads\/2021\/03\/Led-Kostuum-1-1536x986.jpg 1536w, https:\/\/www.flyingstreet.art\/wp-content\/uploads\/2021\/03\/Led-Kostuum-1-2048x1315.jpg 2048w, https:\/\/www.flyingstreet.art\/wp-content\/uploads\/2021\/03\/Led-Kostuum-1-600x385.jpg 600w\" sizes=\"auto, (max-width: 623px) 100vw, 623px\" \/>                      <\/div>\n                                                              <\/div>\n                  <div class=\"box-text text-center\" >\n                        <div class=\"box-text-inner\">\n                            <p>Licht Ring<\/p>\n                        <\/div>\n                  <\/div>\n              <\/div>\n            <\/a>\n            <\/div>\n          <\/div><div class=\"page-col col\" >\n          <div class=\"col-inner\" >\n          <a class=\"block plain\" href=\"https:\/\/www.flyingstreet.art\/de\/acts\/moondance\/\" title=\"Moondance\" target=\"\">\n            <div class=\"page-box box has-hover box-badge hover-dark\">\n                  <div class=\"box-image\" >\n                      <div class=\"box-image image-zoom image-zoom image-cover\" style=\"padding-top:100%;\">\n                      <img loading=\"lazy\" decoding=\"async\" width=\"299\" height=\"400\" src=\"https:\/\/www.flyingstreet.art\/wp-content\/uploads\/2021\/02\/Moondance-1-299x400.jpg\" class=\"attachment-medium size-medium\" alt=\"\" srcset=\"https:\/\/www.flyingstreet.art\/wp-content\/uploads\/2021\/02\/Moondance-1-299x400.jpg 299w, https:\/\/www.flyingstreet.art\/wp-content\/uploads\/2021\/02\/Moondance-1-598x800.jpg 598w, https:\/\/www.flyingstreet.art\/wp-content\/uploads\/2021\/02\/Moondance-1-768x1028.jpg 768w, https:\/\/www.flyingstreet.art\/wp-content\/uploads\/2021\/02\/Moondance-1-600x803.jpg 600w, https:\/\/www.flyingstreet.art\/wp-content\/uploads\/2021\/02\/Moondance-1-rotated.jpg 968w\" sizes=\"auto, (max-width: 299px) 100vw, 299px\" \/>                      <\/div>\n                                                              <\/div>\n                  <div class=\"box-text text-center\" >\n                        <div class=\"box-text-inner\">\n                            <p>Moondance<\/p>\n                        <\/div>\n                  <\/div>\n              <\/div>\n            <\/a>\n            <\/div>\n          <\/div><div class=\"page-col col\" >\n          <div class=\"col-inner\" >\n          <a class=\"block plain\" href=\"https:\/\/www.flyingstreet.art\/de\/acts\/walldance\/\" title=\"Walldance\" target=\"\">\n            <div class=\"page-box box has-hover box-badge hover-dark\">\n                  <div class=\"box-image\" >\n                      <div class=\"box-image image-zoom image-zoom image-cover\" style=\"padding-top:100%;\">\n                      <img loading=\"lazy\" decoding=\"async\" width=\"600\" height=\"400\" src=\"https:\/\/www.flyingstreet.art\/wp-content\/uploads\/2024\/01\/IMG_5616-600x400.jpg\" class=\"attachment-medium size-medium\" alt=\"\" srcset=\"https:\/\/www.flyingstreet.art\/wp-content\/uploads\/2024\/01\/IMG_5616-600x400.jpg 600w, https:\/\/www.flyingstreet.art\/wp-content\/uploads\/2024\/01\/IMG_5616-1200x800.jpg 1200w, https:\/\/www.flyingstreet.art\/wp-content\/uploads\/2024\/01\/IMG_5616-768x512.jpg 768w, https:\/\/www.flyingstreet.art\/wp-content\/uploads\/2024\/01\/IMG_5616-391x260.jpg 391w, https:\/\/www.flyingstreet.art\/wp-content\/uploads\/2024\/01\/IMG_5616-1536x1024.jpg 1536w, https:\/\/www.flyingstreet.art\/wp-content\/uploads\/2024\/01\/IMG_5616-2048x1365.jpg 2048w\" sizes=\"auto, (max-width: 600px) 100vw, 600px\" \/>                      <\/div>\n                                                              <\/div>\n                  <div class=\"box-text text-center\" >\n                        <div class=\"box-text-inner\">\n                            <p>Walldance<\/p>\n                        <\/div>\n                  <\/div>\n              <\/div>\n            <\/a>\n            <\/div>\n          <\/div><div class=\"page-col col\" >\n          <div class=\"col-inner\" >\n          <a class=\"block plain\" href=\"https:\/\/www.flyingstreet.art\/de\/acts\/nieuw-zicht\/\" title=\"Nieuw Zicht\" target=\"\">\n            <div class=\"page-box box has-hover box-badge hover-dark\">\n                  <div class=\"box-image\" >\n                      <div class=\"box-image image-zoom image-zoom image-cover\" style=\"padding-top:100%;\">\n                      <img loading=\"lazy\" decoding=\"async\" width=\"600\" height=\"400\" src=\"https:\/\/www.flyingstreet.art\/wp-content\/uploads\/2022\/12\/NZ-DB-Schenker6-600x400.jpg\" class=\"attachment-medium size-medium\" alt=\"\" srcset=\"https:\/\/www.flyingstreet.art\/wp-content\/uploads\/2022\/12\/NZ-DB-Schenker6-600x400.jpg 600w, https:\/\/www.flyingstreet.art\/wp-content\/uploads\/2022\/12\/NZ-DB-Schenker6-1200x800.jpg 1200w, https:\/\/www.flyingstreet.art\/wp-content\/uploads\/2022\/12\/NZ-DB-Schenker6-768x512.jpg 768w, https:\/\/www.flyingstreet.art\/wp-content\/uploads\/2022\/12\/NZ-DB-Schenker6-391x260.jpg 391w, https:\/\/www.flyingstreet.art\/wp-content\/uploads\/2022\/12\/NZ-DB-Schenker6-1536x1024.jpg 1536w, https:\/\/www.flyingstreet.art\/wp-content\/uploads\/2022\/12\/NZ-DB-Schenker6-2048x1365.jpg 2048w\" sizes=\"auto, (max-width: 600px) 100vw, 600px\" \/>                      <\/div>\n                                                              <\/div>\n                  <div class=\"box-text text-center\" >\n                        <div class=\"box-text-inner\">\n                            <p>Nieuw Zicht<\/p>\n                        <\/div>\n                  <\/div>\n              <\/div>\n            <\/a>\n            <\/div>\n          <\/div><div class=\"page-col col\" >\n          <div class=\"col-inner\" >\n          <a class=\"block plain\" href=\"https:\/\/www.flyingstreet.art\/de\/acts\/tendance-holiday\/\" title=\"Tendance Holiday\" target=\"\">\n            <div class=\"page-box box has-hover box-badge hover-dark\">\n                  <div class=\"box-image\" >\n                      <div class=\"box-image image-zoom image-zoom image-cover\" style=\"padding-top:100%;\">\n                      <img loading=\"lazy\" decoding=\"async\" width=\"267\" height=\"400\" src=\"https:\/\/www.flyingstreet.art\/wp-content\/uploads\/2021\/02\/Tendance-Holiday-8-267x400.jpg\" class=\"attachment-medium size-medium\" alt=\"\" srcset=\"https:\/\/www.flyingstreet.art\/wp-content\/uploads\/2021\/02\/Tendance-Holiday-8-267x400.jpg 267w, https:\/\/www.flyingstreet.art\/wp-content\/uploads\/2021\/02\/Tendance-Holiday-8-533x800.jpg 533w, https:\/\/www.flyingstreet.art\/wp-content\/uploads\/2021\/02\/Tendance-Holiday-8-600x900.jpg 600w, https:\/\/www.flyingstreet.art\/wp-content\/uploads\/2021\/02\/Tendance-Holiday-8.jpg 640w\" sizes=\"auto, (max-width: 267px) 100vw, 267px\" \/>                      <\/div>\n                                                              <\/div>\n                  <div class=\"box-text text-center\" >\n                        <div class=\"box-text-inner\">\n                            <p>Tendance Holiday<\/p>\n                        <\/div>\n                  <\/div>\n              <\/div>\n            <\/a>\n            <\/div>\n          <\/div><div class=\"page-col col\" >\n          <div class=\"col-inner\" >\n          <a class=\"block plain\" href=\"https:\/\/www.flyingstreet.art\/de\/acts\/the-sassy-jassy-sisters\/\" title=\"The Sassy Jassy Sisters\" target=\"\">\n            <div class=\"page-box box has-hover box-badge hover-dark\">\n                  <div class=\"box-image\" >\n                      <div class=\"box-image image-zoom image-zoom image-cover\" style=\"padding-top:100%;\">\n                      <img loading=\"lazy\" decoding=\"async\" width=\"600\" height=\"400\" src=\"https:\/\/www.flyingstreet.art\/wp-content\/uploads\/2021\/03\/20160729-Schlossspektakel-TBernstein-30-600x400.jpg\" class=\"attachment-medium size-medium\" alt=\"\" srcset=\"https:\/\/www.flyingstreet.art\/wp-content\/uploads\/2021\/03\/20160729-Schlossspektakel-TBernstein-30-600x400.jpg 600w, https:\/\/www.flyingstreet.art\/wp-content\/uploads\/2021\/03\/20160729-Schlossspektakel-TBernstein-30-768x512.jpg 768w, https:\/\/www.flyingstreet.art\/wp-content\/uploads\/2021\/03\/20160729-Schlossspektakel-TBernstein-30-391x260.jpg 391w, https:\/\/www.flyingstreet.art\/wp-content\/uploads\/2021\/03\/20160729-Schlossspektakel-TBernstein-30.jpg 992w\" sizes=\"auto, (max-width: 600px) 100vw, 600px\" \/>                      <\/div>\n                                                              <\/div>\n                  <div class=\"box-text text-center\" >\n                        <div class=\"box-text-inner\">\n                            <p>The Sassy Jassy Sisters<\/p>\n                        <\/div>\n                  <\/div>\n              <\/div>\n            <\/a>\n            <\/div>\n          <\/div><div class=\"page-col col\" >\n          <div class=\"col-inner\" >\n          <a class=\"block plain\" href=\"https:\/\/www.flyingstreet.art\/de\/acts\/windrose\/\" title=\"Windrose\" target=\"\">\n            <div class=\"page-box box has-hover box-badge hover-dark\">\n                  <div class=\"box-image\" >\n                      <div class=\"box-image image-zoom image-zoom image-cover\" style=\"padding-top:100%;\">\n                      <img loading=\"lazy\" decoding=\"async\" width=\"600\" height=\"400\" src=\"https:\/\/www.flyingstreet.art\/wp-content\/uploads\/2021\/03\/Windrose-7-600x400.jpg\" class=\"attachment-medium size-medium\" alt=\"\" srcset=\"https:\/\/www.flyingstreet.art\/wp-content\/uploads\/2021\/03\/Windrose-7-600x400.jpg 600w, https:\/\/www.flyingstreet.art\/wp-content\/uploads\/2021\/03\/Windrose-7-1200x800.jpg 1200w, https:\/\/www.flyingstreet.art\/wp-content\/uploads\/2021\/03\/Windrose-7-768x512.jpg 768w, https:\/\/www.flyingstreet.art\/wp-content\/uploads\/2021\/03\/Windrose-7-391x260.jpg 391w, https:\/\/www.flyingstreet.art\/wp-content\/uploads\/2021\/03\/Windrose-7-1536x1024.jpg 1536w, https:\/\/www.flyingstreet.art\/wp-content\/uploads\/2021\/03\/Windrose-7-2048x1365.jpg 2048w\" sizes=\"auto, (max-width: 600px) 100vw, 600px\" \/>                      <\/div>\n                                                              <\/div>\n                  <div class=\"box-text text-center\" >\n                        <div class=\"box-text-inner\">\n                            <p>Windrose<\/p>\n                        <\/div>\n                  <\/div>\n              <\/div>\n            <\/a>\n            <\/div>\n          <\/div><div class=\"page-col col\" >\n          <div class=\"col-inner\" >\n          <a class=\"block plain\" href=\"https:\/\/www.flyingstreet.art\/de\/acts\/hoopela\/\" title=\"Hoopla\" target=\"\">\n            <div class=\"page-box box has-hover box-badge hover-dark\">\n                  <div class=\"box-image\" >\n                      <div class=\"box-image image-zoom image-zoom image-cover\" style=\"padding-top:100%;\">\n                      <img loading=\"lazy\" decoding=\"async\" width=\"420\" height=\"400\" src=\"https:\/\/www.flyingstreet.art\/wp-content\/uploads\/2023\/09\/Schloss-Spektakel-0806-420x400.jpg\" class=\"attachment-medium size-medium\" alt=\"\" srcset=\"https:\/\/www.flyingstreet.art\/wp-content\/uploads\/2023\/09\/Schloss-Spektakel-0806-420x400.jpg 420w, https:\/\/www.flyingstreet.art\/wp-content\/uploads\/2023\/09\/Schloss-Spektakel-0806-839x800.jpg 839w, https:\/\/www.flyingstreet.art\/wp-content\/uploads\/2023\/09\/Schloss-Spektakel-0806-768x732.jpg 768w, https:\/\/www.flyingstreet.art\/wp-content\/uploads\/2023\/09\/Schloss-Spektakel-0806-1536x1464.jpg 1536w, https:\/\/www.flyingstreet.art\/wp-content\/uploads\/2023\/09\/Schloss-Spektakel-0806-2048x1952.jpg 2048w\" sizes=\"auto, (max-width: 420px) 100vw, 420px\" \/>                      <\/div>\n                                                              <\/div>\n                  <div class=\"box-text text-center\" >\n                        <div class=\"box-text-inner\">\n                            <p>Hoopla<\/p>\n                        <\/div>\n                  <\/div>\n              <\/div>\n            <\/a>\n            <\/div>\n          <\/div><\/div>\n\n\n\t\t<\/div>\n\n\t\t\n<style>\n#section_876367872 {\n  padding-top: 0px;\n  padding-bottom: 0px;\n}\n#section_876367872 .section-bg-overlay {\n  background-color: rgba(17, 50, 196, 0.5);\n}\n<\/style>\n\t<\/section>\n\t\n\t<div id=\"gap-152258325\" class=\"gap-element clearfix\" style=\"display:block; height:auto;\">\n\t\t\n<style>\n#gap-152258325 {\n  padding-top: 30px;\n}\n<\/style>\n\t<\/div>\n\t\n\n\n","protected":false},"excerpt":{"rendered":"","protected":false},"author":1,"featured_media":0,"parent":0,"menu_order":0,"comment_status":"closed","ping_status":"closed","template":"","meta":{"content-type":"","_monsterinsights_skip_tracking":false,"_monsterinsights_sitenote_active":false,"_monsterinsights_sitenote_note":"","_monsterinsights_sitenote_category":0,"ngg_post_thumbnail":0,"footnotes":""},"class_list":["post-2670","page","type-page","status-publish","hentry"],"aioseo_notices":[],"_links":{"self":[{"href":"https:\/\/www.flyingstreet.art\/de\/wp-json\/wp\/v2\/pages\/2670","targetHints":{"allow":["GET"]}}],"collection":[{"href":"https:\/\/www.flyingstreet.art\/de\/wp-json\/wp\/v2\/pages"}],"about":[{"href":"https:\/\/www.flyingstreet.art\/de\/wp-json\/wp\/v2\/types\/page"}],"author":[{"embeddable":true,"href":"https:\/\/www.flyingstreet.art\/de\/wp-json\/wp\/v2\/users\/1"}],"replies":[{"embeddable":true,"href":"https:\/\/www.flyingstreet.art\/de\/wp-json\/wp\/v2\/comments?post=2670"}],"version-history":[{"count":5,"href":"https:\/\/www.flyingstreet.art\/de\/wp-json\/wp\/v2\/pages\/2670\/revisions"}],"predecessor-version":[{"id":4289,"href":"https:\/\/www.flyingstreet.art\/de\/wp-json\/wp\/v2\/pages\/2670\/revisions\/4289"}],"wp:attachment":[{"href":"https:\/\/www.flyingstreet.art\/de\/wp-json\/wp\/v2\/media?parent=2670"}],"curies":[{"name":"wp","href":"https:\/\/api.w.org\/{rel}","templated":true}]}}