{"id":2665,"date":"2021-03-11T22:06:53","date_gmt":"2021-03-11T21:06:53","guid":{"rendered":"https:\/\/www.flyingstreet.art\/hexen-hexen\/"},"modified":"2025-01-12T13:35:07","modified_gmt":"2025-01-12T12:35:07","slug":"skylines","status":"publish","type":"page","link":"https:\/\/www.flyingstreet.art\/de\/acts\/skylines\/","title":{"rendered":"Sky Lines"},"content":{"rendered":"\n\t<div id=\"gap-201157807\" class=\"gap-element clearfix\" style=\"display:block; height:auto;\">\n\t\t\n<style>\n#gap-201157807 {\n  padding-top: 30px;\n}\n<\/style>\n\t<\/div>\n\t\n\n  <div id=\"page-header-1530261598\" class=\"page-header-wrapper\">\n  <div class=\"page-title dark featured-title has-parallax box-shadow-2\">\n\n        <div class=\"page-title-bg\">\n      <div class=\"title-bg fill bg-fill\"\n        data-parallax-container=\".page-title\"\n        data-parallax-background\n        data-parallax=\"-6\">\n      <\/div>\n      <div class=\"title-overlay fill\"><\/div>\n    <\/div>\n    \n    <div class=\"page-title-inner container align-center text-center flex-row-col medium-flex-wrap\" >\n              <div class=\"title-wrapper flex-col\">\n          <h1 class=\"entry-title mb-0\">\n            Skyl Lines          <\/h1>\n        <\/div>\n                <div class=\"page-title-sub op-7 flex-col\">\n          <p class=\"lead\">innovatives Lufttheater<\/p>\n        <\/div>\n                    <div class=\"title-content flex-col\">\n        <ul class=\"nav sm-touch-scroll nav-size-smaller nav-outline nav-uppercase text-center nav-center\"><li class=\"nav-single-page hidden\"><\/li><\/ul>      <\/div>\n    <\/div>\n\n     \n<style>\n#page-header-1530261598 .title-bg {\n  background-image: url(https:\/\/www.flyingstreet.art\/wp-content\/uploads\/2024\/01\/website-header-3-1-scaled.jpeg);\n  background-position: 54% 58%;\n}\n#page-header-1530261598 .title-overlay {\n  background-color: rgba(255, 255, 255, 0);\n}\n<\/style>\n  <\/div>\n    <\/div>\n  \n\n\t<div id=\"gap-1713368653\" class=\"gap-element clearfix\" style=\"display:block; height:auto;\">\n\t\t\n<style>\n#gap-1713368653 {\n  padding-top: 30px;\n}\n<\/style>\n\t<\/div>\n\t\n\n\n  <div class=\"banner has-hover has-video\" id=\"banner-139973389\">\n          <div class=\"banner-inner fill\">\n        <div class=\"banner-bg fill\" >\n                        \t<div class=\"video-overlay no-click fill visible\"><\/div>\n\t<video class=\"video-bg fill visible\" preload playsinline autoplay muted loop>\n\t\t<source src=\"https:\/\/www.flyingstreet.art\/wp-content\/uploads\/2024\/12\/Skylines-Website.mp4\" type=\"video\/mp4\">\t<\/video>\n                        \n                    <\/div>\n\t\t\n        <div class=\"banner-layers container\">\n            <div class=\"fill banner-link\"><\/div>            \n\n\n        <\/div>\n      <\/div>\n\n            \n<style>\n#banner-139973389 {\n  padding-top: 500px;\n}\n<\/style>\n  <\/div>\n\n\n\t<div id=\"gap-923712468\" class=\"gap-element clearfix\" style=\"display:block; height:auto;\">\n\t\t\n<style>\n#gap-923712468 {\n  padding-top: 30px;\n}\n<\/style>\n\t<\/div>\n\t\n\n\n\t<section class=\"section\" id=\"section_1111519566\">\n\t\t<div class=\"section-bg fill\" >\n\t\t\t\t\t\t\t\t\t<div class=\"section-bg-overlay absolute fill\"><\/div>\n\t\t\t\n\n\t\t<\/div>\n\n\t\t\n\n\t\t<div class=\"section-content relative\">\n\t\t\t\n\n<div class=\"row\"  id=\"row-590979822\">\n\n\n\t<div id=\"col-776696620\" class=\"col medium-6 small-12 large-6\"  >\n\t\t\t\t<div class=\"col-inner\"  >\n\t\t\t\n\t\t\t\n\n<h1 class=\"p1\"><b>Sky Lines<\/b><\/h1>\n<p class=\"p1\">Die faszinierende Luftartistik-Performance &#8222;Sky Lines&#8220; entf\u00fchrt das Publikum in eine Welt der Schwerelosigkeit und visuellen Poesie. In einer einzigartigen Darbietung, die Tanz, Luftakrobatik und Abseiltechniken kombiniert, zeigt Flying Street Art eine atemberaubende Vorstellung, die die Grenzen der Schwerkraft zu \u00fcberwinden scheint.<span class=\"Apple-converted-space\">&nbsp;<\/span><\/p>\n<p class=\"p1\">Auf einem 8 m hohen Ger\u00fcst entfaltet sich eine k\u00fcnstlerische Reise, welche die<span class=\"Apple-converted-space\">&nbsp; <\/span>Zuschauer mitnimmt durch die unendlichen &#8222;Sky-Lines\u201d ihrer Spielst\u00e4tte. Diese Performance ist eine Hommage an die K\u00fchnheit und Kreativit\u00e4t der Luftkunst, sie ist gleicherma\u00dfen neuartig wie fesselnd. Das Publikum wird Zeuge einer unerwarteten Verbindung von menschlicher Bewegung und der vertikalen Dimension, die eine ganz neue Perspektive auf Raum und Umgebung er\u00f6ffnet. Die Performance &#8222;Sky Lines&#8220; ist eine visuelle Symphonie, die die Schwerkraft zu \u00fcberlisten scheint. Sie er\u00f6ffnet eine Welt der M\u00f6glichkeiten und l\u00e4dt das Publikum ein, die Sch\u00f6nheit der Luftkunst in ihrer beeindruckendsten Form zu erleben.<\/p>\n<div class=\"row\"  id=\"row-328919077\">\n\n\n\t<div id=\"col-2120488419\" class=\"col medium-4 small-12 large-4\"  >\n\t\t\t\t<div class=\"col-inner\"  >\n\t\t\t\n\t\t\t\n\n\t<div class=\"img has-hover x md-x lg-x y md-y lg-y\" id=\"image_225386661\">\n\t\t\t\t\t\t\t\t<div class=\"img-inner dark\" >\n\t\t\t<img loading=\"lazy\" decoding=\"async\" width=\"533\" height=\"800\" src=\"https:\/\/www.flyingstreet.art\/wp-content\/uploads\/2024\/12\/202408-Skylines-Koblenz-2-533x800.jpg\" class=\"attachment-large size-large\" alt=\"\" srcset=\"https:\/\/www.flyingstreet.art\/wp-content\/uploads\/2024\/12\/202408-Skylines-Koblenz-2-533x800.jpg 533w, https:\/\/www.flyingstreet.art\/wp-content\/uploads\/2024\/12\/202408-Skylines-Koblenz-2-267x400.jpg 267w, https:\/\/www.flyingstreet.art\/wp-content\/uploads\/2024\/12\/202408-Skylines-Koblenz-2-768x1152.jpg 768w, https:\/\/www.flyingstreet.art\/wp-content\/uploads\/2024\/12\/202408-Skylines-Koblenz-2-1024x1536.jpg 1024w, https:\/\/www.flyingstreet.art\/wp-content\/uploads\/2024\/12\/202408-Skylines-Koblenz-2-1365x2048.jpg 1365w, https:\/\/www.flyingstreet.art\/wp-content\/uploads\/2024\/12\/202408-Skylines-Koblenz-2.jpg 1500w\" sizes=\"auto, (max-width: 533px) 100vw, 533px\" \/>\t\t\t\t\t\t\n\t\t\t\t\t<\/div>\n\t\t\t\t\t\t\t\t\n<style>\n#image_225386661 {\n  width: 96%;\n}\n<\/style>\n\t<\/div>\n\t\n\n\n\t\t<\/div>\n\t\t\t\t\t<\/div>\n\n\t\n\n\t<div id=\"col-1510444466\" class=\"col medium-4 small-12 large-4\"  >\n\t\t\t\t<div class=\"col-inner\"  >\n\t\t\t\n\t\t\t\n\n\t<div class=\"img has-hover x md-x lg-x y md-y lg-y\" id=\"image_1824274151\">\n\t\t\t\t\t\t\t\t<div class=\"img-inner dark\" >\n\t\t\t<img loading=\"lazy\" decoding=\"async\" width=\"533\" height=\"800\" src=\"https:\/\/www.flyingstreet.art\/wp-content\/uploads\/2024\/12\/202408-Skylines-Koblenz-6-533x800.jpg\" class=\"attachment-large size-large\" alt=\"\" srcset=\"https:\/\/www.flyingstreet.art\/wp-content\/uploads\/2024\/12\/202408-Skylines-Koblenz-6-533x800.jpg 533w, https:\/\/www.flyingstreet.art\/wp-content\/uploads\/2024\/12\/202408-Skylines-Koblenz-6-267x400.jpg 267w, https:\/\/www.flyingstreet.art\/wp-content\/uploads\/2024\/12\/202408-Skylines-Koblenz-6-768x1152.jpg 768w, https:\/\/www.flyingstreet.art\/wp-content\/uploads\/2024\/12\/202408-Skylines-Koblenz-6-1024x1536.jpg 1024w, https:\/\/www.flyingstreet.art\/wp-content\/uploads\/2024\/12\/202408-Skylines-Koblenz-6-1365x2048.jpg 1365w, https:\/\/www.flyingstreet.art\/wp-content\/uploads\/2024\/12\/202408-Skylines-Koblenz-6.jpg 1500w\" sizes=\"auto, (max-width: 533px) 100vw, 533px\" \/>\t\t\t\t\t\t\n\t\t\t\t\t<\/div>\n\t\t\t\t\t\t\t\t\n<style>\n#image_1824274151 {\n  width: 100%;\n}\n<\/style>\n\t<\/div>\n\t\n\n\n\t\t<\/div>\n\t\t\t\t\t<\/div>\n\n\t\n\n\t<div id=\"col-353989590\" class=\"col medium-4 small-12 large-4\"  >\n\t\t\t\t<div class=\"col-inner\"  >\n\t\t\t\n\t\t\t\n\n\t<div class=\"img has-hover x md-x lg-x y md-y lg-y\" id=\"image_1184679803\">\n\t\t\t\t\t\t\t\t<div class=\"img-inner dark\" >\n\t\t\t<img loading=\"lazy\" decoding=\"async\" width=\"533\" height=\"800\" src=\"https:\/\/www.flyingstreet.art\/wp-content\/uploads\/2024\/12\/202408-Skylines-Koblenz-7-533x800.jpg\" class=\"attachment-large size-large\" alt=\"\" srcset=\"https:\/\/www.flyingstreet.art\/wp-content\/uploads\/2024\/12\/202408-Skylines-Koblenz-7-533x800.jpg 533w, https:\/\/www.flyingstreet.art\/wp-content\/uploads\/2024\/12\/202408-Skylines-Koblenz-7-267x400.jpg 267w, https:\/\/www.flyingstreet.art\/wp-content\/uploads\/2024\/12\/202408-Skylines-Koblenz-7-768x1152.jpg 768w, https:\/\/www.flyingstreet.art\/wp-content\/uploads\/2024\/12\/202408-Skylines-Koblenz-7-1024x1536.jpg 1024w, https:\/\/www.flyingstreet.art\/wp-content\/uploads\/2024\/12\/202408-Skylines-Koblenz-7-1365x2048.jpg 1365w, https:\/\/www.flyingstreet.art\/wp-content\/uploads\/2024\/12\/202408-Skylines-Koblenz-7.jpg 1500w\" sizes=\"auto, (max-width: 533px) 100vw, 533px\" \/>\t\t\t\t\t\t\n\t\t\t\t\t<\/div>\n\t\t\t\t\t\t\t\t\n<style>\n#image_1184679803 {\n  width: 100%;\n}\n<\/style>\n\t<\/div>\n\t\n\n\n\t\t<\/div>\n\t\t\t\t\t<\/div>\n\n\t\n\n<\/div>\n\n\t\t<\/div>\n\t\t\t\t\t<\/div>\n\n\t\n\n\t<div id=\"col-1621392941\" class=\"col medium-6 small-12 large-6\"  >\n\t\t\t\t<div class=\"col-inner\"  >\n\t\t\t\n\t\t\t\n\n\t<div class=\"img has-hover x md-x lg-x y md-y lg-y\" id=\"image_1510111061\">\n\t\t\t\t\t\t\t\t<div class=\"img-inner dark\" >\n\t\t\t<img loading=\"lazy\" decoding=\"async\" width=\"533\" height=\"800\" src=\"https:\/\/www.flyingstreet.art\/wp-content\/uploads\/2024\/12\/IMG-20240714-WA0013-533x800.jpg\" class=\"attachment-large size-large\" alt=\"\" srcset=\"https:\/\/www.flyingstreet.art\/wp-content\/uploads\/2024\/12\/IMG-20240714-WA0013-533x800.jpg 533w, https:\/\/www.flyingstreet.art\/wp-content\/uploads\/2024\/12\/IMG-20240714-WA0013-267x400.jpg 267w, https:\/\/www.flyingstreet.art\/wp-content\/uploads\/2024\/12\/IMG-20240714-WA0013-768x1152.jpg 768w, https:\/\/www.flyingstreet.art\/wp-content\/uploads\/2024\/12\/IMG-20240714-WA0013-1024x1536.jpg 1024w, https:\/\/www.flyingstreet.art\/wp-content\/uploads\/2024\/12\/IMG-20240714-WA0013.jpg 1080w\" sizes=\"auto, (max-width: 533px) 100vw, 533px\" \/>\t\t\t\t\t\t\n\t\t\t\t\t<\/div>\n\t\t\t\t\t\t\t\t\n<style>\n#image_1510111061 {\n  width: 100%;\n}\n<\/style>\n\t<\/div>\n\t\n\n\n\t\t<\/div>\n\t\t\t\t\t<\/div>\n\n\t\n\n\n<style>\n#row-590979822 > .col > .col-inner {\n  padding: 0px 15px 0px 15px;\n}\n<\/style>\n<\/div>\n<div class=\"popupaoc-shortcode-preview\">\t<a class=\"paoc-popup-click paoc-popup-cust-2907 paoc-popup-button paoc-popup-btn \" href=\"javascript:void(0);\">Anfrage schicken<\/a>\r\n<\/div>\n\n\t\t<\/div>\n\n\t\t\n<style>\n#section_1111519566 {\n  padding-top: 30px;\n  padding-bottom: 30px;\n}\n#section_1111519566 .section-bg-overlay {\n  background-color: rgba(17, 50, 196, 0.5);\n}\n<\/style>\n\t<\/section>\n\t\n\t<div id=\"gap-934375056\" class=\"gap-element clearfix\" style=\"display:block; height:auto;\">\n\t\t\n<style>\n#gap-934375056 {\n  padding-top: 30px;\n}\n<\/style>\n\t<\/div>\n\t\n\n<div class=\"slider-wrapper relative\" id=\"slider-1299141428\" >\n    <div class=\"slider slider-nav-circle slider-nav-large slider-nav-light slider-style-normal\"\n        data-flickity-options='{\n            \"cellAlign\": \"center\",\n            \"imagesLoaded\": true,\n            \"lazyLoad\": 1,\n            \"freeScroll\": false,\n            \"wrapAround\": true,\n            \"autoPlay\": 6000,\n            \"pauseAutoPlayOnHover\" : true,\n            \"prevNextButtons\": true,\n            \"contain\" : true,\n            \"adaptiveHeight\" : true,\n            \"dragThreshold\" : 10,\n            \"percentPosition\": true,\n            \"pageDots\": true,\n            \"rightToLeft\": false,\n            \"draggable\": true,\n            \"selectedAttraction\": 0.1,\n            \"parallax\" : 0,\n            \"friction\": 0.6        }'\n        >\n        \n\n\t<div class=\"img has-hover x md-x lg-x y md-y lg-y\" id=\"image_1608281146\">\n\t\t<a class=\"image-lightbox lightbox-gallery\" title=\"\" href=\"https:\/\/www.flyingstreet.art\/wp-content\/uploads\/2024\/12\/IMG-20240714-WA0005.jpg\">\t\t\t\t\t\t<div class=\"img-inner image-cover box-shadow-3 dark\" style=\"padding-top:500px;margin:0px 80px 0px 80px;\">\n\t\t\t<img loading=\"lazy\" decoding=\"async\" width=\"1020\" height=\"681\" src=\"https:\/\/www.flyingstreet.art\/wp-content\/uploads\/2024\/12\/IMG-20240714-WA0005.jpg\" class=\"attachment-large size-large\" alt=\"\" srcset=\"https:\/\/www.flyingstreet.art\/wp-content\/uploads\/2024\/12\/IMG-20240714-WA0005.jpg 1079w, https:\/\/www.flyingstreet.art\/wp-content\/uploads\/2024\/12\/IMG-20240714-WA0005-599x400.jpg 599w, https:\/\/www.flyingstreet.art\/wp-content\/uploads\/2024\/12\/IMG-20240714-WA0005-768x512.jpg 768w, https:\/\/www.flyingstreet.art\/wp-content\/uploads\/2024\/12\/IMG-20240714-WA0005-391x260.jpg 391w\" sizes=\"auto, (max-width: 1020px) 100vw, 1020px\" \/>\t\t\t\t\t\t\n\t\t\t\t\t<\/div>\n\t\t\t\t\t\t<\/a>\t\t\n<style>\n#image_1608281146 {\n  width: 100%;\n}\n<\/style>\n\t<\/div>\n\t\n\n\t<div class=\"img has-hover x md-x lg-x y md-y lg-y\" id=\"image_619617048\">\n\t\t<a class=\"image-lightbox lightbox-gallery\" title=\"\" href=\"https:\/\/www.flyingstreet.art\/wp-content\/uploads\/2024\/12\/24IB5994b.jpg\">\t\t\t\t\t\t<div class=\"img-inner image-cover box-shadow-3 dark\" style=\"padding-top:500px;margin:0px 80px 0px 80px;\">\n\t\t\t<img loading=\"lazy\" decoding=\"async\" width=\"1020\" height=\"680\" src=\"https:\/\/www.flyingstreet.art\/wp-content\/uploads\/2024\/12\/24IB5994b-1200x800.jpg\" class=\"attachment-large size-large\" alt=\"\" srcset=\"https:\/\/www.flyingstreet.art\/wp-content\/uploads\/2024\/12\/24IB5994b-1200x800.jpg 1200w, https:\/\/www.flyingstreet.art\/wp-content\/uploads\/2024\/12\/24IB5994b-600x400.jpg 600w, https:\/\/www.flyingstreet.art\/wp-content\/uploads\/2024\/12\/24IB5994b-768x512.jpg 768w, https:\/\/www.flyingstreet.art\/wp-content\/uploads\/2024\/12\/24IB5994b-391x260.jpg 391w, https:\/\/www.flyingstreet.art\/wp-content\/uploads\/2024\/12\/24IB5994b.jpg 1500w\" sizes=\"auto, (max-width: 1020px) 100vw, 1020px\" \/>\t\t\t\t\t\t\n\t\t\t\t\t<\/div>\n\t\t\t\t\t\t<\/a>\t\t\n<style>\n#image_619617048 {\n  width: 100%;\n}\n<\/style>\n\t<\/div>\n\t\n\n\t<div class=\"img has-hover x md-x lg-x y md-y lg-y\" id=\"image_2111488688\">\n\t\t<a class=\"image-lightbox lightbox-gallery\" title=\"\" href=\"https:\/\/www.flyingstreet.art\/wp-content\/uploads\/2024\/12\/202408-Skylines-Koblenz-4.jpg\">\t\t\t\t\t\t<div class=\"img-inner image-cover box-shadow-3 dark\" style=\"padding-top:500px;margin:0px 80px 0px 80px;\">\n\t\t\t<img loading=\"lazy\" decoding=\"async\" width=\"1020\" height=\"680\" src=\"https:\/\/www.flyingstreet.art\/wp-content\/uploads\/2024\/12\/202408-Skylines-Koblenz-4-1200x800.jpg\" class=\"attachment-large size-large\" alt=\"\" srcset=\"https:\/\/www.flyingstreet.art\/wp-content\/uploads\/2024\/12\/202408-Skylines-Koblenz-4-1200x800.jpg 1200w, https:\/\/www.flyingstreet.art\/wp-content\/uploads\/2024\/12\/202408-Skylines-Koblenz-4-600x400.jpg 600w, https:\/\/www.flyingstreet.art\/wp-content\/uploads\/2024\/12\/202408-Skylines-Koblenz-4-768x512.jpg 768w, https:\/\/www.flyingstreet.art\/wp-content\/uploads\/2024\/12\/202408-Skylines-Koblenz-4-391x260.jpg 391w, https:\/\/www.flyingstreet.art\/wp-content\/uploads\/2024\/12\/202408-Skylines-Koblenz-4.jpg 1500w\" sizes=\"auto, (max-width: 1020px) 100vw, 1020px\" \/>\t\t\t\t\t\t\n\t\t\t\t\t<\/div>\n\t\t\t\t\t\t<\/a>\t\t\n<style>\n#image_2111488688 {\n  width: 100%;\n}\n<\/style>\n\t<\/div>\n\t\n\n\t<div class=\"img has-hover x md-x lg-x y md-y lg-y\" id=\"image_1859879962\">\n\t\t\t\t\t\t\t\t<div class=\"img-inner dark\" style=\"margin:0px 80px 0px 80px;\">\n\t\t\t<img loading=\"lazy\" decoding=\"async\" width=\"1020\" height=\"736\" src=\"https:\/\/www.flyingstreet.art\/wp-content\/uploads\/2024\/12\/202407-Skylines-Noordwijk-5-1108x800.jpg\" class=\"attachment-large size-large\" alt=\"\" srcset=\"https:\/\/www.flyingstreet.art\/wp-content\/uploads\/2024\/12\/202407-Skylines-Noordwijk-5-1108x800.jpg 1108w, https:\/\/www.flyingstreet.art\/wp-content\/uploads\/2024\/12\/202407-Skylines-Noordwijk-5-554x400.jpg 554w, https:\/\/www.flyingstreet.art\/wp-content\/uploads\/2024\/12\/202407-Skylines-Noordwijk-5-768x555.jpg 768w, https:\/\/www.flyingstreet.art\/wp-content\/uploads\/2024\/12\/202407-Skylines-Noordwijk-5-1536x1109.jpg 1536w, https:\/\/www.flyingstreet.art\/wp-content\/uploads\/2024\/12\/202407-Skylines-Noordwijk-5-2048x1479.jpg 2048w\" sizes=\"auto, (max-width: 1020px) 100vw, 1020px\" \/>\t\t\t\t\t\t\n\t\t\t\t\t<\/div>\n\t\t\t\t\t\t\t\t\n<style>\n#image_1859879962 {\n  width: 100%;\n}\n<\/style>\n\t<\/div>\n\t\n\n\t<div class=\"img has-hover x md-x lg-x y md-y lg-y\" id=\"image_1758684576\">\n\t\t\t\t\t\t\t\t<div class=\"img-inner dark\" style=\"margin:0px 80px 0px 80px;\">\n\t\t\t<img loading=\"lazy\" decoding=\"async\" width=\"1020\" height=\"680\" src=\"https:\/\/www.flyingstreet.art\/wp-content\/uploads\/2024\/12\/202408-Skylines-Koblenz-5-1200x800.jpg\" class=\"attachment-large size-large\" alt=\"\" srcset=\"https:\/\/www.flyingstreet.art\/wp-content\/uploads\/2024\/12\/202408-Skylines-Koblenz-5-1200x800.jpg 1200w, https:\/\/www.flyingstreet.art\/wp-content\/uploads\/2024\/12\/202408-Skylines-Koblenz-5-600x400.jpg 600w, https:\/\/www.flyingstreet.art\/wp-content\/uploads\/2024\/12\/202408-Skylines-Koblenz-5-768x512.jpg 768w, https:\/\/www.flyingstreet.art\/wp-content\/uploads\/2024\/12\/202408-Skylines-Koblenz-5-391x260.jpg 391w, https:\/\/www.flyingstreet.art\/wp-content\/uploads\/2024\/12\/202408-Skylines-Koblenz-5.jpg 1500w\" sizes=\"auto, (max-width: 1020px) 100vw, 1020px\" \/>\t\t\t\t\t\t\n\t\t\t\t\t<\/div>\n\t\t\t\t\t\t\t\t\n<style>\n#image_1758684576 {\n  width: 100%;\n}\n<\/style>\n\t<\/div>\n\t\n\n\n     <\/div>\n\n     <div class=\"loading-spin dark large centered\"><\/div>\n\n\t<\/div>\n\n\n\t<div id=\"gap-2135039321\" class=\"gap-element clearfix\" style=\"display:block; height:auto;\">\n\t\t\n<style>\n#gap-2135039321 {\n  padding-top: 30px;\n}\n<\/style>\n\t<\/div>\n\t\n\n\n\t<section class=\"section\" id=\"section_1575086401\">\n\t\t<div class=\"section-bg fill\" >\n\t\t\t\t\t\t\t\t\t<div class=\"section-bg-overlay absolute fill\"><\/div>\n\t\t\t\n\t<div class=\"is-border\"\n\t\tstyle=\"border-color:rgb(235, 235, 235);border-width:0px 0px 0px 0px;\">\n\t<\/div>\n\n\t\t<\/div>\n\n\t\t\n\n\t\t<div class=\"section-content relative\">\n\t\t\t\n\n<div class=\"row\"  id=\"row-955292251\">\n\n\n\t<div id=\"col-1507409981\" class=\"col medium-6 small-12 large-6\"  >\n\t\t\t\t<div class=\"col-inner\"  >\n\t\t\t\n\t\t\t\n\n<h3>Ben\u00f6tigte Technik<\/h3>\n<p>F\u00fcr <strong>Sky Lines<\/strong> verwenden wir unser freistehendes <strong>Trapezgestell<\/strong>.<\/p>\n<p>Das freistehende Gestell hat die Form einer <strong>Pyramide mit drei Beinen<\/strong>, bestehend aus <strong>Prolyte Traversen, Typ H30V<\/strong>, mit einer freien H\u00f6he von <strong>8 m<\/strong>.<br \/>Das Gestell kann sowohl <strong>drinnen als auch drau\u00dfen<\/strong> aufgebaut werden.<\/p>\n<ul>\n<li>\n<p>Die <strong>Spiel- bzw. Standfl\u00e4che<\/strong> des Gestells betr\u00e4gt <strong>7 m<\/strong> in einem <strong>gleichschenkligen Dreieck<\/strong>.<\/p>\n<\/li>\n<li>\n<p>F\u00fcr den Aufbau wird eine <strong>Mindestbodenfl\u00e4che von 18 m x 8 m<\/strong> ben\u00f6tigt.<\/p>\n<\/li>\n<li>\n<p>Das Gestell ist <strong>freistehend<\/strong>, d. h. es muss <strong>nicht im Boden verankert<\/strong> werden. Eine <strong>Verankerung ist jedoch bei Bedarf m\u00f6glich<\/strong>.<\/p>\n<\/li>\n<li>\n<p><strong>Aufbauzeit:<\/strong> 2 Stunden<\/p>\n<\/li>\n<li>\n<p><strong>Abbauzeit:<\/strong> 1,5 Stunden<\/p>\n<\/li>\n<\/ul>\n<p><strong>Flying Street Art<\/strong> kann auch die <strong>Tonanlage<\/strong> bereitstellen.<\/p>\n<p><strong>Fragen Sie noch heute unverbindlich ein Angebot an.<\/strong><\/p>\n\n\t\t<\/div>\n\t\t\t\t\t<\/div>\n\n\t\n\n\t<div id=\"col-396605251\" class=\"col medium-6 small-12 large-6\"  >\n\t\t\t\t<div class=\"col-inner\"  >\n\t\t\t\n\t\t\t\n\n\t<div class=\"img has-hover x md-x lg-x y md-y lg-y\" id=\"image_1046392434\">\n\t\t\t\t\t\t\t\t<div class=\"img-inner dark\" >\n\t\t\t<img loading=\"lazy\" decoding=\"async\" width=\"578\" height=\"800\" src=\"https:\/\/www.flyingstreet.art\/wp-content\/uploads\/2024\/12\/DSC3977-Verbeterd-NR-578x800.jpg\" class=\"attachment-large size-large\" alt=\"\" srcset=\"https:\/\/www.flyingstreet.art\/wp-content\/uploads\/2024\/12\/DSC3977-Verbeterd-NR-578x800.jpg 578w, https:\/\/www.flyingstreet.art\/wp-content\/uploads\/2024\/12\/DSC3977-Verbeterd-NR-289x400.jpg 289w, https:\/\/www.flyingstreet.art\/wp-content\/uploads\/2024\/12\/DSC3977-Verbeterd-NR-768x1063.jpg 768w, https:\/\/www.flyingstreet.art\/wp-content\/uploads\/2024\/12\/DSC3977-Verbeterd-NR-1110x1536.jpg 1110w, https:\/\/www.flyingstreet.art\/wp-content\/uploads\/2024\/12\/DSC3977-Verbeterd-NR-1479x2048.jpg 1479w, https:\/\/www.flyingstreet.art\/wp-content\/uploads\/2024\/12\/DSC3977-Verbeterd-NR.jpg 1811w\" sizes=\"auto, (max-width: 578px) 100vw, 578px\" \/>\t\t\t\t\t\t\n\t\t\t\t\t<\/div>\n\t\t\t\t\t\t\t\t\n<style>\n#image_1046392434 {\n  width: 100%;\n}\n<\/style>\n\t<\/div>\n\t\n\n\n\t\t<\/div>\n\t\t\t\t\t<\/div>\n\n\t\n\n\n<style>\n#row-955292251 > .col > .col-inner {\n  padding: 0px 15px 0px 15px;\n}\n<\/style>\n<\/div>\n<a href=\"https:\/\/www.flyingstreet.art\/wp-content\/uploads\/2025\/01\/2025-Technischer-Rider-Freistehendes-Trapeze-Gerust-1.pdf\" target=\"_blank\" class=\"button primary\" rel=\"noopener\" >\n\t\t<span>Rider Freistehendes ger\u00fcst (.pdf )<\/span>\n\t<\/a>\n\n\n\n\t\t<\/div>\n\n\t\t\n<style>\n#section_1575086401 {\n  padding-top: 30px;\n  padding-bottom: 30px;\n  min-height: 300px;\n}\n#section_1575086401 .section-bg-overlay {\n  background-color: rgba(17, 50, 196, 0.5);\n}\n<\/style>\n\t<\/section>\n\t\n\t<div id=\"gap-910906253\" class=\"gap-element clearfix\" style=\"display:block; height:auto;\">\n\t\t\n<style>\n#gap-910906253 {\n  padding-top: 30px;\n}\n<\/style>\n\t<\/div>\n\t\n\n\n","protected":false},"excerpt":{"rendered":"","protected":false},"author":1,"featured_media":4053,"parent":2670,"menu_order":0,"comment_status":"closed","ping_status":"closed","template":"","meta":{"content-type":"","_monsterinsights_skip_tracking":false,"_monsterinsights_sitenote_active":false,"_monsterinsights_sitenote_note":"","_monsterinsights_sitenote_category":0,"ngg_post_thumbnail":0,"footnotes":""},"class_list":["post-2665","page","type-page","status-publish","has-post-thumbnail","hentry"],"aioseo_notices":[],"_links":{"self":[{"href":"https:\/\/www.flyingstreet.art\/de\/wp-json\/wp\/v2\/pages\/2665","targetHints":{"allow":["GET"]}}],"collection":[{"href":"https:\/\/www.flyingstreet.art\/de\/wp-json\/wp\/v2\/pages"}],"about":[{"href":"https:\/\/www.flyingstreet.art\/de\/wp-json\/wp\/v2\/types\/page"}],"author":[{"embeddable":true,"href":"https:\/\/www.flyingstreet.art\/de\/wp-json\/wp\/v2\/users\/1"}],"replies":[{"embeddable":true,"href":"https:\/\/www.flyingstreet.art\/de\/wp-json\/wp\/v2\/comments?post=2665"}],"version-history":[{"count":22,"href":"https:\/\/www.flyingstreet.art\/de\/wp-json\/wp\/v2\/pages\/2665\/revisions"}],"predecessor-version":[{"id":4372,"href":"https:\/\/www.flyingstreet.art\/de\/wp-json\/wp\/v2\/pages\/2665\/revisions\/4372"}],"up":[{"embeddable":true,"href":"https:\/\/www.flyingstreet.art\/de\/wp-json\/wp\/v2\/pages\/2670"}],"wp:featuredmedia":[{"embeddable":true,"href":"https:\/\/www.flyingstreet.art\/de\/wp-json\/wp\/v2\/media\/4053"}],"wp:attachment":[{"href":"https:\/\/www.flyingstreet.art\/de\/wp-json\/wp\/v2\/media?parent=2665"}],"curies":[{"name":"wp","href":"https:\/\/api.w.org\/{rel}","templated":true}]}}