{"id":2663,"date":"2021-03-11T22:04:52","date_gmt":"2021-03-11T21:04:52","guid":{"rendered":"https:\/\/www.flyingstreet.art\/flying-led-diamond\/"},"modified":"2025-01-08T17:40:33","modified_gmt":"2025-01-08T16:40:33","slug":"flying-led-diamond","status":"publish","type":"page","link":"https:\/\/www.flyingstreet.art\/de\/acts\/flying-led-diamond\/","title":{"rendered":"Flying Led Diamond"},"content":{"rendered":"\n\t<div id=\"gap-1827006528\" class=\"gap-element clearfix\" style=\"display:block; height:auto;\">\n\t\t\n<style>\n#gap-1827006528 {\n  padding-top: 30px;\n}\n<\/style>\n\t<\/div>\n\t\n\n  <div id=\"page-header-1251666178\" class=\"page-header-wrapper\">\n  <div class=\"page-title dark normal-title has-parallax box-shadow-2\">\n\n        <div class=\"page-title-bg\">\n      <div class=\"title-bg fill bg-fill\"\n        data-parallax-container=\".page-title\"\n        data-parallax-background\n        data-parallax=\"-6\">\n      <\/div>\n      <div class=\"title-overlay fill\"><\/div>\n    <\/div>\n    \n    <div class=\"page-title-inner container align-center text-center flex-row-col medium-flex-wrap\" >\n              <div class=\"title-wrapper flex-col\">\n          <h1 class=\"entry-title mb-0\">\n            Flying Led Diamond          <\/h1>\n        <\/div>\n                <div class=\"page-title-sub op-7 flex-col\">\n          <p class=\"lead\">Like a star in the sky<\/p>\n        <\/div>\n                    <div class=\"title-content flex-col\">\n        <ul class=\"nav sm-touch-scroll nav-size-smaller nav-pills nav-uppercase text-center nav-center\"><li class=\"nav-single-page hidden\"><\/li><\/ul>      <\/div>\n    <\/div>\n\n     \n<style>\n#page-header-1251666178 .title-bg {\n  background-image: url(https:\/\/www.flyingstreet.art\/wp-content\/uploads\/2024\/01\/website-header-3-1-scaled.jpeg);\n  background-position: 54% 58%;\n}\n#page-header-1251666178 .title-overlay {\n  background-color: rgba(255, 255, 255, 0);\n}\n<\/style>\n  <\/div>\n    <\/div>\n  \n\n\t<div id=\"gap-826048304\" class=\"gap-element clearfix\" style=\"display:block; height:auto;\">\n\t\t\n<style>\n#gap-826048304 {\n  padding-top: 30px;\n}\n<\/style>\n\t<\/div>\n\t\n\n\n  <div class=\"banner has-hover has-video\" id=\"banner-1080913182\">\n          <div class=\"banner-inner fill\">\n        <div class=\"banner-bg fill\" >\n                        \t<div class=\"video-overlay no-click fill visible\"><\/div>\n\t<video class=\"video-bg fill visible\" preload playsinline autoplay muted loop>\n\t\t<source src=\"https:\/\/www.sol-air.nl\/wp-content\/uploads\/2021\/03\/Flying-Led-Diamond.mp4\" type=\"video\/mp4\">\t<\/video>\n                        \n                    <\/div>\n\t\t\n        <div class=\"banner-layers container\">\n            <div class=\"fill banner-link\"><\/div>            \n\n\n        <\/div>\n      <\/div>\n\n            \n<style>\n#banner-1080913182 {\n  padding-top: 500px;\n}\n<\/style>\n  <\/div>\n\n\n\t<div id=\"gap-1668710971\" class=\"gap-element clearfix\" style=\"display:block; height:auto;\">\n\t\t\n<style>\n#gap-1668710971 {\n  padding-top: 30px;\n}\n<\/style>\n\t<\/div>\n\t\n\n\n\t<section class=\"section\" id=\"section_43923032\">\n\t\t<div class=\"section-bg fill\" >\n\t\t\t\t\t\t\t\t\t<div class=\"section-bg-overlay absolute fill\"><\/div>\n\t\t\t\n\n\t\t<\/div>\n\n\t\t\n\n\t\t<div class=\"section-content relative\">\n\t\t\t\n\n<div class=\"row\"  id=\"row-622455809\">\n\n\n\t<div id=\"col-1375909199\" class=\"col medium-6 small-12 large-6\"  >\n\t\t\t\t<div class=\"col-inner\"  >\n\t\t\t\n\t\t\t\n\n<h2>Flying LedDiamond<\/h2>\n<p>ist ein innovatives Kunstwerk in Form eines Diamanten, das mit zahlreichen steuerbaren LED-Lichtern ausgestattet ist. Durch die Kombination moderner Lichttechnik mit der Eleganz und Dynamik der Luftakrobatik ist es uns gelungen, ein sensationelles visuelles Spektakel zu schaffen.<\/p>\n<p>Unsere Luftt\u00e4nzerinnen sorgen mit ihren anmutigen Bewegungen f\u00fcr eine atemberaubende Show hoch in der Luft. Sie schweben m\u00fchelos durch den Flying Led Diamond, und ihre Choreografie bildet eine harmonische, organische Einheit mit diesem auff\u00e4lligen und einzigartigen Objekt.<\/p>\n<p>Die Lichteffekte reichen von dynamischen urbanen LED-Rhythmen bis hin zu sanften und mystischen Farbverl\u00e4ufen. Alle Lichter sind direkt in den Diamanten integriert und werden Wireless angesteuert. Dadurch funktioniert der Diamant v\u00f6llig autark, sodass die Show jederzeit und an jedem Ort stattfinden kann.<\/p>\n<p>Flying Led Diamond ist geeignet f\u00fcr ein internationales Publikum jeden Alters und kann an jedes beliebige Event angepasst werden. Buchen Sie also unsere Show f\u00fcr ein wahrhaft unvergessliches Erlebnis!<\/p>\n\n\t\t<\/div>\n\t\t\t\t\t<\/div>\n\n\t\n\n\t<div id=\"col-1339062524\" class=\"col medium-6 small-12 large-6\"  >\n\t\t\t\t<div class=\"col-inner\"  >\n\t\t\t\n\t\t\t\n\n\t<div class=\"img has-hover x md-x lg-x y md-y lg-y\" id=\"image_2060245773\">\n\t\t\t\t\t\t\t\t<div class=\"img-inner dark\" >\n\t\t\t<img loading=\"lazy\" decoding=\"async\" width=\"564\" height=\"800\" src=\"https:\/\/www.flyingstreet.art\/wp-content\/uploads\/2021\/03\/Flying-Led-Diamant1-HK-564x800.jpg\" class=\"attachment-large size-large\" alt=\"\" srcset=\"https:\/\/www.flyingstreet.art\/wp-content\/uploads\/2021\/03\/Flying-Led-Diamant1-HK-564x800.jpg 564w, https:\/\/www.flyingstreet.art\/wp-content\/uploads\/2021\/03\/Flying-Led-Diamant1-HK-282x400.jpg 282w, https:\/\/www.flyingstreet.art\/wp-content\/uploads\/2021\/03\/Flying-Led-Diamant1-HK-768x1090.jpg 768w, https:\/\/www.flyingstreet.art\/wp-content\/uploads\/2021\/03\/Flying-Led-Diamant1-HK-1083x1536.jpg 1083w, https:\/\/www.flyingstreet.art\/wp-content\/uploads\/2021\/03\/Flying-Led-Diamant1-HK-1444x2048.jpg 1444w, https:\/\/www.flyingstreet.art\/wp-content\/uploads\/2021\/03\/Flying-Led-Diamant1-HK-600x851.jpg 600w, https:\/\/www.flyingstreet.art\/wp-content\/uploads\/2021\/03\/Flying-Led-Diamant1-HK.jpg 1748w\" sizes=\"auto, (max-width: 564px) 100vw, 564px\" \/>\t\t\t\t\t\t\n\t\t\t\t\t<\/div>\n\t\t\t\t\t\t\t\t\n<style>\n#image_2060245773 {\n  width: 100%;\n}\n<\/style>\n\t<\/div>\n\t\n\n\n\t\t<\/div>\n\t\t\t\t\t<\/div>\n\n\t\n\n\n<style>\n#row-622455809 > .col > .col-inner {\n  padding: 0px 15px 0px 15px;\n}\n<\/style>\n<\/div>\n\t<a class=\"paoc-popup-click paoc-popup-cust-2907 paoc-popup-button paoc-popup-btn \" href=\"javascript:void(0);\">Anfrage schicken<\/a>\r\n\n\n\t\t<\/div>\n\n\t\t\n<style>\n#section_43923032 {\n  padding-top: 30px;\n  padding-bottom: 30px;\n}\n#section_43923032 .section-bg-overlay {\n  background-color: rgba(17, 50, 196, 0.5);\n}\n<\/style>\n\t<\/section>\n\t\n\t<div id=\"gap-1886330582\" class=\"gap-element clearfix\" style=\"display:block; height:auto;\">\n\t\t\n<style>\n#gap-1886330582 {\n  padding-top: 30px;\n}\n<\/style>\n\t<\/div>\n\t\n\n<div class=\"slider-wrapper relative\" id=\"slider-2078043817\" >\n    <div class=\"slider slider-type-fade slider-nav-circle slider-nav-large slider-nav-light slider-style-normal slider-show-nav\"\n        data-flickity-options='{\n            \"cellAlign\": \"center\",\n            \"imagesLoaded\": true,\n            \"lazyLoad\": 1,\n            \"freeScroll\": false,\n            \"wrapAround\": true,\n            \"autoPlay\": 6000,\n            \"pauseAutoPlayOnHover\" : true,\n            \"prevNextButtons\": true,\n            \"contain\" : true,\n            \"adaptiveHeight\" : true,\n            \"dragThreshold\" : 10,\n            \"percentPosition\": true,\n            \"pageDots\": true,\n            \"rightToLeft\": false,\n            \"draggable\": true,\n            \"selectedAttraction\": 0.1,\n            \"parallax\" : 0,\n            \"friction\": 0.6        }'\n        >\n        \n\n\t<div class=\"img has-hover x md-x lg-x y md-y lg-y\" id=\"image_464612042\">\n\t\t<a class=\"image-lightbox lightbox-gallery\" title=\"\" href=\"https:\/\/www.flyingstreet.art\/wp-content\/uploads\/2023\/09\/20230907_VB_150_Parktheater_LR_Nadia_ten_Wolde_106_013A3467.jpg\">\t\t\t\t\t\t<div class=\"img-inner image-cover box-shadow-3 dark\" style=\"padding-top:50%;margin:0px 80px 0px 80px;\">\n\t\t\t<img loading=\"lazy\" decoding=\"async\" width=\"1020\" height=\"681\" src=\"https:\/\/www.flyingstreet.art\/wp-content\/uploads\/2023\/09\/20230907_VB_150_Parktheater_LR_Nadia_ten_Wolde_106_013A3467-1199x800.jpg\" class=\"attachment-large size-large\" alt=\"\" srcset=\"https:\/\/www.flyingstreet.art\/wp-content\/uploads\/2023\/09\/20230907_VB_150_Parktheater_LR_Nadia_ten_Wolde_106_013A3467-1199x800.jpg 1199w, https:\/\/www.flyingstreet.art\/wp-content\/uploads\/2023\/09\/20230907_VB_150_Parktheater_LR_Nadia_ten_Wolde_106_013A3467-600x400.jpg 600w, https:\/\/www.flyingstreet.art\/wp-content\/uploads\/2023\/09\/20230907_VB_150_Parktheater_LR_Nadia_ten_Wolde_106_013A3467-768x512.jpg 768w, https:\/\/www.flyingstreet.art\/wp-content\/uploads\/2023\/09\/20230907_VB_150_Parktheater_LR_Nadia_ten_Wolde_106_013A3467-391x260.jpg 391w, https:\/\/www.flyingstreet.art\/wp-content\/uploads\/2023\/09\/20230907_VB_150_Parktheater_LR_Nadia_ten_Wolde_106_013A3467-1536x1024.jpg 1536w, https:\/\/www.flyingstreet.art\/wp-content\/uploads\/2023\/09\/20230907_VB_150_Parktheater_LR_Nadia_ten_Wolde_106_013A3467-2048x1366.jpg 2048w\" sizes=\"auto, (max-width: 1020px) 100vw, 1020px\" \/>\t\t\t\t\t\t\n\t\t\t\t\t<\/div>\n\t\t\t\t\t\t<\/a>\t\t\n<style>\n#image_464612042 {\n  width: 100%;\n}\n<\/style>\n\t<\/div>\n\t\n\n\t<div class=\"img has-hover x md-x lg-x y md-y lg-y\" id=\"image_1940646980\">\n\t\t\t\t\t\t\t\t<div class=\"img-inner image-cover dark\" style=\"padding-top:50%;margin:0px 80px 0px 80px;\">\n\t\t\t<img loading=\"lazy\" decoding=\"async\" width=\"1020\" height=\"680\" src=\"https:\/\/www.flyingstreet.art\/wp-content\/uploads\/2023\/09\/20230907_VB_150_Parktheater_LR_Nadia_ten_Wolde_096_1X8A8224-1200x800.jpg\" class=\"attachment-large size-large\" alt=\"\" srcset=\"https:\/\/www.flyingstreet.art\/wp-content\/uploads\/2023\/09\/20230907_VB_150_Parktheater_LR_Nadia_ten_Wolde_096_1X8A8224-1200x800.jpg 1200w, https:\/\/www.flyingstreet.art\/wp-content\/uploads\/2023\/09\/20230907_VB_150_Parktheater_LR_Nadia_ten_Wolde_096_1X8A8224-600x400.jpg 600w, https:\/\/www.flyingstreet.art\/wp-content\/uploads\/2023\/09\/20230907_VB_150_Parktheater_LR_Nadia_ten_Wolde_096_1X8A8224-768x512.jpg 768w, https:\/\/www.flyingstreet.art\/wp-content\/uploads\/2023\/09\/20230907_VB_150_Parktheater_LR_Nadia_ten_Wolde_096_1X8A8224-391x260.jpg 391w, https:\/\/www.flyingstreet.art\/wp-content\/uploads\/2023\/09\/20230907_VB_150_Parktheater_LR_Nadia_ten_Wolde_096_1X8A8224-1536x1024.jpg 1536w, https:\/\/www.flyingstreet.art\/wp-content\/uploads\/2023\/09\/20230907_VB_150_Parktheater_LR_Nadia_ten_Wolde_096_1X8A8224-2048x1365.jpg 2048w\" sizes=\"auto, (max-width: 1020px) 100vw, 1020px\" \/>\t\t\t\t\t\t\n\t\t\t\t\t<\/div>\n\t\t\t\t\t\t\t\t\n<style>\n#image_1940646980 {\n  width: 100%;\n}\n<\/style>\n\t<\/div>\n\t\n\n\t<div class=\"img has-hover x md-x lg-x y md-y lg-y\" id=\"image_808355216\">\n\t\t<a class=\"image-lightbox lightbox-gallery\" title=\"Flying Led Diamond\" href=\"https:\/\/www.flyingstreet.art\/wp-content\/uploads\/2021\/03\/Flying-Led-Diamond-5-1198x800.jpg\">\t\t\t\t\t\t<div class=\"img-inner image-cover box-shadow-3 dark\" style=\"padding-top:50%;margin:0px 80px 0px 80px;\">\n\t\t\t<img loading=\"lazy\" decoding=\"async\" width=\"1020\" height=\"681\" src=\"https:\/\/www.flyingstreet.art\/wp-content\/uploads\/2021\/03\/Flying-Led-Diamond-5-1198x800.jpg\" class=\"attachment-large size-large\" alt=\"\" srcset=\"https:\/\/www.flyingstreet.art\/wp-content\/uploads\/2021\/03\/Flying-Led-Diamond-5-1198x800.jpg 1198w, https:\/\/www.flyingstreet.art\/wp-content\/uploads\/2021\/03\/Flying-Led-Diamond-5-599x400.jpg 599w, https:\/\/www.flyingstreet.art\/wp-content\/uploads\/2021\/03\/Flying-Led-Diamond-5-768x513.jpg 768w, https:\/\/www.flyingstreet.art\/wp-content\/uploads\/2021\/03\/Flying-Led-Diamond-5-391x260.jpg 391w, https:\/\/www.flyingstreet.art\/wp-content\/uploads\/2021\/03\/Flying-Led-Diamond-5-1536x1025.jpg 1536w, https:\/\/www.flyingstreet.art\/wp-content\/uploads\/2021\/03\/Flying-Led-Diamond-5-2048x1367.jpg 2048w, https:\/\/www.flyingstreet.art\/wp-content\/uploads\/2021\/03\/Flying-Led-Diamond-5-600x401.jpg 600w\" sizes=\"auto, (max-width: 1020px) 100vw, 1020px\" \/>\t\t\t\t\t\t\n\t\t\t\t\t\t\t<div class=\"caption\">Flying Led Diamond<\/div>\n\t\t\t\t\t<\/div>\n\t\t\t\t\t\t<\/a>\t\t\n<style>\n#image_808355216 {\n  width: 100%;\n}\n<\/style>\n\t<\/div>\n\t\n\n\t<div class=\"img has-hover x md-x lg-x y md-y lg-y\" id=\"image_963743003\">\n\t\t<a class=\"image-lightbox lightbox-gallery\" title=\"Flying Led Diamond\" href=\"https:\/\/www.flyingstreet.art\/wp-content\/uploads\/2021\/03\/Flying-Led-Diamond-6-scaled.jpg\">\t\t\t\t\t\t<div class=\"img-inner image-cover box-shadow-3 dark\" style=\"padding-top:50%;margin:0px 80px 0px 80px;\">\n\t\t\t<img loading=\"lazy\" decoding=\"async\" width=\"1020\" height=\"681\" src=\"https:\/\/www.flyingstreet.art\/wp-content\/uploads\/2021\/03\/Flying-Led-Diamond-6-1198x800.jpg\" class=\"attachment-large size-large\" alt=\"\" srcset=\"https:\/\/www.flyingstreet.art\/wp-content\/uploads\/2021\/03\/Flying-Led-Diamond-6-1198x800.jpg 1198w, https:\/\/www.flyingstreet.art\/wp-content\/uploads\/2021\/03\/Flying-Led-Diamond-6-599x400.jpg 599w, https:\/\/www.flyingstreet.art\/wp-content\/uploads\/2021\/03\/Flying-Led-Diamond-6-768x513.jpg 768w, https:\/\/www.flyingstreet.art\/wp-content\/uploads\/2021\/03\/Flying-Led-Diamond-6-391x260.jpg 391w, https:\/\/www.flyingstreet.art\/wp-content\/uploads\/2021\/03\/Flying-Led-Diamond-6-1536x1025.jpg 1536w, https:\/\/www.flyingstreet.art\/wp-content\/uploads\/2021\/03\/Flying-Led-Diamond-6-2048x1367.jpg 2048w, https:\/\/www.flyingstreet.art\/wp-content\/uploads\/2021\/03\/Flying-Led-Diamond-6-600x401.jpg 600w\" sizes=\"auto, (max-width: 1020px) 100vw, 1020px\" \/>\t\t\t\t\t\t\n\t\t\t\t\t\t\t<div class=\"caption\">Flying Led Diamond<\/div>\n\t\t\t\t\t<\/div>\n\t\t\t\t\t\t<\/a>\t\t\n<style>\n#image_963743003 {\n  width: 100%;\n}\n<\/style>\n\t<\/div>\n\t\n\n\t<div class=\"img has-hover x md-x lg-x y md-y lg-y\" id=\"image_1687969097\">\n\t\t\t\t\t\t\t\t<div class=\"img-inner image-cover box-shadow-3 dark\" style=\"padding-top:50%;margin:0px 80px 0px 80px;\">\n\t\t\t<img loading=\"lazy\" decoding=\"async\" width=\"940\" height=\"626\" src=\"https:\/\/www.flyingstreet.art\/wp-content\/uploads\/2021\/03\/Bottrop14.jpg\" class=\"attachment-large size-large\" alt=\"\" srcset=\"https:\/\/www.flyingstreet.art\/wp-content\/uploads\/2021\/03\/Bottrop14.jpg 940w, https:\/\/www.flyingstreet.art\/wp-content\/uploads\/2021\/03\/Bottrop14-601x400.jpg 601w, https:\/\/www.flyingstreet.art\/wp-content\/uploads\/2021\/03\/Bottrop14-768x511.jpg 768w, https:\/\/www.flyingstreet.art\/wp-content\/uploads\/2021\/03\/Bottrop14-391x260.jpg 391w, https:\/\/www.flyingstreet.art\/wp-content\/uploads\/2021\/03\/Bottrop14-600x400.jpg 600w\" sizes=\"auto, (max-width: 940px) 100vw, 940px\" \/>\t\t\t\t\t\t\n\t\t\t\t\t<\/div>\n\t\t\t\t\t\t\t\t\n<style>\n#image_1687969097 {\n  width: 100%;\n}\n<\/style>\n\t<\/div>\n\t\n\n\n     <\/div>\n\n     <div class=\"loading-spin dark large centered\"><\/div>\n\n\t\n<style>\n#slider-2078043817 {\n  margin-bottom: 40px;\n}\n<\/style>\n<\/div>\n\n\n\t<div id=\"gap-936115344\" class=\"gap-element clearfix\" style=\"display:block; height:auto;\">\n\t\t\n<style>\n#gap-936115344 {\n  padding-top: 30px;\n}\n<\/style>\n\t<\/div>\n\t\n\n\n\t<section class=\"section\" id=\"section_1500628564\">\n\t\t<div class=\"section-bg fill\" >\n\t\t\t\t\t\t\t\t\t<div class=\"section-bg-overlay absolute fill\"><\/div>\n\t\t\t\n\t<div class=\"is-border\"\n\t\tstyle=\"border-color:rgb(235, 235, 235);border-width:0px 0px 0px 0px;\">\n\t<\/div>\n\n\t\t<\/div>\n\n\t\t\n\n\t\t<div class=\"section-content relative\">\n\t\t\t\n\n<div class=\"row\"  id=\"row-1589590572\">\n\n\n\t<div id=\"col-1070135670\" class=\"col medium-6 small-12 large-6\"  >\n\t\t\t\t<div class=\"col-inner\"  >\n\t\t\t\n\t\t\t\n\n<p><strong>Erforderliche Technik<\/strong><\/p>\n<p>Der Befestigungspunkt muss mobil sein, es ist ein Motor (C1 oder D8+), eine Winde oder einen Kran, der f\u00fcr das Heben von Personen gzugelassen ist.<br \/>Sowohl am Boden als auch in der Luft rund um den Befestigungspunkt&nbsp; muss ausreichend freier Raum f\u00fcr die Darbietung sein.<\/p>\n<ul>\n<li><strong>Frei bespielbare Bodenfl\u00e4che:<\/strong> 3 m x 3 m<\/li>\n<li><strong>Freier Luftraum:<\/strong> 6 m x 6 m<\/li>\n<li><strong>Mindesth\u00f6he:<\/strong> 8 m<\/li>\n<li><strong>Zugkraft des Befestigungspunktes:<\/strong> 1000 kg<\/li>\n<li><strong>Anzahl der Befestigungspunkte:<\/strong> 1<\/li>\n<\/ul>\n\n\t\t<\/div>\n\t\t\t\t\t<\/div>\n\n\t\n\n\t<div id=\"col-715488124\" class=\"col medium-6 small-12 large-6\"  >\n\t\t\t\t<div class=\"col-inner\"  >\n\t\t\t\n\t\t\t\n\n\t<div class=\"img has-hover x md-x lg-x y md-y lg-y\" id=\"image_1143031657\">\n\t\t\t\t\t\t\t\t<div class=\"img-inner dark\" >\n\t\t\t<img loading=\"lazy\" decoding=\"async\" width=\"800\" height=\"800\" src=\"https:\/\/www.flyingstreet.art\/wp-content\/uploads\/2024\/12\/20230907_VB_150_Parktheater_VK_Nadia_ten_Wolde_099_013A3276-800x800.jpg\" class=\"attachment-large size-large\" alt=\"\" srcset=\"https:\/\/www.flyingstreet.art\/wp-content\/uploads\/2024\/12\/20230907_VB_150_Parktheater_VK_Nadia_ten_Wolde_099_013A3276-800x800.jpg 800w, https:\/\/www.flyingstreet.art\/wp-content\/uploads\/2024\/12\/20230907_VB_150_Parktheater_VK_Nadia_ten_Wolde_099_013A3276-400x400.jpg 400w, https:\/\/www.flyingstreet.art\/wp-content\/uploads\/2024\/12\/20230907_VB_150_Parktheater_VK_Nadia_ten_Wolde_099_013A3276-280x280.jpg 280w, https:\/\/www.flyingstreet.art\/wp-content\/uploads\/2024\/12\/20230907_VB_150_Parktheater_VK_Nadia_ten_Wolde_099_013A3276-768x768.jpg 768w, https:\/\/www.flyingstreet.art\/wp-content\/uploads\/2024\/12\/20230907_VB_150_Parktheater_VK_Nadia_ten_Wolde_099_013A3276-300x300.jpg 300w, https:\/\/www.flyingstreet.art\/wp-content\/uploads\/2024\/12\/20230907_VB_150_Parktheater_VK_Nadia_ten_Wolde_099_013A3276.jpg 1390w\" sizes=\"auto, (max-width: 800px) 100vw, 800px\" \/>\t\t\t\t\t\t\n\t\t\t\t\t<\/div>\n\t\t\t\t\t\t\t\t\n<style>\n#image_1143031657 {\n  width: 100%;\n}\n<\/style>\n\t<\/div>\n\t\n\n\n\t\t<\/div>\n\t\t\t\t\t<\/div>\n\n\t\n\n\n<style>\n#row-1589590572 > .col > .col-inner {\n  padding: 0px 15px 0px 15px;\n}\n<\/style>\n<\/div>\n<a href=\"https:\/\/www.flyingstreet.art\/wp-content\/uploads\/2024\/12\/Illuminated-Aerial-DIAMOND-TechRider-2024.pdf\" target=\"_blank\" class=\"button primary\" rel=\"noopener\" >\n\t\t<span>Download technische rider<\/span>\n\t<\/a>\n\n\n\n\t\t<\/div>\n\n\t\t\n<style>\n#section_1500628564 {\n  padding-top: 30px;\n  padding-bottom: 30px;\n  min-height: 300px;\n}\n#section_1500628564 .section-bg-overlay {\n  background-color: rgba(17, 50, 196, 0.5);\n}\n<\/style>\n\t<\/section>\n\t\n\t<div id=\"gap-2040250935\" class=\"gap-element clearfix\" style=\"display:block; height:auto;\">\n\t\t\n<style>\n#gap-2040250935 {\n  padding-top: 30px;\n}\n<\/style>\n\t<\/div>\n\t\n\n\n","protected":false},"excerpt":{"rendered":"","protected":false},"author":1,"featured_media":2247,"parent":2670,"menu_order":0,"comment_status":"closed","ping_status":"closed","template":"","meta":{"content-type":"","_monsterinsights_skip_tracking":false,"_monsterinsights_sitenote_active":false,"_monsterinsights_sitenote_note":"","_monsterinsights_sitenote_category":0,"ngg_post_thumbnail":0,"footnotes":""},"class_list":["post-2663","page","type-page","status-publish","has-post-thumbnail","hentry"],"aioseo_notices":[],"_links":{"self":[{"href":"https:\/\/www.flyingstreet.art\/de\/wp-json\/wp\/v2\/pages\/2663","targetHints":{"allow":["GET"]}}],"collection":[{"href":"https:\/\/www.flyingstreet.art\/de\/wp-json\/wp\/v2\/pages"}],"about":[{"href":"https:\/\/www.flyingstreet.art\/de\/wp-json\/wp\/v2\/types\/page"}],"author":[{"embeddable":true,"href":"https:\/\/www.flyingstreet.art\/de\/wp-json\/wp\/v2\/users\/1"}],"replies":[{"embeddable":true,"href":"https:\/\/www.flyingstreet.art\/de\/wp-json\/wp\/v2\/comments?post=2663"}],"version-history":[{"count":11,"href":"https:\/\/www.flyingstreet.art\/de\/wp-json\/wp\/v2\/pages\/2663\/revisions"}],"predecessor-version":[{"id":4288,"href":"https:\/\/www.flyingstreet.art\/de\/wp-json\/wp\/v2\/pages\/2663\/revisions\/4288"}],"up":[{"embeddable":true,"href":"https:\/\/www.flyingstreet.art\/de\/wp-json\/wp\/v2\/pages\/2670"}],"wp:featuredmedia":[{"embeddable":true,"href":"https:\/\/www.flyingstreet.art\/de\/wp-json\/wp\/v2\/media\/2247"}],"wp:attachment":[{"href":"https:\/\/www.flyingstreet.art\/de\/wp-json\/wp\/v2\/media?parent=2663"}],"curies":[{"name":"wp","href":"https:\/\/api.w.org\/{rel}","templated":true}]}}