{"id":2661,"date":"2021-02-23T11:28:37","date_gmt":"2021-02-23T10:28:37","guid":{"rendered":"https:\/\/www.flyingstreet.art\/der-fliegende-koffer\/"},"modified":"2025-01-12T13:35:45","modified_gmt":"2025-01-12T12:35:45","slug":"der-fliegende-koffer","status":"publish","type":"page","link":"https:\/\/www.flyingstreet.art\/de\/acts\/der-fliegende-koffer\/","title":{"rendered":"Der Fliegende Koffer"},"content":{"rendered":"\n\t<div id=\"gap-1062940435\" class=\"gap-element clearfix\" style=\"display:block; height:auto;\">\n\t\t\n<style>\n#gap-1062940435 {\n  padding-top: 30px;\n}\n<\/style>\n\t<\/div>\n\t\n\n  <div id=\"page-header-1849003179\" class=\"page-header-wrapper\">\n  <div class=\"page-title dark normal-title has-parallax box-shadow-2\">\n\n        <div class=\"page-title-bg\">\n      <div class=\"title-bg fill bg-fill\"\n        data-parallax-container=\".page-title\"\n        data-parallax-background\n        data-parallax=\"-6\">\n      <\/div>\n      <div class=\"title-overlay fill\"><\/div>\n    <\/div>\n    \n    <div class=\"page-title-inner container align-center text-center flex-row-col medium-flex-wrap\" >\n              <div class=\"title-wrapper flex-col\">\n          <h1 class=\"entry-title mb-0\">\n            Der Fliegende Koffer          <\/h1>\n        <\/div>\n                <div class=\"page-title-sub op-7 flex-col\">\n          <p class=\"lead\">Counterweight &amp; Artistik<\/p>\n        <\/div>\n                    <div class=\"title-content flex-col\">\n        <ul class=\"nav sm-touch-scroll nav-size-smaller nav-pills nav-uppercase text-center nav-center\"><li class=\"nav-single-page hidden\"><\/li><\/ul>      <\/div>\n    <\/div>\n\n     \n<style>\n#page-header-1849003179 .title-bg {\n  background-image: url(https:\/\/www.flyingstreet.art\/wp-content\/uploads\/2024\/01\/website-header-3-1-scaled.jpeg);\n  background-position: 54% 58%;\n}\n#page-header-1849003179 .title-overlay {\n  background-color: rgba(255, 255, 255, 0);\n}\n<\/style>\n  <\/div>\n    <\/div>\n  \n\n\t<div id=\"gap-1038367681\" class=\"gap-element clearfix\" style=\"display:block; height:auto;\">\n\t\t\n<style>\n#gap-1038367681 {\n  padding-top: 30px;\n}\n<\/style>\n\t<\/div>\n\t\n\n\n  <div class=\"banner has-hover has-video\" id=\"banner-1084979946\">\n          <div class=\"banner-inner fill\">\n        <div class=\"banner-bg fill\" >\n                        \t<div class=\"video-overlay no-click fill visible\"><\/div>\n\t<video class=\"video-bg fill visible\" preload playsinline autoplay muted loop>\n\t\t<source src=\"https:\/\/www.sol-air.nl\/wp-content\/uploads\/2021\/03\/De-Vliegende-Koffer.m4v\" type=\"video\/mp4\">\t<\/video>\n                        \n                    <\/div>\n\t\t\n        <div class=\"banner-layers container\">\n            <div class=\"fill banner-link\"><\/div>            \n\n\n        <\/div>\n      <\/div>\n\n            \n<style>\n#banner-1084979946 {\n  padding-top: 500px;\n}\n<\/style>\n  <\/div>\n\n\n\t<div id=\"gap-1292370378\" class=\"gap-element clearfix\" style=\"display:block; height:auto;\">\n\t\t\n<style>\n#gap-1292370378 {\n  padding-top: 30px;\n}\n<\/style>\n\t<\/div>\n\t\n\n\n\t<section class=\"section\" id=\"section_125471312\">\n\t\t<div class=\"section-bg fill\" >\n\t\t\t\t\t\t\t\t\t<div class=\"section-bg-overlay absolute fill\"><\/div>\n\t\t\t\n\n\t\t<\/div>\n\n\t\t\n\n\t\t<div class=\"section-content relative\">\n\t\t\t\n\n<div class=\"row\"  id=\"row-135855348\">\n\n\n\t<div id=\"col-1675193686\" class=\"col medium-6 small-12 large-6\"  >\n\t\t\t\t<div class=\"col-inner\"  >\n\t\t\t\n\t\t\t\n\n<h2>Der Fliegende Koffer<\/h2>\n<p>An einem sch\u00f6nen Sommertag begegnen sie sich zum ersten Mal: eine elegante Frau in rot und ein altmodischer Koffer. Und so unglaublich es klingen mag, es entwickelt sich zwischen ihnen ein Spiel, befl\u00fcgelt durch Tanz und Akrobatik.<\/p>\n<p>Der Fliegende Koffer ist reich an visuellen und artistischen Eindr\u00fccken. Eine kurze, doch packende Geschichte \u00fcber Liebe, Macht und Freundschaft.<\/p>\n<p>Im Sommer 2021 hat der Fliegende Koffer Bronze beim <a href=\"https:\/\/www.aundo-service.de\/lingener%20Theo.htm\">Lingener Theo<\/a> gewonnnen!! Der Auftritt von Sylvia Idelberger und Janneke van Amelsvoort \u00fcberzeugte die Jury durch die \u00fcberraschende Momente des Counterweights, den feinen Humor und die vielen kuriosen und doch m\u00e4rchenhaften Momente.<\/p>\n\n\t\t<\/div>\n\t\t\t\t\n<style>\n#col-1675193686 > .col-inner {\n  padding: 0px 15px 0px 15px;\n}\n<\/style>\n\t<\/div>\n\n\t\n\n\t<div id=\"col-1764379084\" class=\"col medium-6 small-12 large-6\"  >\n\t\t\t\t<div class=\"col-inner\"  >\n\t\t\t\n\t\t\t\n\n<div class=\"slider-wrapper relative\" id=\"slider-1215990863\" >\n    <div class=\"slider slider-nav-circle slider-nav-large slider-nav-light slider-style-normal\"\n        data-flickity-options='{\n            \"cellAlign\": \"center\",\n            \"imagesLoaded\": true,\n            \"lazyLoad\": 1,\n            \"freeScroll\": false,\n            \"wrapAround\": true,\n            \"autoPlay\": 6000,\n            \"pauseAutoPlayOnHover\" : true,\n            \"prevNextButtons\": true,\n            \"contain\" : true,\n            \"adaptiveHeight\" : true,\n            \"dragThreshold\" : 10,\n            \"percentPosition\": true,\n            \"pageDots\": true,\n            \"rightToLeft\": false,\n            \"draggable\": true,\n            \"selectedAttraction\": 0.1,\n            \"parallax\" : 0,\n            \"friction\": 0.6        }'\n        >\n        \n\n\t<div class=\"img has-hover x md-x lg-x y md-y lg-y\" id=\"image_1911743850\">\n\t\t\t\t\t\t\t\t<div class=\"img-inner image-cover dark\" style=\"padding-top:70%;\">\n\t\t\t<img loading=\"lazy\" decoding=\"async\" width=\"600\" height=\"800\" src=\"https:\/\/www.flyingstreet.art\/wp-content\/uploads\/2021\/09\/WhatsApp-Image-2021-09-19-at-22.36.55-600x800.jpeg\" class=\"attachment-large size-large\" alt=\"\" srcset=\"https:\/\/www.flyingstreet.art\/wp-content\/uploads\/2021\/09\/WhatsApp-Image-2021-09-19-at-22.36.55-600x800.jpeg 600w, https:\/\/www.flyingstreet.art\/wp-content\/uploads\/2021\/09\/WhatsApp-Image-2021-09-19-at-22.36.55-300x400.jpeg 300w, https:\/\/www.flyingstreet.art\/wp-content\/uploads\/2021\/09\/WhatsApp-Image-2021-09-19-at-22.36.55-768x1024.jpeg 768w, https:\/\/www.flyingstreet.art\/wp-content\/uploads\/2021\/09\/WhatsApp-Image-2021-09-19-at-22.36.55-1152x1536.jpeg 1152w, https:\/\/www.flyingstreet.art\/wp-content\/uploads\/2021\/09\/WhatsApp-Image-2021-09-19-at-22.36.55.jpeg 1200w\" sizes=\"auto, (max-width: 600px) 100vw, 600px\" \/>\t\t\t\t\t\t\n\t\t\t\t\t<\/div>\n\t\t\t\t\t\t\t\t\n<style>\n#image_1911743850 {\n  width: 100%;\n}\n<\/style>\n\t<\/div>\n\t\n\n\n     <\/div>\n\n     <div class=\"loading-spin dark large centered\"><\/div>\n\n\t<\/div>\n\n\n\t<div id=\"gap-2062051239\" class=\"gap-element clearfix\" style=\"display:block; height:auto;\">\n\t\t\n<style>\n#gap-2062051239 {\n  padding-top: 15px;\n}\n<\/style>\n\t<\/div>\n\t\n\n\t<div id=\"text-2734390342\" class=\"text\">\n\t\t\n\n<h3>Die gl\u00fccklichen Bronze Gewinner des Lingener Theo!<\/h3>\n\t\t\n<style>\n#text-2734390342 {\n  text-align: center;\n}\n<\/style>\n\t<\/div>\n\t\n\n\t\t<\/div>\n\t\t\t\t\n<style>\n#col-1764379084 > .col-inner {\n  padding: 0px 15px 0px 15px;\n}\n<\/style>\n\t<\/div>\n\n\t\n\n<\/div>\n\t<a class=\"paoc-popup-click paoc-popup-cust-2907 paoc-popup-button paoc-popup-btn \" href=\"javascript:void(0);\">Anfrage schicken<\/a>\r\n\n\n\t\t<\/div>\n\n\t\t\n<style>\n#section_125471312 {\n  padding-top: 30px;\n  padding-bottom: 30px;\n}\n#section_125471312 .section-bg-overlay {\n  background-color: rgba(17, 50, 196, 0.5);\n}\n<\/style>\n\t<\/section>\n\t\n\t<div id=\"gap-1149828068\" class=\"gap-element clearfix\" style=\"display:block; height:auto;\">\n\t\t\n<style>\n#gap-1149828068 {\n  padding-top: 30px;\n}\n<\/style>\n\t<\/div>\n\t\n\n<div class=\"slider-wrapper relative\" id=\"slider-1588137399\" >\n    <div class=\"slider slider-nav-circle slider-nav-large slider-nav-light slider-style-normal slider-show-nav\"\n        data-flickity-options='{\n            \"cellAlign\": \"center\",\n            \"imagesLoaded\": true,\n            \"lazyLoad\": 1,\n            \"freeScroll\": false,\n            \"wrapAround\": true,\n            \"autoPlay\": 6000,\n            \"pauseAutoPlayOnHover\" : true,\n            \"prevNextButtons\": true,\n            \"contain\" : true,\n            \"adaptiveHeight\" : true,\n            \"dragThreshold\" : 10,\n            \"percentPosition\": true,\n            \"pageDots\": true,\n            \"rightToLeft\": false,\n            \"draggable\": true,\n            \"selectedAttraction\": 0.1,\n            \"parallax\" : 0,\n            \"friction\": 0.6        }'\n        >\n        \n\n\t<div class=\"img has-hover x md-x lg-x y md-y lg-y\" id=\"image_1305136390\">\n\t\t<a class=\"image-lightbox lightbox-gallery\" title=\"De Vliegende Koffer\" href=\"https:\/\/www.flyingstreet.art\/wp-content\/uploads\/2021\/02\/De-Vliegende-Koffer-3-1000x800.jpg\">\t\t\t\t\t\t<div class=\"img-inner image-cover box-shadow-3 dark\" style=\"padding-top:50%;margin:0px 80px 0px 80px;\">\n\t\t\t<img loading=\"lazy\" decoding=\"async\" width=\"1000\" height=\"800\" src=\"https:\/\/www.flyingstreet.art\/wp-content\/uploads\/2021\/02\/De-Vliegende-Koffer-3-1000x800.jpg\" class=\"attachment-large size-large\" alt=\"\" srcset=\"https:\/\/www.flyingstreet.art\/wp-content\/uploads\/2021\/02\/De-Vliegende-Koffer-3-1000x800.jpg 1000w, https:\/\/www.flyingstreet.art\/wp-content\/uploads\/2021\/02\/De-Vliegende-Koffer-3-500x400.jpg 500w, https:\/\/www.flyingstreet.art\/wp-content\/uploads\/2021\/02\/De-Vliegende-Koffer-3-768x615.jpg 768w, https:\/\/www.flyingstreet.art\/wp-content\/uploads\/2021\/02\/De-Vliegende-Koffer-3-1536x1229.jpg 1536w, https:\/\/www.flyingstreet.art\/wp-content\/uploads\/2021\/02\/De-Vliegende-Koffer-3-2048x1639.jpg 2048w, https:\/\/www.flyingstreet.art\/wp-content\/uploads\/2021\/02\/De-Vliegende-Koffer-3-600x480.jpg 600w\" sizes=\"auto, (max-width: 1000px) 100vw, 1000px\" \/>\t\t\t\t\t\t\n\t\t\t\t\t\t\t<div class=\"caption\">De Vliegende Koffer<\/div>\n\t\t\t\t\t<\/div>\n\t\t\t\t\t\t<\/a>\t\t\n<style>\n#image_1305136390 {\n  width: 100%;\n}\n<\/style>\n\t<\/div>\n\t\n\n\t<div class=\"img has-hover x md-x lg-x y md-y lg-y\" id=\"image_610264573\">\n\t\t<a class=\"image-lightbox lightbox-gallery\" title=\"De Vliegende Koffer\" href=\"https:\/\/www.flyingstreet.art\/wp-content\/uploads\/2021\/02\/De-Vliegende-Koffer-4-scaled.jpg\">\t\t\t\t\t\t<div class=\"img-inner image-cover box-shadow-3 dark\" style=\"padding-top:50%;margin:0px 80px 0px 80px;\">\n\t\t\t<img loading=\"lazy\" decoding=\"async\" width=\"1020\" height=\"680\" src=\"https:\/\/www.flyingstreet.art\/wp-content\/uploads\/2021\/02\/De-Vliegende-Koffer-4-1200x800.jpg\" class=\"attachment-large size-large\" alt=\"\" srcset=\"https:\/\/www.flyingstreet.art\/wp-content\/uploads\/2021\/02\/De-Vliegende-Koffer-4-1200x800.jpg 1200w, https:\/\/www.flyingstreet.art\/wp-content\/uploads\/2021\/02\/De-Vliegende-Koffer-4-600x400.jpg 600w, https:\/\/www.flyingstreet.art\/wp-content\/uploads\/2021\/02\/De-Vliegende-Koffer-4-768x512.jpg 768w, https:\/\/www.flyingstreet.art\/wp-content\/uploads\/2021\/02\/De-Vliegende-Koffer-4-1536x1024.jpg 1536w, https:\/\/www.flyingstreet.art\/wp-content\/uploads\/2021\/02\/De-Vliegende-Koffer-4-2048x1365.jpg 2048w\" sizes=\"auto, (max-width: 1020px) 100vw, 1020px\" \/>\t\t\t\t\t\t\n\t\t\t\t\t\t\t<div class=\"caption\">De Vliegende Koffer<\/div>\n\t\t\t\t\t<\/div>\n\t\t\t\t\t\t<\/a>\t\t\n<style>\n#image_610264573 {\n  width: 100%;\n}\n<\/style>\n\t<\/div>\n\t\n\n\t<div class=\"img has-hover x md-x lg-x y md-y lg-y\" id=\"image_1769944940\">\n\t\t<a class=\"image-lightbox lightbox-gallery\" title=\"De Vliegende Koffer\" href=\"https:\/\/www.flyingstreet.art\/wp-content\/uploads\/2021\/02\/IMG_3023-scaled.jpg\">\t\t\t\t\t\t<div class=\"img-inner image-cover box-shadow-3 dark\" style=\"padding-top:50%;margin:0px 80px 0px 80px;\">\n\t\t\t<img loading=\"lazy\" decoding=\"async\" width=\"1020\" height=\"680\" src=\"https:\/\/www.flyingstreet.art\/wp-content\/uploads\/2021\/02\/IMG_3023-1200x800.jpg\" class=\"attachment-large size-large\" alt=\"\" srcset=\"https:\/\/www.flyingstreet.art\/wp-content\/uploads\/2021\/02\/IMG_3023-1200x800.jpg 1200w, https:\/\/www.flyingstreet.art\/wp-content\/uploads\/2021\/02\/IMG_3023-600x400.jpg 600w, https:\/\/www.flyingstreet.art\/wp-content\/uploads\/2021\/02\/IMG_3023-768x512.jpg 768w, https:\/\/www.flyingstreet.art\/wp-content\/uploads\/2021\/02\/IMG_3023-1536x1024.jpg 1536w, https:\/\/www.flyingstreet.art\/wp-content\/uploads\/2021\/02\/IMG_3023-2048x1365.jpg 2048w\" sizes=\"auto, (max-width: 1020px) 100vw, 1020px\" \/>\t\t\t\t\t\t\n\t\t\t\t\t\t\t<div class=\"caption\">De Vliegende Koffer<\/div>\n\t\t\t\t\t<\/div>\n\t\t\t\t\t\t<\/a>\t\t\n<style>\n#image_1769944940 {\n  width: 100%;\n}\n<\/style>\n\t<\/div>\n\t\n\n\t<div class=\"img has-hover x md-x lg-x y md-y lg-y\" id=\"image_1386805211\">\n\t\t\t\t\t\t\t\t<div class=\"img-inner image-cover box-shadow-3 dark\" style=\"padding-top:50%;margin:0px 80px 0px 80px;\">\n\t\t\t<img loading=\"lazy\" decoding=\"async\" width=\"1020\" height=\"741\" src=\"https:\/\/www.flyingstreet.art\/wp-content\/uploads\/2021\/03\/DE-Fliegende-Koffer1a-1101x800.jpg\" class=\"attachment-large size-large\" alt=\"\" srcset=\"https:\/\/www.flyingstreet.art\/wp-content\/uploads\/2021\/03\/DE-Fliegende-Koffer1a-1101x800.jpg 1101w, https:\/\/www.flyingstreet.art\/wp-content\/uploads\/2021\/03\/DE-Fliegende-Koffer1a-550x400.jpg 550w, https:\/\/www.flyingstreet.art\/wp-content\/uploads\/2021\/03\/DE-Fliegende-Koffer1a-768x558.jpg 768w, https:\/\/www.flyingstreet.art\/wp-content\/uploads\/2021\/03\/DE-Fliegende-Koffer1a-1536x1116.jpg 1536w, https:\/\/www.flyingstreet.art\/wp-content\/uploads\/2021\/03\/DE-Fliegende-Koffer1a-2048x1488.jpg 2048w, https:\/\/www.flyingstreet.art\/wp-content\/uploads\/2021\/03\/DE-Fliegende-Koffer1a-600x436.jpg 600w\" sizes=\"auto, (max-width: 1020px) 100vw, 1020px\" \/>\t\t\t\t\t\t\n\t\t\t\t\t<\/div>\n\t\t\t\t\t\t\t\t\n<style>\n#image_1386805211 {\n  width: 100%;\n}\n<\/style>\n\t<\/div>\n\t\n\n\n     <\/div>\n\n     <div class=\"loading-spin dark large centered\"><\/div>\n\n\t<\/div>\n\n\n\t<div id=\"gap-1623439447\" class=\"gap-element clearfix\" style=\"display:block; height:auto;\">\n\t\t\n<style>\n#gap-1623439447 {\n  padding-top: 30px;\n}\n<\/style>\n\t<\/div>\n\t\n\n\n\t<section class=\"section\" id=\"section_1740946049\">\n\t\t<div class=\"section-bg fill\" >\n\t\t\t\t\t\t\t\t\t<div class=\"section-bg-overlay absolute fill\"><\/div>\n\t\t\t\n\t<div class=\"is-border\"\n\t\tstyle=\"border-color:rgb(235, 235, 235);border-width:0px 0px 0px 0px;\">\n\t<\/div>\n\n\t\t<\/div>\n\n\t\t\n\n\t\t<div class=\"section-content relative\">\n\t\t\t\n\n<div class=\"row\"  id=\"row-1252598079\">\n\n\n\t<div id=\"col-457249220\" class=\"col medium-6 small-12 large-6\"  >\n\t\t\t\t<div class=\"col-inner\"  >\n\t\t\t\n\t\t\t\n\n<h2 style=\"text-align: left;\"><strong>Erforderliche Technik<\/strong><\/h2>\n<p style=\"text-align: left;\">Der \u201cFliegende Koffer\u201d ist ausschlie\u00dflich an unserem freistehenden &nbsp;<strong>Trapezger\u00fcst<\/strong> oder einer \u00e4hnlichen Konstruktion mit einer H\u00f6he von 8 m spielbar.&nbsp;<\/p>\n<ul style=\"text-align: left;\">\n<li style=\"text-align: left;\">Freie bespielbare Bodenfl\u00e4che: 8m x 8m<\/li>\n<li style=\"text-align: left;\">Tragkraft pro H\u00e4ngepunkt: 500 kg<\/li>\n<li style=\"text-align: left;\">Ben\u00f6tigte H\u00e4ngepunkte: 1 &#8211; 2&nbsp;<\/li>\n<\/ul>\n<p style=\"text-align: left;\">Flying Streetart kann eine eigene <strong>Musikanlage<\/strong> mitbringen. <br \/>Angebot anfragen !<\/p>\n\n\t\t<\/div>\n\t\t\t\t\n<style>\n#col-457249220 > .col-inner {\n  padding: 0px 15px 0px 15px;\n}\n<\/style>\n\t<\/div>\n\n\t\n\n\t<div id=\"col-32873015\" class=\"col medium-6 small-12 large-6\"  >\n\t\t\t\t<div class=\"col-inner\"  >\n\t\t\t\n\t\t\t\n\n<div class=\"slider-wrapper relative\" id=\"slider-1218518477\" >\n    <div class=\"slider slider-nav-circle slider-nav-large slider-nav-light slider-style-normal\"\n        data-flickity-options='{\n            \"cellAlign\": \"center\",\n            \"imagesLoaded\": true,\n            \"lazyLoad\": 1,\n            \"freeScroll\": false,\n            \"wrapAround\": true,\n            \"autoPlay\": 6000,\n            \"pauseAutoPlayOnHover\" : true,\n            \"prevNextButtons\": true,\n            \"contain\" : true,\n            \"adaptiveHeight\" : true,\n            \"dragThreshold\" : 10,\n            \"percentPosition\": true,\n            \"pageDots\": true,\n            \"rightToLeft\": false,\n            \"draggable\": true,\n            \"selectedAttraction\": 0.1,\n            \"parallax\" : 0,\n            \"friction\": 0.6        }'\n        >\n        \n\n\t<div class=\"img has-hover x md-x lg-x y md-y lg-y\" id=\"image_204294848\">\n\t\t<a class=\"\" href=\"https:\/\/www.sol-air.nl\/techniek\/trapeze-stellage\/\" target=\"_blank\" rel=\"noopener\" >\t\t\t\t\t\t<div class=\"img-inner dark\" >\n\t\t\t<img loading=\"lazy\" decoding=\"async\" width=\"1020\" height=\"765\" src=\"https:\/\/www.flyingstreet.art\/wp-content\/uploads\/2021\/10\/WhatsApp-Image-2021-10-19-at-09.13.42-1067x800.jpeg\" class=\"attachment-large size-large\" alt=\"\" srcset=\"https:\/\/www.flyingstreet.art\/wp-content\/uploads\/2021\/10\/WhatsApp-Image-2021-10-19-at-09.13.42-1067x800.jpeg 1067w, https:\/\/www.flyingstreet.art\/wp-content\/uploads\/2021\/10\/WhatsApp-Image-2021-10-19-at-09.13.42-533x400.jpeg 533w, https:\/\/www.flyingstreet.art\/wp-content\/uploads\/2021\/10\/WhatsApp-Image-2021-10-19-at-09.13.42-768x576.jpeg 768w, https:\/\/www.flyingstreet.art\/wp-content\/uploads\/2021\/10\/WhatsApp-Image-2021-10-19-at-09.13.42-1536x1152.jpeg 1536w, https:\/\/www.flyingstreet.art\/wp-content\/uploads\/2021\/10\/WhatsApp-Image-2021-10-19-at-09.13.42.jpeg 2000w\" sizes=\"auto, (max-width: 1020px) 100vw, 1020px\" \/>\t\t\t\t\t\t\n\t\t\t\t\t<\/div>\n\t\t\t\t\t\t<\/a>\t\t\n<style>\n#image_204294848 {\n  width: 100%;\n}\n<\/style>\n\t<\/div>\n\t\n\n\n     <\/div>\n\n     <div class=\"loading-spin dark large centered\"><\/div>\n\n\t<\/div>\n\n\n\n\t\t<\/div>\n\t\t\t\t\n<style>\n#col-32873015 > .col-inner {\n  padding: 0px 15px 0px 15px;\n}\n<\/style>\n\t<\/div>\n\n\t\n\n<\/div>\n<a href=\"https:\/\/www.flyingstreet.art\/wp-content\/uploads\/2025\/01\/2025-Technischer-Rider-Freistehendes-Trapeze-Gerust-1.pdf\" target=\"_blank\" class=\"button primary\" rel=\"noopener\" >\n\t\t<span>Rider Freistehendes ger\u00fcst (.pdf )<\/span>\n\t<\/a>\n\n\n\n\t\t<\/div>\n\n\t\t\n<style>\n#section_1740946049 {\n  padding-top: 30px;\n  padding-bottom: 30px;\n  min-height: 300px;\n}\n#section_1740946049 .section-bg-overlay {\n  background-color: rgba(17, 50, 196, 0.5);\n}\n<\/style>\n\t<\/section>\n\t\n\t<div id=\"gap-676609017\" class=\"gap-element clearfix\" style=\"display:block; height:auto;\">\n\t\t\n<style>\n#gap-676609017 {\n  padding-top: 30px;\n}\n<\/style>\n\t<\/div>\n\t\n\n\n","protected":false},"excerpt":{"rendered":"<p>Der Fliegende Koffer ist reich an visuellen und artistischen Eindr\u00fccken. <\/p>\n<p>Im Sommer 2021 hat der Fliegende Koffer Bronze beim Lingener Theo gewonnnen!!<\/p>\n","protected":false},"author":1,"featured_media":2105,"parent":2670,"menu_order":0,"comment_status":"closed","ping_status":"closed","template":"","meta":{"content-type":"","_monsterinsights_skip_tracking":false,"_monsterinsights_sitenote_active":false,"_monsterinsights_sitenote_note":"","_monsterinsights_sitenote_category":0,"ngg_post_thumbnail":0,"footnotes":""},"class_list":["post-2661","page","type-page","status-publish","has-post-thumbnail","hentry"],"aioseo_notices":[],"_links":{"self":[{"href":"https:\/\/www.flyingstreet.art\/de\/wp-json\/wp\/v2\/pages\/2661","targetHints":{"allow":["GET"]}}],"collection":[{"href":"https:\/\/www.flyingstreet.art\/de\/wp-json\/wp\/v2\/pages"}],"about":[{"href":"https:\/\/www.flyingstreet.art\/de\/wp-json\/wp\/v2\/types\/page"}],"author":[{"embeddable":true,"href":"https:\/\/www.flyingstreet.art\/de\/wp-json\/wp\/v2\/users\/1"}],"replies":[{"embeddable":true,"href":"https:\/\/www.flyingstreet.art\/de\/wp-json\/wp\/v2\/comments?post=2661"}],"version-history":[{"count":11,"href":"https:\/\/www.flyingstreet.art\/de\/wp-json\/wp\/v2\/pages\/2661\/revisions"}],"predecessor-version":[{"id":4369,"href":"https:\/\/www.flyingstreet.art\/de\/wp-json\/wp\/v2\/pages\/2661\/revisions\/4369"}],"up":[{"embeddable":true,"href":"https:\/\/www.flyingstreet.art\/de\/wp-json\/wp\/v2\/pages\/2670"}],"wp:featuredmedia":[{"embeddable":true,"href":"https:\/\/www.flyingstreet.art\/de\/wp-json\/wp\/v2\/media\/2105"}],"wp:attachment":[{"href":"https:\/\/www.flyingstreet.art\/de\/wp-json\/wp\/v2\/media?parent=2661"}],"curies":[{"name":"wp","href":"https:\/\/api.w.org\/{rel}","templated":true}]}}