{"id":2654,"date":"2021-03-11T21:22:09","date_gmt":"2021-03-11T20:22:09","guid":{"rendered":"https:\/\/www.flyingstreet.art\/magnolia\/"},"modified":"2025-01-12T13:28:56","modified_gmt":"2025-01-12T12:28:56","slug":"magnolia","status":"publish","type":"page","link":"https:\/\/www.flyingstreet.art\/de\/acts\/magnolia\/","title":{"rendered":"Magnolia"},"content":{"rendered":"\n\t<div id=\"gap-1872935517\" class=\"gap-element clearfix\" style=\"display:block; height:auto;\">\n\t\t\n<style>\n#gap-1872935517 {\n  padding-top: 30px;\n}\n<\/style>\n\t<\/div>\n\t\n\n  <div id=\"page-header-1923678958\" class=\"page-header-wrapper\">\n  <div class=\"page-title dark normal-title has-parallax box-shadow-2\">\n\n        <div class=\"page-title-bg\">\n      <div class=\"title-bg fill bg-fill\"\n        data-parallax-container=\".page-title\"\n        data-parallax-background\n        data-parallax=\"-6\">\n      <\/div>\n      <div class=\"title-overlay fill\"><\/div>\n    <\/div>\n    \n    <div class=\"page-title-inner container align-center text-center flex-row-col medium-flex-wrap\" >\n              <div class=\"title-wrapper flex-col\">\n          <h1 class=\"entry-title mb-0\">\n            Magnolia          <\/h1>\n        <\/div>\n                <div class=\"page-title-sub op-7 flex-col\">\n          <p class=\"lead\">Tuch-Trapez<\/p>\n        <\/div>\n                    <div class=\"title-content flex-col\">\n        <ul class=\"nav sm-touch-scroll nav-size-smaller nav-pills nav-uppercase text-center nav-center\"><li class=\"nav-single-page hidden\"><\/li><\/ul>      <\/div>\n    <\/div>\n\n     \n<style>\n#page-header-1923678958 .title-bg {\n  background-image: url(https:\/\/www.flyingstreet.art\/wp-content\/uploads\/2024\/01\/website-header-3-1-scaled.jpeg);\n  background-position: 54% 58%;\n}\n#page-header-1923678958 .title-overlay {\n  background-color: rgba(255, 255, 255, 0);\n}\n<\/style>\n  <\/div>\n    <\/div>\n  \n\n\t<div id=\"gap-181861846\" class=\"gap-element clearfix\" style=\"display:block; height:auto;\">\n\t\t\n<style>\n#gap-181861846 {\n  padding-top: 30px;\n}\n<\/style>\n\t<\/div>\n\t\n\n\n  <div class=\"banner has-hover has-video\" id=\"banner-1782705621\">\n          <div class=\"banner-inner fill\">\n        <div class=\"banner-bg fill\" >\n                        \t<div class=\"video-overlay no-click fill visible\"><\/div>\n\t<video class=\"video-bg fill visible\" preload playsinline autoplay muted loop>\n\t\t<source src=\"https:\/\/www.sol-air.nl\/wp-content\/uploads\/2021\/03\/Solo-Magnolia-Tuchtrapez.mp4\" type=\"video\/mp4\">\t<\/video>\n                        \n                    <\/div>\n\t\t\n        <div class=\"banner-layers container\">\n            <div class=\"fill banner-link\"><\/div>            \n\n\n        <\/div>\n      <\/div>\n\n            \n<style>\n#banner-1782705621 {\n  padding-top: 500px;\n}\n<\/style>\n  <\/div>\n\n\n\t<div id=\"gap-199745719\" class=\"gap-element clearfix\" style=\"display:block; height:auto;\">\n\t\t\n<style>\n#gap-199745719 {\n  padding-top: 30px;\n}\n<\/style>\n\t<\/div>\n\t\n\n\n\t<section class=\"section\" id=\"section_983803423\">\n\t\t<div class=\"section-bg fill\" >\n\t\t\t\t\t\t\t\t\t<div class=\"section-bg-overlay absolute fill\"><\/div>\n\t\t\t\n\n\t\t<\/div>\n\n\t\t\n\n\t\t<div class=\"section-content relative\">\n\t\t\t\n\n<div class=\"row\"  id=\"row-646338547\">\n\n\n\t<div id=\"col-1546880450\" class=\"col medium-6 small-12 large-6\"  >\n\t\t\t\t<div class=\"col-inner\"  >\n\t\t\t\n\t\t\t\n\n<h2>Magnolia<\/h2>\n<p>\u201eEine Magnolienknospe erbl\u00fcht und ein bezaubernder Tanz beginnt in dieser wundersch\u00f6nen Blume\u201c<\/p>\n<p>Magnolia ist ein international anerkannter Act und hat bereits mehrere Preise gewonnen. Der Tanz mit der magischen und flie\u00dfenden Leichtigkeit der T\u00fccher wird mit der dramatischen Kunst des Trapezes kombiniert, ohne den Boden zu ber\u00fchren.<\/p>\n<p>Dieser magische Luftakt wird mit einem speziell entwickelten Trapez in Kombination mit T\u00fcchern ausgef\u00fchrt.&nbsp;<\/p>\n<p>Magnolia wird solo oder synchron aufgef\u00fchrt und kann drinnen und drau\u00dfen aufgef\u00fchrt werden. Dieser Act eignet sich besonders f\u00fcr ein Festival, aber auch f\u00fcr alle Arten von Firmenveranstaltungen oder Partys.<\/p>\n\n\t\t<\/div>\n\t\t\t\t\t<\/div>\n\n\t\n\n\t<div id=\"col-756203509\" class=\"col medium-6 small-12 large-6\"  >\n\t\t\t\t<div class=\"col-inner\"  >\n\t\t\t\n\t\t\t\n\n\t<div class=\"img has-hover x md-x lg-x y md-y lg-y\" id=\"image_245883890\">\n\t\t\t\t\t\t\t\t<div class=\"img-inner image-cover dark\" style=\"padding-top:100%;\">\n\t\t\t<img loading=\"lazy\" decoding=\"async\" width=\"1020\" height=\"680\" src=\"https:\/\/www.flyingstreet.art\/wp-content\/uploads\/2021\/10\/20210829_Fest_102-1200x800.jpg\" class=\"attachment-large size-large\" alt=\"\" srcset=\"https:\/\/www.flyingstreet.art\/wp-content\/uploads\/2021\/10\/20210829_Fest_102-1200x800.jpg 1200w, https:\/\/www.flyingstreet.art\/wp-content\/uploads\/2021\/10\/20210829_Fest_102-600x400.jpg 600w, https:\/\/www.flyingstreet.art\/wp-content\/uploads\/2021\/10\/20210829_Fest_102-768x512.jpg 768w, https:\/\/www.flyingstreet.art\/wp-content\/uploads\/2021\/10\/20210829_Fest_102-391x260.jpg 391w, https:\/\/www.flyingstreet.art\/wp-content\/uploads\/2021\/10\/20210829_Fest_102-1536x1024.jpg 1536w, https:\/\/www.flyingstreet.art\/wp-content\/uploads\/2021\/10\/20210829_Fest_102-2048x1365.jpg 2048w\" sizes=\"auto, (max-width: 1020px) 100vw, 1020px\" \/>\t\t\t\t\t\t\n\t\t\t\t\t<\/div>\n\t\t\t\t\t\t\t\t\n<style>\n#image_245883890 {\n  width: 100%;\n}\n<\/style>\n\t<\/div>\n\t\n\n\n\t\t<\/div>\n\t\t\t\t\t<\/div>\n\n\t\n\n\n<style>\n#row-646338547 > .col > .col-inner {\n  padding: 0px 15px 0px 15px;\n}\n<\/style>\n<\/div>\n\t<a class=\"paoc-popup-click paoc-popup-cust-2907 paoc-popup-button paoc-popup-btn \" href=\"javascript:void(0);\">Anfrage schicken<\/a>\r\n\n\n\t\t<\/div>\n\n\t\t\n<style>\n#section_983803423 {\n  padding-top: 30px;\n  padding-bottom: 30px;\n}\n#section_983803423 .section-bg-overlay {\n  background-color: rgba(17, 50, 196, 0.5);\n}\n<\/style>\n\t<\/section>\n\t\n\t<div id=\"gap-1751127667\" class=\"gap-element clearfix\" style=\"display:block; height:auto;\">\n\t\t\n<style>\n#gap-1751127667 {\n  padding-top: 30px;\n}\n<\/style>\n\t<\/div>\n\t\n\n<div class=\"slider-wrapper relative hide-for-medium\" id=\"slider-694635498\" >\n    <div class=\"slider slider-type-fade slider-nav-circle slider-nav-large slider-nav-light slider-style-normal slider-show-nav\"\n        data-flickity-options='{\n            \"cellAlign\": \"center\",\n            \"imagesLoaded\": true,\n            \"lazyLoad\": 1,\n            \"freeScroll\": false,\n            \"wrapAround\": true,\n            \"autoPlay\": 6000,\n            \"pauseAutoPlayOnHover\" : true,\n            \"prevNextButtons\": true,\n            \"contain\" : true,\n            \"adaptiveHeight\" : true,\n            \"dragThreshold\" : 10,\n            \"percentPosition\": true,\n            \"pageDots\": true,\n            \"rightToLeft\": false,\n            \"draggable\": true,\n            \"selectedAttraction\": 0.1,\n            \"parallax\" : 0,\n            \"friction\": 0.6        }'\n        >\n        \n\n\t<div class=\"img has-hover x md-x lg-x y md-y lg-y\" id=\"image_84275724\">\n\t\t<a class=\"image-lightbox lightbox-gallery\" title=\"Magnolia Dans Trapeze\" href=\"https:\/\/www.flyingstreet.art\/wp-content\/uploads\/2021\/03\/Magnolia-3-1200x800.jpg\">\t\t\t\t\t\t<div class=\"img-inner image-cover dark\" style=\"padding-top:50%;margin:0px 80px 0px 80px;\">\n\t\t\t<img loading=\"lazy\" decoding=\"async\" width=\"1020\" height=\"680\" src=\"https:\/\/www.flyingstreet.art\/wp-content\/uploads\/2021\/03\/Magnolia-3-1200x800.jpg\" class=\"attachment-large size-large\" alt=\"\" srcset=\"https:\/\/www.flyingstreet.art\/wp-content\/uploads\/2021\/03\/Magnolia-3-1200x800.jpg 1200w, https:\/\/www.flyingstreet.art\/wp-content\/uploads\/2021\/03\/Magnolia-3-600x400.jpg 600w, https:\/\/www.flyingstreet.art\/wp-content\/uploads\/2021\/03\/Magnolia-3-768x512.jpg 768w, https:\/\/www.flyingstreet.art\/wp-content\/uploads\/2021\/03\/Magnolia-3-391x260.jpg 391w, https:\/\/www.flyingstreet.art\/wp-content\/uploads\/2021\/03\/Magnolia-3-1536x1024.jpg 1536w, https:\/\/www.flyingstreet.art\/wp-content\/uploads\/2021\/03\/Magnolia-3.jpg 2048w\" sizes=\"auto, (max-width: 1020px) 100vw, 1020px\" \/>\t\t\t\t\t\t\n\t\t\t\t\t\t\t<div class=\"caption\">Magnolia Dans Trapeze<\/div>\n\t\t\t\t\t<\/div>\n\t\t\t\t\t\t<\/a>\t\t\n<style>\n#image_84275724 {\n  width: 100%;\n}\n<\/style>\n\t<\/div>\n\t\n\n\t<div class=\"img has-hover x md-x lg-x y md-y lg-y\" id=\"image_1705251875\">\n\t\t<a class=\"image-lightbox lightbox-gallery\" title=\"Magnolia Dans Trapeze\" href=\"https:\/\/www.flyingstreet.art\/wp-content\/uploads\/2021\/03\/Magnolia-4.jpg\">\t\t\t\t\t\t<div class=\"img-inner image-cover dark\" style=\"padding-top:50%;margin:0px 80px 0px 80px;\">\n\t\t\t<img loading=\"lazy\" decoding=\"async\" width=\"1020\" height=\"680\" src=\"https:\/\/www.flyingstreet.art\/wp-content\/uploads\/2021\/03\/Magnolia-4-1200x800.jpg\" class=\"attachment-large size-large\" alt=\"\" srcset=\"https:\/\/www.flyingstreet.art\/wp-content\/uploads\/2021\/03\/Magnolia-4-1200x800.jpg 1200w, https:\/\/www.flyingstreet.art\/wp-content\/uploads\/2021\/03\/Magnolia-4-600x400.jpg 600w, https:\/\/www.flyingstreet.art\/wp-content\/uploads\/2021\/03\/Magnolia-4-768x512.jpg 768w, https:\/\/www.flyingstreet.art\/wp-content\/uploads\/2021\/03\/Magnolia-4-391x260.jpg 391w, https:\/\/www.flyingstreet.art\/wp-content\/uploads\/2021\/03\/Magnolia-4-1536x1024.jpg 1536w, https:\/\/www.flyingstreet.art\/wp-content\/uploads\/2021\/03\/Magnolia-4.jpg 2048w\" sizes=\"auto, (max-width: 1020px) 100vw, 1020px\" \/>\t\t\t\t\t\t\n\t\t\t\t\t\t\t<div class=\"caption\">Magnolia Dans Trapeze<\/div>\n\t\t\t\t\t<\/div>\n\t\t\t\t\t\t<\/a>\t\t\n<style>\n#image_1705251875 {\n  width: 100%;\n}\n<\/style>\n\t<\/div>\n\t\n\n\t<div class=\"img has-hover x md-x lg-x y md-y lg-y\" id=\"image_46721574\">\n\t\t<a class=\"image-lightbox lightbox-gallery\" title=\"Magnolia Dans Trapeze\" href=\"https:\/\/www.flyingstreet.art\/wp-content\/uploads\/2021\/03\/Magnolia-8.jpg\">\t\t\t\t\t\t<div class=\"img-inner image-cover dark\" style=\"padding-top:50%;margin:0px 80px 0px 80px;\">\n\t\t\t<img loading=\"lazy\" decoding=\"async\" width=\"533\" height=\"800\" src=\"https:\/\/www.flyingstreet.art\/wp-content\/uploads\/2021\/03\/Magnolia-8-533x800.jpg\" class=\"attachment-large size-large\" alt=\"\" srcset=\"https:\/\/www.flyingstreet.art\/wp-content\/uploads\/2021\/03\/Magnolia-8-533x800.jpg 533w, https:\/\/www.flyingstreet.art\/wp-content\/uploads\/2021\/03\/Magnolia-8-267x400.jpg 267w, https:\/\/www.flyingstreet.art\/wp-content\/uploads\/2021\/03\/Magnolia-8-768x1152.jpg 768w, https:\/\/www.flyingstreet.art\/wp-content\/uploads\/2021\/03\/Magnolia-8-1024x1536.jpg 1024w, https:\/\/www.flyingstreet.art\/wp-content\/uploads\/2021\/03\/Magnolia-8-600x900.jpg 600w, https:\/\/www.flyingstreet.art\/wp-content\/uploads\/2021\/03\/Magnolia-8.jpg 1365w\" sizes=\"auto, (max-width: 533px) 100vw, 533px\" \/>\t\t\t\t\t\t\n\t\t\t\t\t\t\t<div class=\"caption\">Magnolia Dans Trapeze<\/div>\n\t\t\t\t\t<\/div>\n\t\t\t\t\t\t<\/a>\t\t\n<style>\n#image_46721574 {\n  width: 100%;\n}\n<\/style>\n\t<\/div>\n\t\n\n\t<div class=\"img has-hover x md-x lg-x y md-y lg-y\" id=\"image_803641939\">\n\t\t\t\t\t\t\t\t<div class=\"img-inner image-cover dark\" style=\"padding-top:50%;margin:0px 80px 0px 80px;\">\n\t\t\t<img loading=\"lazy\" decoding=\"async\" width=\"533\" height=\"800\" src=\"https:\/\/www.flyingstreet.art\/wp-content\/uploads\/2021\/03\/Magnolia-1-533x800.jpg\" class=\"attachment-large size-large\" alt=\"\" srcset=\"https:\/\/www.flyingstreet.art\/wp-content\/uploads\/2021\/03\/Magnolia-1-533x800.jpg 533w, https:\/\/www.flyingstreet.art\/wp-content\/uploads\/2021\/03\/Magnolia-1-267x400.jpg 267w, https:\/\/www.flyingstreet.art\/wp-content\/uploads\/2021\/03\/Magnolia-1-768x1152.jpg 768w, https:\/\/www.flyingstreet.art\/wp-content\/uploads\/2021\/03\/Magnolia-1-1024x1536.jpg 1024w, https:\/\/www.flyingstreet.art\/wp-content\/uploads\/2021\/03\/Magnolia-1-600x900.jpg 600w, https:\/\/www.flyingstreet.art\/wp-content\/uploads\/2021\/03\/Magnolia-1.jpg 1120w\" sizes=\"auto, (max-width: 533px) 100vw, 533px\" \/>\t\t\t\t\t\t\n\t\t\t\t\t<\/div>\n\t\t\t\t\t\t\t\t\n<style>\n#image_803641939 {\n  width: 100%;\n}\n<\/style>\n\t<\/div>\n\t\n\n\n     <\/div>\n\n     <div class=\"loading-spin dark large centered\"><\/div>\n\n\t<\/div>\n\n\n\t<div id=\"gap-507867239\" class=\"gap-element clearfix\" style=\"display:block; height:auto;\">\n\t\t\n<style>\n#gap-507867239 {\n  padding-top: 30px;\n}\n<\/style>\n\t<\/div>\n\t\n\n\n\t<section class=\"section\" id=\"section_208061530\">\n\t\t<div class=\"section-bg fill\" >\n\t\t\t\t\t\t\t\t\t<div class=\"section-bg-overlay absolute fill\"><\/div>\n\t\t\t\n\t<div class=\"is-border\"\n\t\tstyle=\"border-color:rgb(235, 235, 235);border-width:0px 0px 0px 0px;\">\n\t<\/div>\n\n\t\t<\/div>\n\n\t\t\n\n\t\t<div class=\"section-content relative\">\n\t\t\t\n\n<div class=\"row\"  id=\"row-196633765\">\n\n\n\t<div id=\"col-488411808\" class=\"col medium-6 small-12 large-6\"  >\n\t\t\t\t<div class=\"col-inner\"  >\n\t\t\t\n\t\t\t\n\n<h2 style=\"text-align: left;\"><strong>Erforderliche Technik<\/strong><\/h2>\n<p style=\"text-align: left;\">Dieser Act ben\u00f6tigt zur Aufh\u00e4ngung einen mobilen H\u00e4ngepunkt, z.B. einen Motor (C1 oder D8+), Counterweight oder einen <strong>Kran.<\/strong> <br \/>Der mobile H\u00e4ngepunkt wird an einem festen Punkt befestigt. Dieser feste Punkt kann unser <strong>Trapezger\u00fcst, <\/strong>eine Stahlkonstruktion oder sogar ein Baum sein.<\/p>\n<ul style=\"text-align: left;\">\n<li style=\"text-align: left;\">Frei bespielbarer Boden: 2m x 2m<\/li>\n<li style=\"text-align: left;\">Tragkraft pro H\u00e4ngepunkt: 500 kg<\/li>\n<li style=\"text-align: left;\">Anzahl H\u00e4ngepunkte: 1&nbsp;<\/li>\n<\/ul>\n<p style=\"text-align: left;\">Flying Streetart kann eine eigene <strong>Musikanlage<\/strong> mitbringen.<\/p>\n<p class=\"p1\"><span class=\"s1\"><b>Kontaktieren Sie uns f\u00fcr ein Angebot!<\/b><\/span><\/p>\n\n\t\t<\/div>\n\t\t\t\t\t<\/div>\n\n\t\n\n\t<div id=\"col-1676362500\" class=\"col medium-6 small-12 large-6\"  >\n\t\t\t\t<div class=\"col-inner\"  >\n\t\t\t\n\t\t\t\n\n\t<div class=\"img has-hover x md-x lg-x y md-y lg-y\" id=\"image_2000483005\">\n\t\t\t\t\t\t\t\t<div class=\"img-inner dark\" style=\"margin:30px 0px 0px 0px;\">\n\t\t\t<img loading=\"lazy\" decoding=\"async\" width=\"1020\" height=\"680\" src=\"https:\/\/www.flyingstreet.art\/wp-content\/uploads\/2021\/10\/20210829_Fest_99-1200x800.jpg\" class=\"attachment-large size-large\" alt=\"\" srcset=\"https:\/\/www.flyingstreet.art\/wp-content\/uploads\/2021\/10\/20210829_Fest_99-1200x800.jpg 1200w, https:\/\/www.flyingstreet.art\/wp-content\/uploads\/2021\/10\/20210829_Fest_99-600x400.jpg 600w, https:\/\/www.flyingstreet.art\/wp-content\/uploads\/2021\/10\/20210829_Fest_99-768x512.jpg 768w, https:\/\/www.flyingstreet.art\/wp-content\/uploads\/2021\/10\/20210829_Fest_99-391x260.jpg 391w, https:\/\/www.flyingstreet.art\/wp-content\/uploads\/2021\/10\/20210829_Fest_99-1536x1024.jpg 1536w, https:\/\/www.flyingstreet.art\/wp-content\/uploads\/2021\/10\/20210829_Fest_99-2048x1365.jpg 2048w\" sizes=\"auto, (max-width: 1020px) 100vw, 1020px\" \/>\t\t\t\t\t\t\n\t\t\t\t\t<\/div>\n\t\t\t\t\t\t\t\t\n<style>\n#image_2000483005 {\n  width: 100%;\n}\n<\/style>\n\t<\/div>\n\t\n\n\n\t\t<\/div>\n\t\t\t\t\t<\/div>\n\n\t\n\n\n<style>\n#row-196633765 > .col > .col-inner {\n  padding: 0px 15px 0px 15px;\n}\n<\/style>\n<\/div>\n<a href=\"https:\/\/www.flyingstreet.art\/wp-content\/uploads\/2025\/01\/Magnolia-Tuch-Trapez-Technischer-Rider.pdf\" target=\"_blank\" class=\"button primary\" rel=\"noopener\" >\n\t\t<span>Rider Ger\u00fcst (.pdf)<\/span>\n\t<\/a>\n\n\n<a href=\"https:\/\/www.flyingstreet.art\/wp-content\/uploads\/2025\/01\/Mobiler-Hangepunkt-technische-Rider.pdf\" target=\"_blank\" class=\"button primary\" rel=\"noopener\" >\n\t\t<span>Mobiler H\u00e4ngepunkt (.pdf)<\/span>\n\t<\/a>\n\n\n\n\t\t<\/div>\n\n\t\t\n<style>\n#section_208061530 {\n  padding-top: 30px;\n  padding-bottom: 30px;\n  min-height: 300px;\n}\n#section_208061530 .section-bg-overlay {\n  background-color: rgba(17, 50, 196, 0.5);\n}\n<\/style>\n\t<\/section>\n\t\n\t<div id=\"gap-854694241\" class=\"gap-element clearfix\" style=\"display:block; height:auto;\">\n\t\t\n<style>\n#gap-854694241 {\n  padding-top: 30px;\n}\n<\/style>\n\t<\/div>\n\t\n\n\n","protected":false},"excerpt":{"rendered":"","protected":false},"author":1,"featured_media":2197,"parent":2670,"menu_order":0,"comment_status":"closed","ping_status":"closed","template":"","meta":{"content-type":"","_monsterinsights_skip_tracking":false,"_monsterinsights_sitenote_active":false,"_monsterinsights_sitenote_note":"","_monsterinsights_sitenote_category":0,"ngg_post_thumbnail":0,"footnotes":""},"class_list":["post-2654","page","type-page","status-publish","has-post-thumbnail","hentry"],"aioseo_notices":[],"_links":{"self":[{"href":"https:\/\/www.flyingstreet.art\/de\/wp-json\/wp\/v2\/pages\/2654","targetHints":{"allow":["GET"]}}],"collection":[{"href":"https:\/\/www.flyingstreet.art\/de\/wp-json\/wp\/v2\/pages"}],"about":[{"href":"https:\/\/www.flyingstreet.art\/de\/wp-json\/wp\/v2\/types\/page"}],"author":[{"embeddable":true,"href":"https:\/\/www.flyingstreet.art\/de\/wp-json\/wp\/v2\/users\/1"}],"replies":[{"embeddable":true,"href":"https:\/\/www.flyingstreet.art\/de\/wp-json\/wp\/v2\/comments?post=2654"}],"version-history":[{"count":18,"href":"https:\/\/www.flyingstreet.art\/de\/wp-json\/wp\/v2\/pages\/2654\/revisions"}],"predecessor-version":[{"id":4368,"href":"https:\/\/www.flyingstreet.art\/de\/wp-json\/wp\/v2\/pages\/2654\/revisions\/4368"}],"up":[{"embeddable":true,"href":"https:\/\/www.flyingstreet.art\/de\/wp-json\/wp\/v2\/pages\/2670"}],"wp:featuredmedia":[{"embeddable":true,"href":"https:\/\/www.flyingstreet.art\/de\/wp-json\/wp\/v2\/media\/2197"}],"wp:attachment":[{"href":"https:\/\/www.flyingstreet.art\/de\/wp-json\/wp\/v2\/media?parent=2654"}],"curies":[{"name":"wp","href":"https:\/\/api.w.org\/{rel}","templated":true}]}}